{"id":309010,"date":"2023-12-16T16:14:59","date_gmt":"2023-12-16T15:14:59","guid":{"rendered":"https:\/\/collection.galerie-gerdes.com\/produkt\/paisagem-de-inverno-pintura-de-willy-link\/"},"modified":"2023-12-16T16:14:59","modified_gmt":"2023-12-16T15:14:59","slug":"paisagem-de-inverno-pintura-de-willy-link","status":"publish","type":"product","link":"https:\/\/collection.galerie-gerdes.com\/pt-pt\/p\/paisagem-de-inverno-pintura-de-willy-link\/","title":{"rendered":"Paisagem de inverno, pintura de Willy Link"},"content":{"rendered":"<p>Wilhelm (Willy) Link, nascido a 13 de outubro de 1877 em Karlsruhe e falecido a 14 de maio de 1959 em Pforzheim, foi um artista alem\u00e3o vers\u00e1til que trabalhou nos dom\u00ednios da pintura, da arte gr\u00e1fica e da escultura.  <\/p>\n<p>A sua forma\u00e7\u00e3o art\u00edstica decorreu de 1897 a 1903 na Kunstgewerbeschule Karlsruhe e na Kunstakademie Karlsruhe, onde aprendeu sob a orienta\u00e7\u00e3o de Victor Weishaupt e Wilhelm Tr\u00fcbner.<\/p>\n<p>De 1913 a 1938, trabalha como professor de desenho e modela\u00e7\u00e3o na escola de ourivesaria de Pforzheim. Conhecido pela sua paix\u00e3o pela modela\u00e7\u00e3o de cavalos, recebeu a alcunha de &#8220;Pferdles-Link&#8221;. <\/p>\n<p>Em 1926, Wilhelm Link participou na exposi\u00e7\u00e3o da Secess\u00e3o de Estugarda com o seu quadro &#8220;Zehn Majoliken&#8221;. Ao longo da sua carreira, realizou tamb\u00e9m exposi\u00e7\u00f5es individuais em Pforzheim, em 1957 e 1982. <\/p>\n","protected":false},"excerpt":{"rendered":"<p>Wilhelm (Willy) Link (1877-1959)<br \/>\nDeve ser limpo.<\/p>\n","protected":false},"featured_media":7634,"template":"","meta":{"site-sidebar-layout":"default","site-content-layout":"","ast-site-content-layout":"default","site-content-style":"default","site-sidebar-style":"default","ast-global-header-display":"","ast-banner-title-visibility":"","ast-main-header-display":"","ast-hfb-above-header-display":"","ast-hfb-below-header-display":"","ast-hfb-mobile-header-display":"","site-post-title":"","ast-breadcrumbs-content":"","ast-featured-img":"","footer-sml-layout":"","ast-disable-related-posts":"","theme-transparent-header-meta":"default","adv-header-id-meta":"","stick-header-meta":"","header-above-stick-meta":"","header-main-stick-meta":"","header-below-stick-meta":"","astra-migrate-meta-layouts":"default","ast-page-background-enabled":"default","ast-page-background-meta":{"desktop":{"background-color":"var(--ast-global-color-4)","background-image":"","background-repeat":"repeat","background-position":"center center","background-size":"auto","background-attachment":"scroll","background-type":"","background-media":"","overlay-type":"","overlay-color":"","overlay-opacity":"","overlay-gradient":""},"tablet":{"background-color":"","background-image":"","background-repeat":"repeat","background-position":"center center","background-size":"auto","background-attachment":"scroll","background-type":"","background-media":"","overlay-type":"","overlay-color":"","overlay-opacity":"","overlay-gradient":""},"mobile":{"background-color":"","background-image":"","background-repeat":"repeat","background-position":"center center","background-size":"auto","background-attachment":"scroll","background-type":"","background-media":"","overlay-type":"","overlay-color":"","overlay-opacity":"","overlay-gradient":""}},"ast-content-background-meta":{"desktop":{"background-color":"var(--ast-global-color-5)","background-image":"","background-repeat":"repeat","background-position":"center center","background-size":"auto","background-attachment":"scroll","background-type":"","background-media":"","overlay-type":"","overlay-color":"","overlay-opacity":"","overlay-gradient":""},"tablet":{"background-color":"var(--ast-global-color-5)","background-image":"","background-repeat":"repeat","background-position":"center center","background-size":"auto","background-attachment":"scroll","background-type":"","background-media":"","overlay-type":"","overlay-color":"","overlay-opacity":"","overlay-gradient":""},"mobile":{"background-color":"var(--ast-global-color-5)","background-image":"","background-repeat":"repeat","background-position":"center center","background-size":"auto","background-attachment":"scroll","background-type":"","background-media":"","overlay-type":"","overlay-color":"","overlay-opacity":"","overlay-gradient":""}}},"product_brand":[],"product_cat":[739,651,653],"product_tag":[1565,1566,14796,1567,1568,14797,1569,14799,1570,14802,14795],"class_list":{"0":"post-309010","1":"product","2":"type-product","3":"status-publish","4":"has-post-thumbnail","6":"product_cat-german-pt-pt","7":"product_cat-landschaft-pt-pt","8":"product_cat-painting-pt-pt","9":"product_tag-art-pt-pt","10":"product_tag-gemalde-pt-pt","11":"product_tag-inverno","12":"product_tag-kunst-pt-pt","13":"product_tag-painting-pt-pt","14":"product_tag-paisagem","15":"product_tag-peintures-pt-pt","16":"product_tag-pintura-a-oleo","17":"product_tag-pittura-pt-pt","18":"product_tag-tela","19":"product_tag-wilhelm-link-pt-pt","20":"desktop-align-center","21":"tablet-align-left","22":"mobile-align-left","24":"first","25":"instock","26":"taxable","27":"shipping-taxable","28":"product-type-simple"},"_links":{"self":[{"href":"https:\/\/collection.galerie-gerdes.com\/pt-pt\/wp-json\/wp\/v2\/product\/309010","targetHints":{"allow":["GET"]}}],"collection":[{"href":"https:\/\/collection.galerie-gerdes.com\/pt-pt\/wp-json\/wp\/v2\/product"}],"about":[{"href":"https:\/\/collection.galerie-gerdes.com\/pt-pt\/wp-json\/wp\/v2\/types\/product"}],"wp:featuredmedia":[{"embeddable":true,"href":"https:\/\/collection.galerie-gerdes.com\/pt-pt\/wp-json\/wp\/v2\/media\/7634"}],"wp:attachment":[{"href":"https:\/\/collection.galerie-gerdes.com\/pt-pt\/wp-json\/wp\/v2\/media?parent=309010"}],"wp:term":[{"taxonomy":"product_brand","embeddable":true,"href":"https:\/\/collection.galerie-gerdes.com\/pt-pt\/wp-json\/wp\/v2\/product_brand?post=309010"},{"taxonomy":"product_cat","embeddable":true,"href":"https:\/\/collection.galerie-gerdes.com\/pt-pt\/wp-json\/wp\/v2\/product_cat?post=309010"},{"taxonomy":"product_tag","embeddable":true,"href":"https:\/\/collection.galerie-gerdes.com\/pt-pt\/wp-json\/wp\/v2\/product_tag?post=309010"}],"curies":[{"name":"wp","href":"https:\/\/api.w.org\/{rel}","templated":true}]}}