{"id":309040,"date":"2023-12-16T22:46:00","date_gmt":"2023-12-16T21:46:00","guid":{"rendered":"https:\/\/collection.galerie-gerdes.com\/produkt\/musica-de-aldeia-desenho-adolf-muenzer-homem-com-tuba\/"},"modified":"2023-12-16T22:46:00","modified_gmt":"2023-12-16T21:46:00","slug":"musica-de-aldeia-desenho-adolf-muenzer-homem-com-tuba","status":"publish","type":"product","link":"https:\/\/collection.galerie-gerdes.com\/pt-pt\/p\/musica-de-aldeia-desenho-adolf-muenzer-homem-com-tuba\/","title":{"rendered":"&#8220;M\u00fasica de aldeia&#8221;, desenho, Adolf M\u00fcnzer, homem com tuba"},"content":{"rendered":"<p>Nascido em Ple\u00df, na Alta Sil\u00e9sia, passou a inf\u00e2ncia em Breslau, ap\u00f3s a morte prematura do pai em 1876, onde frequentou o Gin\u00e1sio Matthias e come\u00e7ou a estudar com o pintor decorativo Georg Heintze em 1886. Mais tarde, continuou a sua forma\u00e7\u00e3o na Escola de Artes e Of\u00edcios de Breslau, tendo sido ensinado por professores como Heinrich Irmann, Paul Schobelt e Albrecht Br\u00e4uer.  <\/p>\n<p>Em 1894, M\u00fcnzer iniciou os seus estudos na Academia de Belas Artes de Munique, onde foi ensinado por artistas de renome como Karl Raupp e Otto Seitz. Durante o servi\u00e7o militar, junta-se \u00e0 classe de pintura de Paul Hoecker, que se dedica intensivamente \u00e0 pintura ao ar livre. Em 1896, M\u00fcnzer recebeu aqui o seu pr\u00f3prio atelier.  <\/p>\n<p>Em 1898, foi um dos dois vencedores do primeiro concurso de Ludwig Stollwerck para desenhos de quadros de cole\u00e7\u00e3o Stollwerck, com um pr\u00e9mio monet\u00e1rio de 1000 marcos. A partir de 1899, M\u00fcnzer exp\u00f5e os seus trabalhos no Glaspalast de Munique, como membro do grupo de artistas Scholle. Isto levou-o tamb\u00e9m a colaborar com o seman\u00e1rio de Munique &#8220;Jugend&#8221; e com a revista sat\u00edrica &#8220;Simplicissimus&#8221;.  <\/p>\n<p>Durante uma estadia em Paris, de 1900 a 1902, consolida o seu desenvolvimento art\u00edstico. Em 1903, conhece Marie Therese Dree\u00dfen, nascida von Vestenhof, com quem se casa um ano depois de um esc\u00e2ndalo espetacular. Este esc\u00e2ndalo levou ao div\u00f3rcio da Sra. Dree\u00dfen e do seu marido.   <\/p>\n<p>Em 1909, M\u00fcnzer tornou-se diretor de uma classe de pintura na Academia de Arte de D\u00fcsseldorf, onde leccionou at\u00e9 1932. Durante este per\u00edodo, tamb\u00e9m criou murais e pinturas de teto para o governo do distrito de D\u00fcsseldorf. Durante a Primeira Guerra Mundial, serviu como pintor de guerra na frente de batalha em 1915 e foi volunt\u00e1rio em 1917, mas n\u00e3o chegou a entrar em a\u00e7\u00e3o.  <\/p>\n<p>Em 1938, a fam\u00edlia M\u00fcnzer mudou-se para Holzhausen am Ammersee. As obras de M\u00fcnzer foram expostas em v\u00e1rios museus e colec\u00e7\u00f5es de renome, incluindo a Neue Pinakothek em Munique, o Wallraf-Richartz-Museum em Col\u00f3nia, o St\u00e4dtisches Kunstmuseum D\u00fcsseldorf e a cole\u00e7\u00e3o do Kunstverein Basel. <\/p>\n<p>Entre 1938 e 1944, M\u00fcnzer participou ativamente nas Grandes Exposi\u00e7\u00f5es de Arte Alem\u00e3 iniciadas pelos nacional-socialistas na Casa da Arte Alem\u00e3 de Munique e chegou a vender uma obra a Adolf Hitler. Em 1950, exp\u00f5e trinta quadros na Cooperativa de Artistas de Munique. Em 1944, M\u00fcnzer foi inclu\u00eddo na lista dos homenageados pelo Minist\u00e9rio do Iluminismo Popular e da Propaganda do Reich.  <\/p>\n<p>O estilo narrativo de M\u00fcnzer \u00e9 evidente nos seus trabalhos gr\u00e1ficos, especialmente nas suas ilustra\u00e7\u00f5es de contos de fadas para a editora Scholz em Mainz. Foi tamb\u00e9m membro da Deutscher K\u00fcnstlerbund. <\/p>\n","protected":false},"excerpt":{"rendered":"<p>Adolf M\u00fcnzer (1870-1953)<br \/>\nSinais de idade, v\u00ea as fotos<\/p>\n","protected":false},"featured_media":7688,"template":"","meta":{"site-sidebar-layout":"default","site-content-layout":"","ast-site-content-layout":"default","site-content-style":"default","site-sidebar-style":"default","ast-global-header-display":"","ast-banner-title-visibility":"","ast-main-header-display":"","ast-hfb-above-header-display":"","ast-hfb-below-header-display":"","ast-hfb-mobile-header-display":"","site-post-title":"","ast-breadcrumbs-content":"","ast-featured-img":"","footer-sml-layout":"","ast-disable-related-posts":"","theme-transparent-header-meta":"default","adv-header-id-meta":"","stick-header-meta":"","header-above-stick-meta":"","header-main-stick-meta":"","header-below-stick-meta":"","astra-migrate-meta-layouts":"default","ast-page-background-enabled":"default","ast-page-background-meta":{"desktop":{"background-color":"var(--ast-global-color-4)","background-image":"","background-repeat":"repeat","background-position":"center center","background-size":"auto","background-attachment":"scroll","background-type":"","background-media":"","overlay-type":"","overlay-color":"","overlay-opacity":"","overlay-gradient":""},"tablet":{"background-color":"","background-image":"","background-repeat":"repeat","background-position":"center center","background-size":"auto","background-attachment":"scroll","background-type":"","background-media":"","overlay-type":"","overlay-color":"","overlay-opacity":"","overlay-gradient":""},"mobile":{"background-color":"","background-image":"","background-repeat":"repeat","background-position":"center center","background-size":"auto","background-attachment":"scroll","background-type":"","background-media":"","overlay-type":"","overlay-color":"","overlay-opacity":"","overlay-gradient":""}},"ast-content-background-meta":{"desktop":{"background-color":"var(--ast-global-color-5)","background-image":"","background-repeat":"repeat","background-position":"center center","background-size":"auto","background-attachment":"scroll","background-type":"","background-media":"","overlay-type":"","overlay-color":"","overlay-opacity":"","overlay-gradient":""},"tablet":{"background-color":"var(--ast-global-color-5)","background-image":"","background-repeat":"repeat","background-position":"center center","background-size":"auto","background-attachment":"scroll","background-type":"","background-media":"","overlay-type":"","overlay-color":"","overlay-opacity":"","overlay-gradient":""},"mobile":{"background-color":"var(--ast-global-color-5)","background-image":"","background-repeat":"repeat","background-position":"center center","background-size":"auto","background-attachment":"scroll","background-type":"","background-media":"","overlay-type":"","overlay-color":"","overlay-opacity":"","overlay-gradient":""}}},"product_brand":[],"product_cat":[739,653],"product_tag":[14876,14879,1565,14880,1566,1567,1568,1569,1570],"class_list":{"0":"post-309040","1":"product","2":"type-product","3":"status-publish","4":"has-post-thumbnail","6":"product_cat-german-pt-pt","7":"product_cat-painting-pt-pt","8":"product_tag-adolf-muenzer-pt-pt","9":"product_tag-alemao","10":"product_tag-art-pt-pt","11":"product_tag-desenho","12":"product_tag-gemalde-pt-pt","13":"product_tag-kunst-pt-pt","14":"product_tag-painting-pt-pt","15":"product_tag-peintures-pt-pt","16":"product_tag-pittura-pt-pt","17":"desktop-align-center","18":"tablet-align-left","19":"mobile-align-left","21":"first","22":"instock","23":"taxable","24":"shipping-taxable","25":"product-type-simple"},"_links":{"self":[{"href":"https:\/\/collection.galerie-gerdes.com\/pt-pt\/wp-json\/wp\/v2\/product\/309040","targetHints":{"allow":["GET"]}}],"collection":[{"href":"https:\/\/collection.galerie-gerdes.com\/pt-pt\/wp-json\/wp\/v2\/product"}],"about":[{"href":"https:\/\/collection.galerie-gerdes.com\/pt-pt\/wp-json\/wp\/v2\/types\/product"}],"wp:featuredmedia":[{"embeddable":true,"href":"https:\/\/collection.galerie-gerdes.com\/pt-pt\/wp-json\/wp\/v2\/media\/7688"}],"wp:attachment":[{"href":"https:\/\/collection.galerie-gerdes.com\/pt-pt\/wp-json\/wp\/v2\/media?parent=309040"}],"wp:term":[{"taxonomy":"product_brand","embeddable":true,"href":"https:\/\/collection.galerie-gerdes.com\/pt-pt\/wp-json\/wp\/v2\/product_brand?post=309040"},{"taxonomy":"product_cat","embeddable":true,"href":"https:\/\/collection.galerie-gerdes.com\/pt-pt\/wp-json\/wp\/v2\/product_cat?post=309040"},{"taxonomy":"product_tag","embeddable":true,"href":"https:\/\/collection.galerie-gerdes.com\/pt-pt\/wp-json\/wp\/v2\/product_tag?post=309040"}],"curies":[{"name":"wp","href":"https:\/\/api.w.org\/{rel}","templated":true}]}}