{"id":346,"date":"2023-12-25T09:54:09","date_gmt":"2023-12-25T08:54:09","guid":{"rendered":"https:\/\/collection.galerie-gerdes.com\/?post_type=product&#038;p=346"},"modified":"2024-04-24T14:06:19","modified_gmt":"2024-04-24T12:06:19","slug":"paul-marie-vuillard-1948","status":"publish","type":"product","link":"https:\/\/collection.galerie-gerdes.com\/pt-pt\/p\/paul-marie-vuillard-1948\/","title":{"rendered":"Weiblicher R\u00fcckenakt, Paul-Marie Vuillard, Franz\u00f6sisches Gem\u00e4lde, Aquarell"},"content":{"rendered":"<p>Paul-Marie Vuillard spezialisierte sich auf die Aktmalerei in Aquarell, wobei er stets mit Modellen arbeitete. Indem er mit Licht und Schatten spielte, erm\u00f6glichte er den Augen des Betrachters, die K\u00f6rperformen nachzubilden. Er entwickelte auch einen sehr farbenfrohen Stil der \u00d6lmalerei, indem er die rohen Pigmente direkt auf der Leinwand verarbeitete und so kr\u00e4ftige Farben erzielte.<\/p>\n<p>&nbsp;<\/p>\n<p>Ausstellungen:<\/p>\n<p>Gangloff \u2013 Mulhouse 1992<\/p>\n<p>Galerie \u201cGalerieli\u201d, B\u00e2le (CH) 1998<\/p>\n<p>Galerie \u201cEric Trunk\u201d Riedisheim 1999<\/p>\n<p>Galerie \u201cLes pinceaux noirs\u201d Mulhouse 2002<\/p>\n<p>Galerie Noodleb\u00e4rg Basel (CH) 2003 \/ 2006 \/ 2012<\/p>\n<p>Galerie \u201cUn matin de Mai\u201d Mulhouse 2004<\/p>\n<p>Cite Hof \u201eLa maison jaune\u201c Riedisheim 2005 \/ 2008<\/p>\n<p>Salle de l\u2019Arsenal \u2013Kaysersberg (F) 2007 \/ 2010 \/ 2013<\/p>\n<p>Salle de la Decapode \u2013 Turkheim (F) 2007<\/p>\n<p>Galerie 21 \u2013 Altkirch 2012<\/p>\n<p>Galerie du jardin \u2013 Paris 2014<\/p>\n<p>Les chemins de l\u2019art sacr\u00e9 Abbaye de Murbach 2014<\/p>\n<p>Art 3f Mulhouse 2013 \/ Nice 2014<\/p>\n<p>Preise:<\/p>\n<p>Prix d\u2019aquarelle \u00e0 Wittelsheim (1983)<\/p>\n<p>Colmar, Illfurth, Thann (2000), Brunstatt (2001)<\/p>\n<p>Cernay(2003), Saint-Amarin (2021)<\/p>\n<p>Prix de peinture \u00e0 l\u2019huile \u00e0 Saint-Louis (1991), Belfort (1989)<\/p>\n","protected":false},"excerpt":{"rendered":"<p>Paul-Marie Vuillard (1948)<br \/>\nHinter Glas gerahmt. Glas hat einzelne Macken. Rahmen berieben.<\/p>\n","protected":false},"featured_media":347,"template":"","meta":{"site-sidebar-layout":"default","site-content-layout":"","ast-site-content-layout":"default","site-content-style":"default","site-sidebar-style":"default","ast-global-header-display":"","ast-banner-title-visibility":"","ast-main-header-display":"","ast-hfb-above-header-display":"","ast-hfb-below-header-display":"","ast-hfb-mobile-header-display":"","site-post-title":"","ast-breadcrumbs-content":"","ast-featured-img":"","footer-sml-layout":"","ast-disable-related-posts":"","theme-transparent-header-meta":"default","adv-header-id-meta":"","stick-header-meta":"","header-above-stick-meta":"","header-main-stick-meta":"","header-below-stick-meta":"","astra-migrate-meta-layouts":"set","ast-page-background-enabled":"default","ast-page-background-meta":{"desktop":{"background-color":"var(--ast-global-color-4)","background-image":"","background-repeat":"repeat","background-position":"center center","background-size":"auto","background-attachment":"scroll","background-type":"","background-media":"","overlay-type":"","overlay-color":"","overlay-opacity":"","overlay-gradient":""},"tablet":{"background-color":"","background-image":"","background-repeat":"repeat","background-position":"center center","background-size":"auto","background-attachment":"scroll","background-type":"","background-media":"","overlay-type":"","overlay-color":"","overlay-opacity":"","overlay-gradient":""},"mobile":{"background-color":"","background-image":"","background-repeat":"repeat","background-position":"center center","background-size":"auto","background-attachment":"scroll","background-type":"","background-media":"","overlay-type":"","overlay-color":"","overlay-opacity":"","overlay-gradient":""}},"ast-content-background-meta":{"desktop":{"background-color":"var(--ast-global-color-5)","background-image":"","background-repeat":"repeat","background-position":"center center","background-size":"auto","background-attachment":"scroll","background-type":"","background-media":"","overlay-type":"","overlay-color":"","overlay-opacity":"","overlay-gradient":""},"tablet":{"background-color":"var(--ast-global-color-5)","background-image":"","background-repeat":"repeat","background-position":"center center","background-size":"auto","background-attachment":"scroll","background-type":"","background-media":"","overlay-type":"","overlay-color":"","overlay-opacity":"","overlay-gradient":""},"mobile":{"background-color":"var(--ast-global-color-5)","background-image":"","background-repeat":"repeat","background-position":"center center","background-size":"auto","background-attachment":"scroll","background-type":"","background-media":"","overlay-type":"","overlay-color":"","overlay-opacity":"","overlay-gradient":""}}},"product_brand":[],"product_cat":[52,65,179,134],"product_tag":[364,362,363,74,361,365],"class_list":{"0":"post-346","1":"product","2":"type-product","3":"status-publish","4":"has-post-thumbnail","6":"product_cat-20th-century","7":"product_cat-franzoesisch","8":"product_cat-gemaelde","9":"product_cat-paul-marie-vuillard","10":"product_tag-art","11":"product_tag-gemalde","12":"product_tag-kunst","13":"product_tag-painting","14":"product_tag-peintures","15":"product_tag-pittura","16":"desktop-align-center","17":"tablet-align-left","18":"mobile-align-left","20":"first","21":"instock","22":"taxable","23":"shipping-taxable","24":"product-type-simple"},"_links":{"self":[{"href":"https:\/\/collection.galerie-gerdes.com\/pt-pt\/wp-json\/wp\/v2\/product\/346","targetHints":{"allow":["GET"]}}],"collection":[{"href":"https:\/\/collection.galerie-gerdes.com\/pt-pt\/wp-json\/wp\/v2\/product"}],"about":[{"href":"https:\/\/collection.galerie-gerdes.com\/pt-pt\/wp-json\/wp\/v2\/types\/product"}],"wp:featuredmedia":[{"embeddable":true,"href":"https:\/\/collection.galerie-gerdes.com\/pt-pt\/wp-json\/wp\/v2\/media\/347"}],"wp:attachment":[{"href":"https:\/\/collection.galerie-gerdes.com\/pt-pt\/wp-json\/wp\/v2\/media?parent=346"}],"wp:term":[{"taxonomy":"product_brand","embeddable":true,"href":"https:\/\/collection.galerie-gerdes.com\/pt-pt\/wp-json\/wp\/v2\/product_brand?post=346"},{"taxonomy":"product_cat","embeddable":true,"href":"https:\/\/collection.galerie-gerdes.com\/pt-pt\/wp-json\/wp\/v2\/product_cat?post=346"},{"taxonomy":"product_tag","embeddable":true,"href":"https:\/\/collection.galerie-gerdes.com\/pt-pt\/wp-json\/wp\/v2\/product_tag?post=346"}],"curies":[{"name":"wp","href":"https:\/\/api.w.org\/{rel}","templated":true}]}}