{"id":369084,"date":"2025-11-16T15:30:18","date_gmt":"2025-11-16T14:30:18","guid":{"rendered":"https:\/\/collection.galerie-gerdes.com\/?post_type=product&#038;p=369084"},"modified":"2026-01-07T20:03:40","modified_gmt":"2026-01-07T19:03:40","slug":"kamakura-japan-1922-aquarell-gemaelde-von-ferenc-imrey","status":"publish","type":"product","link":"https:\/\/collection.galerie-gerdes.com\/pt-pt\/p\/kamakura-japan-1922-aquarell-gemaelde-von-ferenc-imrey\/","title":{"rendered":"Kamakura, Japan, 1922 | Aquarell | Gem\u00e4lde von Ferenc Imrey"},"content":{"rendered":"<p data-start=\"66\" data-end=\"444\"><strong data-start=\"66\" data-end=\"92\">Ferenc (\u201eFrank\u201c) Imrey<\/strong> (1885\u20131963) wurde am 6. Juli 1885 in Ungarn geboren. Er erhielt seine k\u00fcnstlerische Ausbildung an der \u00c9cole des Beaux-Arts in Paris sowie an der K\u00f6niglichen Akademie in Budapest. W\u00e4hrend des Ersten Weltkriegs diente er in der k.u.k. Armee, geriet in russische Gefangenschaft und gelang ihm anschlie\u00dfend eine dramatische Flucht \u00fcber Sibirien und China.<\/p>\n<p data-start=\"446\" data-end=\"758\">Nach Kriegsende emigrierte Imrey in die Vereinigten Staaten. Ab 1923 lebte er in Los Angeles, wo er unter anderem gro\u00dfformatige Wandgem\u00e4lde f\u00fcr die Metro-Goldwyn-Mayer-Filmstudios sowie f\u00fcr das New York Hotel schuf. Sp\u00e4testens um 1940 war er als Dozent an der National School of Art in Washington, D.C., t\u00e4tig.<\/p>\n<p data-start=\"760\" data-end=\"811\">Ferenc Imrey starb im M\u00e4rz 1963 in Washington, D.C.<\/p>\n","protected":false},"excerpt":{"rendered":"<p class=\"p1\">Ferenc Imrey (1885 &#8211; 1963)<\/p>\n","protected":false},"featured_media":369279,"template":"","meta":{"site-sidebar-layout":"default","site-content-layout":"","ast-site-content-layout":"default","site-content-style":"default","site-sidebar-style":"default","ast-global-header-display":"","ast-banner-title-visibility":"","ast-main-header-display":"","ast-hfb-above-header-display":"","ast-hfb-below-header-display":"","ast-hfb-mobile-header-display":"","site-post-title":"","ast-breadcrumbs-content":"","ast-featured-img":"","footer-sml-layout":"","ast-disable-related-posts":"","theme-transparent-header-meta":"default","adv-header-id-meta":"","stick-header-meta":"","header-above-stick-meta":"","header-main-stick-meta":"","header-below-stick-meta":"","astra-migrate-meta-layouts":"set","ast-page-background-enabled":"default","ast-page-background-meta":{"desktop":{"background-color":"var(--ast-global-color-4)","background-image":"","background-repeat":"repeat","background-position":"center center","background-size":"auto","background-attachment":"scroll","background-type":"","background-media":"","overlay-type":"","overlay-color":"","overlay-opacity":"","overlay-gradient":""},"tablet":{"background-color":"","background-image":"","background-repeat":"repeat","background-position":"center center","background-size":"auto","background-attachment":"scroll","background-type":"","background-media":"","overlay-type":"","overlay-color":"","overlay-opacity":"","overlay-gradient":""},"mobile":{"background-color":"","background-image":"","background-repeat":"repeat","background-position":"center center","background-size":"auto","background-attachment":"scroll","background-type":"","background-media":"","overlay-type":"","overlay-color":"","overlay-opacity":"","overlay-gradient":""}},"ast-content-background-meta":{"desktop":{"background-color":"var(--ast-global-color-5)","background-image":"","background-repeat":"repeat","background-position":"center center","background-size":"auto","background-attachment":"scroll","background-type":"","background-media":"","overlay-type":"","overlay-color":"","overlay-opacity":"","overlay-gradient":""},"tablet":{"background-color":"var(--ast-global-color-5)","background-image":"","background-repeat":"repeat","background-position":"center center","background-size":"auto","background-attachment":"scroll","background-type":"","background-media":"","overlay-type":"","overlay-color":"","overlay-opacity":"","overlay-gradient":""},"mobile":{"background-color":"var(--ast-global-color-5)","background-image":"","background-repeat":"repeat","background-position":"center center","background-size":"auto","background-attachment":"scroll","background-type":"","background-media":"","overlay-type":"","overlay-color":"","overlay-opacity":"","overlay-gradient":""}}},"product_brand":[],"product_cat":[15295],"product_tag":[],"class_list":{"0":"post-369084","1":"product","2":"type-product","3":"status-publish","4":"has-post-thumbnail","6":"product_cat-ferenc-imrey","7":"desktop-align-center","8":"tablet-align-left","9":"mobile-align-left","11":"first","12":"instock","13":"taxable","14":"shipping-taxable","15":"product-type-simple"},"_links":{"self":[{"href":"https:\/\/collection.galerie-gerdes.com\/pt-pt\/wp-json\/wp\/v2\/product\/369084","targetHints":{"allow":["GET"]}}],"collection":[{"href":"https:\/\/collection.galerie-gerdes.com\/pt-pt\/wp-json\/wp\/v2\/product"}],"about":[{"href":"https:\/\/collection.galerie-gerdes.com\/pt-pt\/wp-json\/wp\/v2\/types\/product"}],"wp:featuredmedia":[{"embeddable":true,"href":"https:\/\/collection.galerie-gerdes.com\/pt-pt\/wp-json\/wp\/v2\/media\/369279"}],"wp:attachment":[{"href":"https:\/\/collection.galerie-gerdes.com\/pt-pt\/wp-json\/wp\/v2\/media?parent=369084"}],"wp:term":[{"taxonomy":"product_brand","embeddable":true,"href":"https:\/\/collection.galerie-gerdes.com\/pt-pt\/wp-json\/wp\/v2\/product_brand?post=369084"},{"taxonomy":"product_cat","embeddable":true,"href":"https:\/\/collection.galerie-gerdes.com\/pt-pt\/wp-json\/wp\/v2\/product_cat?post=369084"},{"taxonomy":"product_tag","embeddable":true,"href":"https:\/\/collection.galerie-gerdes.com\/pt-pt\/wp-json\/wp\/v2\/product_tag?post=369084"}],"curies":[{"name":"wp","href":"https:\/\/api.w.org\/{rel}","templated":true}]}}