{"id":4947,"date":"2024-04-05T10:59:13","date_gmt":"2024-04-05T08:59:13","guid":{"rendered":"https:\/\/collection.galerie-gerdes.com\/?post_type=product&#038;p=4947"},"modified":"2024-05-21T13:03:18","modified_gmt":"2024-05-21T11:03:18","slug":"wurzburg-1983-aquarell-von-karl-clobes","status":"publish","type":"product","link":"https:\/\/collection.galerie-gerdes.com\/pt-pt\/p\/wurzburg-1983-aquarell-von-karl-clobes\/","title":{"rendered":"W\u00fcrzburg 1983, Aquarell von Karl Clobes"},"content":{"rendered":"<p>Carl Clobes, geboren am 27. Juli 1912 in Kassel und verstorben am 15. Januar 1996 in T\u00fcckelhausen, war ein renommierter deutscher Maler, dessen Schaffen Wandmalereien, Bilder f\u00fcr \u00f6ffentliche und sakrale R\u00e4ume, Glasfenster und Mosaiken umfasste.<\/p>\n<p>Schon im Alter von acht Jahren wurde Clobes durch einen Zeichen- und Malkurs der Stadt Kassel f\u00fcr k\u00fcnstlerisch begabte Kinder gef\u00f6rdert. Von 1926 bis 1929 erlernte er das Malerhandwerk und besuchte parallel dazu die Kunstgewerbeschule in Kassel. Seine formale Ausbildung setzte er ab 1930 an der Berliner Akademie fort, wo er in der Klasse von Professor Ferdinand Spiegel studierte.<\/p>\n<p>Eine pr\u00e4gende Erfahrung f\u00fcr Clobes war eine Reise, die er 1934\/35 mit seinem Bruder in einem selbstgebauten Segelboot unternahm. Diese f\u00fchrte sie \u00fcber D\u00e4nemark nach Frankreich, Italien und bis nach Nordafrika. Zur\u00fcck in Berlin wurde er Meistersch\u00fcler an der Preu\u00dfischen Akademie der K\u00fcnste am Pariser Platz. Dort kn\u00fcpfte er zahlreiche Freundschaften, darunter mit K\u00fcnstlern wie Hubert Berke, Arnold und Paul Bode, Emy Roeder und Gustav Seitz.<\/p>\n<p>1940 bis 1941 erhielt Clobes ein Stipendium der Villa Massimo der Deutschen Akademie in Rom. Im selben Jahr heiratete er die Kunstmalerin Elisabeth Freitag und aus dieser Ehe gingen vier Kinder hervor. W\u00e4hrend des Zweiten Weltkriegs diente er von 1943 bis 1946 als Soldat der Wehrmacht und geriet in Kriegsgefangenschaft. Nach dem Krieg und der Zerst\u00f6rung ihrer Wohnung in Berlin zog die Familie 1947 nach T\u00fcckelhausen in Unterfranken.<\/p>\n<p>Clobes wurde bekannt f\u00fcr seine Gestaltung von Kirchen im Zuge des Wiederaufbaus der Di\u00f6zese W\u00fcrzburg. Er schuf Freskomalereien, Mosaiken, Glasfenster und Altarbilder in neu errichteten Kirchen sowie bei Renovierungsprojekten. Seine Werke fanden sich nicht nur im unterfr\u00e4nkischen Raum, sondern auch in anderen deutschen St\u00e4dten wie M\u00fcnchen, Schweinfurt, M\u00fcnster, Marl, Borken und Berlin. Selbst noch im Jahr 1990 arbeitete er an der Restaurierung eines Fl\u00fcgelaltars aus dem 14. Jahrhundert in der Klosterkirche Nikolausberg in G\u00f6ttingen.<\/p>\n<p>Clobes unternahm zahlreiche Studienreisen durch Europa, bis hin zu den atlantischen K\u00fcsten und dem Vorderen Orient, wobei er Orte wie den Athos, Griechenland, die Mittelmeerinseln und den Nahen Osten erkundete.<\/p>\n","protected":false},"excerpt":{"rendered":"<p>Karl Clobes (1917-1996)<\/p>\n","protected":false},"featured_media":4949,"template":"","meta":{"site-sidebar-layout":"default","site-content-layout":"","ast-site-content-layout":"default","site-content-style":"default","site-sidebar-style":"default","ast-global-header-display":"","ast-banner-title-visibility":"","ast-main-header-display":"","ast-hfb-above-header-display":"","ast-hfb-below-header-display":"","ast-hfb-mobile-header-display":"","site-post-title":"","ast-breadcrumbs-content":"","ast-featured-img":"","footer-sml-layout":"","ast-disable-related-posts":"","theme-transparent-header-meta":"default","adv-header-id-meta":"","stick-header-meta":"","header-above-stick-meta":"","header-main-stick-meta":"","header-below-stick-meta":"","astra-migrate-meta-layouts":"set","ast-page-background-enabled":"default","ast-page-background-meta":{"desktop":{"background-color":"var(--ast-global-color-4)","background-image":"","background-repeat":"repeat","background-position":"center center","background-size":"auto","background-attachment":"scroll","background-type":"","background-media":"","overlay-type":"","overlay-color":"","overlay-opacity":"","overlay-gradient":""},"tablet":{"background-color":"","background-image":"","background-repeat":"repeat","background-position":"center center","background-size":"auto","background-attachment":"scroll","background-type":"","background-media":"","overlay-type":"","overlay-color":"","overlay-opacity":"","overlay-gradient":""},"mobile":{"background-color":"","background-image":"","background-repeat":"repeat","background-position":"center center","background-size":"auto","background-attachment":"scroll","background-type":"","background-media":"","overlay-type":"","overlay-color":"","overlay-opacity":"","overlay-gradient":""}},"ast-content-background-meta":{"desktop":{"background-color":"var(--ast-global-color-5)","background-image":"","background-repeat":"repeat","background-position":"center center","background-size":"auto","background-attachment":"scroll","background-type":"","background-media":"","overlay-type":"","overlay-color":"","overlay-opacity":"","overlay-gradient":""},"tablet":{"background-color":"var(--ast-global-color-5)","background-image":"","background-repeat":"repeat","background-position":"center center","background-size":"auto","background-attachment":"scroll","background-type":"","background-media":"","overlay-type":"","overlay-color":"","overlay-opacity":"","overlay-gradient":""},"mobile":{"background-color":"var(--ast-global-color-5)","background-image":"","background-repeat":"repeat","background-position":"center center","background-size":"auto","background-attachment":"scroll","background-type":"","background-media":"","overlay-type":"","overlay-color":"","overlay-opacity":"","overlay-gradient":""}}},"product_brand":[],"product_cat":[52,265,25,179,314,409],"product_tag":[364,362,363,74,361,365],"class_list":{"0":"post-4947","1":"product","2":"type-product","3":"status-publish","4":"has-post-thumbnail","6":"product_cat-20th-century","7":"product_cat-aquarell","8":"product_cat-deutsch","9":"product_cat-gemaelde","10":"product_cat-karl-clobes","11":"product_cat-landschaft","12":"product_tag-art","13":"product_tag-gemalde","14":"product_tag-kunst","15":"product_tag-painting","16":"product_tag-peintures","17":"product_tag-pittura","18":"desktop-align-center","19":"tablet-align-left","20":"mobile-align-left","22":"first","23":"instock","24":"taxable","25":"shipping-taxable","26":"product-type-simple"},"_links":{"self":[{"href":"https:\/\/collection.galerie-gerdes.com\/pt-pt\/wp-json\/wp\/v2\/product\/4947","targetHints":{"allow":["GET"]}}],"collection":[{"href":"https:\/\/collection.galerie-gerdes.com\/pt-pt\/wp-json\/wp\/v2\/product"}],"about":[{"href":"https:\/\/collection.galerie-gerdes.com\/pt-pt\/wp-json\/wp\/v2\/types\/product"}],"wp:featuredmedia":[{"embeddable":true,"href":"https:\/\/collection.galerie-gerdes.com\/pt-pt\/wp-json\/wp\/v2\/media\/4949"}],"wp:attachment":[{"href":"https:\/\/collection.galerie-gerdes.com\/pt-pt\/wp-json\/wp\/v2\/media?parent=4947"}],"wp:term":[{"taxonomy":"product_brand","embeddable":true,"href":"https:\/\/collection.galerie-gerdes.com\/pt-pt\/wp-json\/wp\/v2\/product_brand?post=4947"},{"taxonomy":"product_cat","embeddable":true,"href":"https:\/\/collection.galerie-gerdes.com\/pt-pt\/wp-json\/wp\/v2\/product_cat?post=4947"},{"taxonomy":"product_tag","embeddable":true,"href":"https:\/\/collection.galerie-gerdes.com\/pt-pt\/wp-json\/wp\/v2\/product_tag?post=4947"}],"curies":[{"name":"wp","href":"https:\/\/api.w.org\/{rel}","templated":true}]}}