{"id":6715,"date":"2024-05-13T21:35:22","date_gmt":"2024-05-13T19:35:22","guid":{"rendered":"https:\/\/collection.galerie-gerdes.com\/?post_type=product&#038;p=6715"},"modified":"2024-09-26T18:47:34","modified_gmt":"2024-09-26T16:47:34","slug":"strand-szene-mit-segelbooten-gemalde-von-alfred-bloesch-basel-ungerahmt","status":"publish","type":"product","link":"https:\/\/collection.galerie-gerdes.com\/pt-pt\/p\/strand-szene-mit-segelbooten-gemalde-von-alfred-bloesch-basel-ungerahmt\/","title":{"rendered":"Strand-Szene mit Segelbooten, Gem\u00e4lde von Alfred Bloesch, Basel, ungerahmt"},"content":{"rendered":"<p>Alfred Bloesch wurde am 23. Februar 1890 in Laufenburg geboren und verstarb am 9. November 1967 in Basel. Sein Heimatort war M\u00f6rigen im Kanton Bern. Er war ein bedeutender Maler und Lehrer, der sich vor allem mit Landschaften, Bildnissen und fig\u00fcrlichen Kompositionen besch\u00e4ftigte.<\/p>\n<p>Als Sohn von Charles (Carl) Bloesch, einem renommierten Pflanzen- und Insektenzeichner, wurde Alfred Bloesch in eine k\u00fcnstlerische Umgebung geboren. Sein Vater, der bereits 72 Jahre alt war, als Alfred zur Welt kam, unterwies ihn in den Grundlagen des Zeichnens und Malens. Gemeinsam mit einem Bruder wuchs Alfred in Laufenburg auf und genoss dort seine Schulbildung.<\/p>\n<p>Seine formale Ausbildung erhielt er an der Gewerbeschule Basel, wo er unter der Anleitung von Albrecht Meyer das Zeichenlehrerdiplom erlangte. Ab 1913 setzte er sein Studium bei Carl Johann Becker-Grundahl an der Akademie in M\u00fcnchen fort, wo er den gesamten Ersten Weltkrieg verbrachte. Im Jahr 1919 kehrte er in die Schweiz zur\u00fcck und lie\u00df sich in Basel nieder.<\/p>\n<p>W\u00e4hrend seiner Zeit an der Gewerbeschule in Basel entwickelte er eine enge Freundschaft mit Arnold Fiechter. Parallel zu seiner T\u00e4tigkeit als Zeichenlehrer an der Gewerbeschule und sp\u00e4ter an der Frauenarbeitsschule unternahm er zahlreiche Studienreisen, darunter Aufenthalte in Frankreich, insbesondere in Paris, und Italien.<\/p>\n<p>An der Frauenarbeitsschule erteilte er von 1955 bis zu seinem Ruhestand den T\u00f6chtern der Schneiderinnen und Modistinnen Zeichenunterricht. Durch sein Wirken als Lehrer und seine k\u00fcnstlerischen Werke pr\u00e4gte Alfred Bloesch die Kunstszene seiner Zeit nachhaltig.<\/p>\n","protected":false},"excerpt":{"rendered":"<p>Alfred Bloesch (1890-1967)<\/p>\n","protected":false},"featured_media":6716,"template":"","meta":{"site-sidebar-layout":"default","site-content-layout":"","ast-site-content-layout":"default","site-content-style":"default","site-sidebar-style":"default","ast-global-header-display":"","ast-banner-title-visibility":"","ast-main-header-display":"","ast-hfb-above-header-display":"","ast-hfb-below-header-display":"","ast-hfb-mobile-header-display":"","site-post-title":"","ast-breadcrumbs-content":"","ast-featured-img":"","footer-sml-layout":"","ast-disable-related-posts":"","theme-transparent-header-meta":"default","adv-header-id-meta":"","stick-header-meta":"","header-above-stick-meta":"","header-main-stick-meta":"","header-below-stick-meta":"","astra-migrate-meta-layouts":"set","ast-page-background-enabled":"default","ast-page-background-meta":{"desktop":{"background-color":"var(--ast-global-color-4)","background-image":"","background-repeat":"repeat","background-position":"center center","background-size":"auto","background-attachment":"scroll","background-type":"","background-media":"","overlay-type":"","overlay-color":"","overlay-opacity":"","overlay-gradient":""},"tablet":{"background-color":"","background-image":"","background-repeat":"repeat","background-position":"center center","background-size":"auto","background-attachment":"scroll","background-type":"","background-media":"","overlay-type":"","overlay-color":"","overlay-opacity":"","overlay-gradient":""},"mobile":{"background-color":"","background-image":"","background-repeat":"repeat","background-position":"center center","background-size":"auto","background-attachment":"scroll","background-type":"","background-media":"","overlay-type":"","overlay-color":"","overlay-opacity":"","overlay-gradient":""}},"ast-content-background-meta":{"desktop":{"background-color":"var(--ast-global-color-5)","background-image":"","background-repeat":"repeat","background-position":"center center","background-size":"auto","background-attachment":"scroll","background-type":"","background-media":"","overlay-type":"","overlay-color":"","overlay-opacity":"","overlay-gradient":""},"tablet":{"background-color":"var(--ast-global-color-5)","background-image":"","background-repeat":"repeat","background-position":"center center","background-size":"auto","background-attachment":"scroll","background-type":"","background-media":"","overlay-type":"","overlay-color":"","overlay-opacity":"","overlay-gradient":""},"mobile":{"background-color":"var(--ast-global-color-5)","background-image":"","background-repeat":"repeat","background-position":"center center","background-size":"auto","background-attachment":"scroll","background-type":"","background-media":"","overlay-type":"","overlay-color":"","overlay-opacity":"","overlay-gradient":""}}},"product_brand":[],"product_cat":[52,385,179,267,85],"product_tag":[],"class_list":{"0":"post-6715","1":"product","2":"type-product","3":"status-publish","4":"has-post-thumbnail","6":"product_cat-20th-century","7":"product_cat-alfred-bloesch","8":"product_cat-gemaelde","9":"product_cat-oelgemaelde","10":"product_cat-schweizerisch","11":"desktop-align-center","12":"tablet-align-left","13":"mobile-align-left","15":"first","16":"instock","17":"taxable","18":"shipping-taxable","19":"product-type-simple"},"_links":{"self":[{"href":"https:\/\/collection.galerie-gerdes.com\/pt-pt\/wp-json\/wp\/v2\/product\/6715","targetHints":{"allow":["GET"]}}],"collection":[{"href":"https:\/\/collection.galerie-gerdes.com\/pt-pt\/wp-json\/wp\/v2\/product"}],"about":[{"href":"https:\/\/collection.galerie-gerdes.com\/pt-pt\/wp-json\/wp\/v2\/types\/product"}],"wp:featuredmedia":[{"embeddable":true,"href":"https:\/\/collection.galerie-gerdes.com\/pt-pt\/wp-json\/wp\/v2\/media\/6716"}],"wp:attachment":[{"href":"https:\/\/collection.galerie-gerdes.com\/pt-pt\/wp-json\/wp\/v2\/media?parent=6715"}],"wp:term":[{"taxonomy":"product_brand","embeddable":true,"href":"https:\/\/collection.galerie-gerdes.com\/pt-pt\/wp-json\/wp\/v2\/product_brand?post=6715"},{"taxonomy":"product_cat","embeddable":true,"href":"https:\/\/collection.galerie-gerdes.com\/pt-pt\/wp-json\/wp\/v2\/product_cat?post=6715"},{"taxonomy":"product_tag","embeddable":true,"href":"https:\/\/collection.galerie-gerdes.com\/pt-pt\/wp-json\/wp\/v2\/product_tag?post=6715"}],"curies":[{"name":"wp","href":"https:\/\/api.w.org\/{rel}","templated":true}]}}