{"id":197584,"date":"2024-07-03T21:02:05","date_gmt":"2024-07-03T19:02:05","guid":{"rendered":"https:\/\/www.collection.galerie-gerdes.com\/?post_type=product&#038;p=197584"},"modified":"2024-07-09T09:27:50","modified_gmt":"2024-07-09T07:27:50","slug":"schlachtszene-mit-reitern-militaerische-kohlezeichnung-mischtechnik-von-anton-hoffmann","status":"publish","type":"product","link":"https:\/\/collection.galerie-gerdes.com\/ro\/p\/schlachtszene-mit-reitern-militaerische-kohlezeichnung-mischtechnik-von-anton-hoffmann\/","title":{"rendered":"Schlachtszene mit Reitern | Milit\u00e4rische Kohlezeichnung\/Mischtechnik von Anton Hoffmann"},"content":{"rendered":"<p>Anton Hoffmann (* 10. April 1863 in Bayreuth; \u2020 26. Januar 1938 in Rothenburg ob der Tauber) war ein angesehener deutscher K\u00fcnstler, der sowohl als Maler, Illustrator, Heereskundler als auch Hochschullehrer t\u00e4tig war.<\/p>\n<p>Nach einer neun Jahre w\u00e4hrenden Dienstzeit in der Bayerischen Armee begann Hoffmann 1889 sein Studium an der Kunstakademie M\u00fcnchen, wo er von Gabriel von Hackl und Wilhelm von Diez unterrichtet wurde. Dieses Studium beendete er 1895 erfolgreich. Ab 1896 war er regelm\u00e4\u00dfig im Glaspalast vertreten. Hoffmann blieb k\u00fcnstlerisch der Diez-Schule verbunden und konzentrierte sich auf Historien- und Milit\u00e4rmalerei. Sein Malstil war gekennzeichnet durch weite, breite, aber lebhafte Pinselstriche sowie durch kr\u00e4ftige, naturgetreue Farben, wobei das Licht stets das zentrale Geschehen betonte.<\/p>\n<p>Als Experte der Heereskunde schuf Hoffmann bedeutende Serien zur Uniformgeschichte des Bayerischen Heeres. Zus\u00e4tzlich war er als Mitglied des S\u00fcddeutschen Illustratorenbundes f\u00fcr zahlreiche Illustrationen in Schulb\u00fcchern, Jugendliteratur, Geschichtswerken und den &#8222;Fliegenden Bl\u00e4ttern&#8221; verantwortlich. F\u00fcr die 1899 im Regensburger Marien-Kalender ver\u00f6ffentlichte Erz\u00e4hlung &#8222;Die Umm ed Dschamahl&#8221; von Karl May fertigte er f\u00fcnf Autotypien an. Im Jahr 1905 z\u00e4hlte Hoffmann zu den Gewinnern eines Wettbewerbs f\u00fcr Werbeentw\u00fcrfe, der von Ludwig Stollwerck und Otto Henkell ausgeschrieben worden war.<\/p>\n","protected":false},"excerpt":{"rendered":"<p>Anton Hoffmann (1863-1938)<br \/>\nBlatt an den Seiten besch\u00e4digt und eingerissen<\/p>\n","protected":false},"featured_media":197712,"template":"","meta":{"site-sidebar-layout":"default","site-content-layout":"","ast-site-content-layout":"default","site-content-style":"default","site-sidebar-style":"default","ast-global-header-display":"","ast-banner-title-visibility":"","ast-main-header-display":"","ast-hfb-above-header-display":"","ast-hfb-below-header-display":"","ast-hfb-mobile-header-display":"","site-post-title":"","ast-breadcrumbs-content":"","ast-featured-img":"","footer-sml-layout":"","ast-disable-related-posts":"","theme-transparent-header-meta":"default","adv-header-id-meta":"","stick-header-meta":"","header-above-stick-meta":"","header-main-stick-meta":"","header-below-stick-meta":"","astra-migrate-meta-layouts":"set","ast-page-background-enabled":"default","ast-page-background-meta":{"desktop":{"background-color":"var(--ast-global-color-4)","background-image":"","background-repeat":"repeat","background-position":"center center","background-size":"auto","background-attachment":"scroll","background-type":"","background-media":"","overlay-type":"","overlay-color":"","overlay-opacity":"","overlay-gradient":""},"tablet":{"background-color":"","background-image":"","background-repeat":"repeat","background-position":"center center","background-size":"auto","background-attachment":"scroll","background-type":"","background-media":"","overlay-type":"","overlay-color":"","overlay-opacity":"","overlay-gradient":""},"mobile":{"background-color":"","background-image":"","background-repeat":"repeat","background-position":"center center","background-size":"auto","background-attachment":"scroll","background-type":"","background-media":"","overlay-type":"","overlay-color":"","overlay-opacity":"","overlay-gradient":""}},"ast-content-background-meta":{"desktop":{"background-color":"var(--ast-global-color-5)","background-image":"","background-repeat":"repeat","background-position":"center center","background-size":"auto","background-attachment":"scroll","background-type":"","background-media":"","overlay-type":"","overlay-color":"","overlay-opacity":"","overlay-gradient":""},"tablet":{"background-color":"var(--ast-global-color-5)","background-image":"","background-repeat":"repeat","background-position":"center center","background-size":"auto","background-attachment":"scroll","background-type":"","background-media":"","overlay-type":"","overlay-color":"","overlay-opacity":"","overlay-gradient":""},"mobile":{"background-color":"var(--ast-global-color-5)","background-image":"","background-repeat":"repeat","background-position":"center center","background-size":"auto","background-attachment":"scroll","background-type":"","background-media":"","overlay-type":"","overlay-color":"","overlay-opacity":"","overlay-gradient":""}}},"product_brand":[],"product_cat":[53,52,391,25,179,266],"product_tag":[],"class_list":{"0":"post-197584","1":"product","2":"type-product","3":"status-publish","4":"has-post-thumbnail","6":"product_cat-19th-century","7":"product_cat-20th-century","8":"product_cat-anton-hoffmann","9":"product_cat-deutsch","10":"product_cat-gemaelde","11":"product_cat-zeichnung","12":"desktop-align-center","13":"tablet-align-left","14":"mobile-align-left","16":"first","17":"instock","18":"product-type-simple"},"_links":{"self":[{"href":"https:\/\/collection.galerie-gerdes.com\/ro\/wp-json\/wp\/v2\/product\/197584","targetHints":{"allow":["GET"]}}],"collection":[{"href":"https:\/\/collection.galerie-gerdes.com\/ro\/wp-json\/wp\/v2\/product"}],"about":[{"href":"https:\/\/collection.galerie-gerdes.com\/ro\/wp-json\/wp\/v2\/types\/product"}],"wp:featuredmedia":[{"embeddable":true,"href":"https:\/\/collection.galerie-gerdes.com\/ro\/wp-json\/wp\/v2\/media\/197712"}],"wp:attachment":[{"href":"https:\/\/collection.galerie-gerdes.com\/ro\/wp-json\/wp\/v2\/media?parent=197584"}],"wp:term":[{"taxonomy":"product_brand","embeddable":true,"href":"https:\/\/collection.galerie-gerdes.com\/ro\/wp-json\/wp\/v2\/product_brand?post=197584"},{"taxonomy":"product_cat","embeddable":true,"href":"https:\/\/collection.galerie-gerdes.com\/ro\/wp-json\/wp\/v2\/product_cat?post=197584"},{"taxonomy":"product_tag","embeddable":true,"href":"https:\/\/collection.galerie-gerdes.com\/ro\/wp-json\/wp\/v2\/product_tag?post=197584"}],"curies":[{"name":"wp","href":"https:\/\/api.w.org\/{rel}","templated":true}]}}