{"id":201699,"date":"2024-07-27T00:12:53","date_gmt":"2024-07-26T22:12:53","guid":{"rendered":"https:\/\/www.collection.galerie-gerdes.com\/?post_type=product&#038;p=201699"},"modified":"2024-08-10T17:31:15","modified_gmt":"2024-08-10T15:31:15","slug":"vorfruehling-gemaelde-von-albert-wunderlich-monogr","status":"publish","type":"product","link":"https:\/\/collection.galerie-gerdes.com\/ro\/p\/vorfruehling-gemaelde-von-albert-wunderlich-monogr\/","title":{"rendered":"Vorfr\u00fchling, Gem\u00e4lde von Albert WUNDERLICH, monogr."},"content":{"rendered":"<p>Albert Wunderlich (1867-1946) war ein schw\u00e4bischer Maler, der sich auf Landschaften spezialisierte und viele beeindruckende Werke aus W\u00fcrttemberg und den angrenzenden Regionen schuf. Da es keine ausf\u00fchrliche Biografie oder ein umfassendes Werkverzeichnis \u00fcber ihn gibt, m\u00f6chten wir mit dieser Darstellung eine bestehende L\u00fccke f\u00fcllen.<\/p>\n<h3>Leben<\/h3>\n<p>Albert Wunderlich wurde am 3. August 1867 in Geislingen an der Steige geboren. Sein Vater, Hermann Wunderlich, war Oberamtmann in Geislingen, und seine Mutter hie\u00df Klara Beate, geb. L\u00f6flund. Die Familie geh\u00f6rte der evangelischen Kirche an und hatte mindestens einen weiteren Sohn, Rudolf Gustav Wunderlich (1859-1938), der sp\u00e4ter Geheimer Kriegsrat wurde. Am 4. Juni 1898 heiratete Albert in Heidelberg Helene Kleinlein. Albert verstarb am 22. Juli 1946 im st\u00e4dtischen Hilfskrankenhaus Furtbachhaus in Stuttgart.<\/p>\n<h3>Beruflicher Werdegang<\/h3>\n<p>Im Jahr 1895 wurde Albert Wunderlich erstmals im Stuttgarter Adressbuch als Kaufmann in der T\u00fcbingerstra\u00dfe 43, 1. Stock, erw\u00e4hnt. Ab 1899 ist er als Kaufmann in der Reinsburgstra\u00dfe 51 B, 2. Stock, verzeichnet. 1901 er\u00f6ffnete er dort sein eigenes Agenturgesch\u00e4ft. Der Umzug in gr\u00f6\u00dfere R\u00e4umlichkeiten k\u00f6nnte mit der Geburt seines Sohnes Hans Rudolf Wunderlich am 11. August 1899 zusammenh\u00e4ngen. Ab 1902 befand sich sein Gesch\u00e4ft im 3. Stock der Paulinenstra\u00dfe 1 C.<\/p>\n<p>Ab 1905 war er im Stuttgarter Adressbuch als Kaufmann mit einem Agenturgesch\u00e4ft in der Wei\u00dfenburgstra\u00dfe 5, 1. Stock, gelistet, wo er bis zu seinem Lebensende wohnte. 1940 wurde er letztmals als Kaufmann aufgef\u00fchrt, wahrscheinlich legte er aufgrund seines Alters oder der Kriegsumst\u00e4nde seine gewerbliche T\u00e4tigkeit nieder. Ab 1941 wurde er ausschlie\u00dflich als Kunstmaler im Adressbuch gef\u00fchrt, was auch in der letzten Ausgabe vor der Zerst\u00f6rung Stuttgarts im Zweiten Weltkrieg 1943 der Fall war.<\/p>\n<h3>K\u00fcnstlerisches Schaffen und Ausstellungen<\/h3>\n<p>Albert Wunderlich war Mitglied im W\u00fcrttembergischen Kunstverein und nahm regelm\u00e4\u00dfig an dessen sowie an den Ausstellungen befreundeter Vereine teil. 1904 wurden 14 seiner Werke im Heidelberger Kunstverein ausgestellt. Im November 1906 war ein Gem\u00e4lde von ihm in der Ausstellung des W\u00fcrttembergischen Kunstvereins in Stuttgart zu sehen, im Dezember desselben Jahres zeigte der Heidelberger Kunstverein elf seiner Bilder. Weitere Werke wurden 1916, 1917 und 1919 in Ausstellungen des W\u00fcrttembergischen Kunstvereins gezeigt.<\/p>\n<p>Seine Gem\u00e4lde wurden auch \u00fcber Auktionen verkauft. So wurden am 3. Oktober 1917 und den folgenden Tagen bei Felix Fleischhauer in Stuttgart sieben seiner \u00d6lbilder angeboten, und im M\u00e4rz 1929 waren drei weitere Bilder bei Hartmann &amp; Greiner in Stuttgart zu ersteigern.<\/p>\n<h3>Verbindung zur NS-Zeit<\/h3>\n<p>Das Kunstmuseum Stuttgart z\u00e4hlt Albert Wunderlich zu den historischen Personen, die w\u00e4hrend der NS-Zeit m\u00f6glicherweise im Handel mit Raubkunst involviert gewesen sein k\u00f6nnten. F\u00fcr eine Auktion der Kunsthandlung Paul Hartmann in Stuttgart am 30. November und 1. Dezember 1937 reichte Wunderlich jeweils ein Gem\u00e4lde von Georg Geyer (Wien) und Hugo Darnaut (D\u00fcsseldorf) ein.<\/p>\n<h3><\/h3>\n","protected":false},"excerpt":{"rendered":"<p>Albert WUNDERLICH (1876-1946)<\/p>\n","protected":false},"featured_media":201730,"template":"","meta":{"site-sidebar-layout":"default","site-content-layout":"","ast-site-content-layout":"default","site-content-style":"default","site-sidebar-style":"default","ast-global-header-display":"","ast-banner-title-visibility":"","ast-main-header-display":"","ast-hfb-above-header-display":"","ast-hfb-below-header-display":"","ast-hfb-mobile-header-display":"","site-post-title":"","ast-breadcrumbs-content":"","ast-featured-img":"","footer-sml-layout":"","ast-disable-related-posts":"","theme-transparent-header-meta":"default","adv-header-id-meta":"","stick-header-meta":"","header-above-stick-meta":"","header-main-stick-meta":"","header-below-stick-meta":"","astra-migrate-meta-layouts":"set","ast-page-background-enabled":"default","ast-page-background-meta":{"desktop":{"background-color":"var(--ast-global-color-4)","background-image":"","background-repeat":"repeat","background-position":"center center","background-size":"auto","background-attachment":"scroll","background-type":"","background-media":"","overlay-type":"","overlay-color":"","overlay-opacity":"","overlay-gradient":""},"tablet":{"background-color":"","background-image":"","background-repeat":"repeat","background-position":"center center","background-size":"auto","background-attachment":"scroll","background-type":"","background-media":"","overlay-type":"","overlay-color":"","overlay-opacity":"","overlay-gradient":""},"mobile":{"background-color":"","background-image":"","background-repeat":"repeat","background-position":"center center","background-size":"auto","background-attachment":"scroll","background-type":"","background-media":"","overlay-type":"","overlay-color":"","overlay-opacity":"","overlay-gradient":""}},"ast-content-background-meta":{"desktop":{"background-color":"var(--ast-global-color-5)","background-image":"","background-repeat":"repeat","background-position":"center center","background-size":"auto","background-attachment":"scroll","background-type":"","background-media":"","overlay-type":"","overlay-color":"","overlay-opacity":"","overlay-gradient":""},"tablet":{"background-color":"var(--ast-global-color-5)","background-image":"","background-repeat":"repeat","background-position":"center center","background-size":"auto","background-attachment":"scroll","background-type":"","background-media":"","overlay-type":"","overlay-color":"","overlay-opacity":"","overlay-gradient":""},"mobile":{"background-color":"var(--ast-global-color-5)","background-image":"","background-repeat":"repeat","background-position":"center center","background-size":"auto","background-attachment":"scroll","background-type":"","background-media":"","overlay-type":"","overlay-color":"","overlay-opacity":"","overlay-gradient":""}}},"product_brand":[],"product_cat":[52,14294,25,409,267],"product_tag":[],"class_list":{"0":"post-201699","1":"product","2":"type-product","3":"status-publish","4":"has-post-thumbnail","6":"product_cat-20th-century","7":"product_cat-albert-wunderlich","8":"product_cat-deutsch","9":"product_cat-landschaft","10":"product_cat-oelgemaelde","11":"desktop-align-center","12":"tablet-align-left","13":"mobile-align-left","15":"first","16":"instock","17":"taxable","18":"shipping-taxable","19":"product-type-simple"},"_links":{"self":[{"href":"https:\/\/collection.galerie-gerdes.com\/ro\/wp-json\/wp\/v2\/product\/201699","targetHints":{"allow":["GET"]}}],"collection":[{"href":"https:\/\/collection.galerie-gerdes.com\/ro\/wp-json\/wp\/v2\/product"}],"about":[{"href":"https:\/\/collection.galerie-gerdes.com\/ro\/wp-json\/wp\/v2\/types\/product"}],"wp:featuredmedia":[{"embeddable":true,"href":"https:\/\/collection.galerie-gerdes.com\/ro\/wp-json\/wp\/v2\/media\/201730"}],"wp:attachment":[{"href":"https:\/\/collection.galerie-gerdes.com\/ro\/wp-json\/wp\/v2\/media?parent=201699"}],"wp:term":[{"taxonomy":"product_brand","embeddable":true,"href":"https:\/\/collection.galerie-gerdes.com\/ro\/wp-json\/wp\/v2\/product_brand?post=201699"},{"taxonomy":"product_cat","embeddable":true,"href":"https:\/\/collection.galerie-gerdes.com\/ro\/wp-json\/wp\/v2\/product_cat?post=201699"},{"taxonomy":"product_tag","embeddable":true,"href":"https:\/\/collection.galerie-gerdes.com\/ro\/wp-json\/wp\/v2\/product_tag?post=201699"}],"curies":[{"name":"wp","href":"https:\/\/api.w.org\/{rel}","templated":true}]}}