{"id":201885,"date":"2024-07-27T01:04:01","date_gmt":"2024-07-26T23:04:01","guid":{"rendered":"https:\/\/www.collection.galerie-gerdes.com\/?post_type=product&#038;p=201885"},"modified":"2024-08-16T22:09:30","modified_gmt":"2024-08-16T20:09:30","slug":"schwimmstunde-federzeichnung-von-carl-storch-fliegende-blaetter","status":"publish","type":"product","link":"https:\/\/collection.galerie-gerdes.com\/ro\/p\/schwimmstunde-federzeichnung-von-carl-storch-fliegende-blaetter\/","title":{"rendered":"Schwimmstunde |\u00a0Federzeichnung von Carl Storch, Fliegende Bl\u00e4tter"},"content":{"rendered":"<p>Karl Storch der \u00c4ltere wurde am 28. Januar 1864 in Segeberg geboren und verstarb am 11. Februar 1954 ebenda. Er war ein deutscher Maler und Kunstprofessor. Storch entstammte einer Kaufmannsfamilie in Bad Segeberg und zog als 19-J\u00e4hriger nach Kiel. Dort wurde seine k\u00fcnstlerische Begabung von Maler Harro Magnussen entdeckt und gef\u00f6rdert, der ihn an die Kunstakademie in Berlin empfahl. W\u00e4hrend seines Studiums in Berlin verdiente Storch seinen Lebensunterhalt als Illustrator f\u00fcr Zeitschriften und B\u00fccher sowie als Lehrer an der von Conrad Fehr gegr\u00fcndeten \u201eAkademie Fehr\u201c. Er arbeitete unter anderem f\u00fcr die Zeitschriften &#8222;Daheim&#8221;, &#8222;Vom Fels zum Meer&#8221; und &#8222;Leipziger Illustrirte Zeitung&#8221; und illustrierte Werke von Goethe, Kleist, Adelbert von Chamisso und Eichendorff.<\/p>\n<p>1902 wurde Storch als Professor an die K\u00f6nigsberger Kunstakademie berufen und blieb dort bis 1928. W\u00e4hrend des Ersten Weltkriegs entwarf er Sammelbilder f\u00fcr Stollwerck-Sammelalben, darunter die Serie \u201eDie Befreiung Ostpreu\u00dfens durch Hindenburg\u201c f\u00fcr das Stollwerck-Sammelalbum Nr. 16 von 1916.<\/p>\n<p>W\u00e4hrend der Zeit des Nationalsozialismus blieb Storch ein gesch\u00e4tzter Maler, stellte jedoch kaum noch aus und war im Gegensatz zu seinem gleichnamigen Sohn, mit dem er oft verwechselt wurde, in M\u00fcnchen nicht vertreten. Im Januar 1944 erhielt Storch die Goethe-Medaille f\u00fcr Kunst und Wissenschaft, obwohl ihm in der Ministervorlage ein beachtliches k\u00fcnstlerisches Niveau bescheinigt wurde, jedoch nicht die f\u00fcr die Verleihung erforderliche H\u00f6he w\u00e4hrend des Krieges, und er geh\u00f6rte nicht der NSDAP an. 1944 stand Storch in der Gottbegnadeten-Liste des Reichsministeriums f\u00fcr Volksaufkl\u00e4rung und Propaganda.<\/p>\n<p>Nach der Bombardierung K\u00f6nigsbergs kehrte Storch im Oktober 1944 als Fl\u00fcchtling nach Bad Segeberg zur\u00fcck. 1954 erhielt er das Bundesverdienstkreuz am Bande und verstarb kurz darauf in Bad Segeberg. Anl\u00e4sslich seines 140. Geburtstags richtete die Stadt Bad Segeberg 2004 eine Dauerausstellung im historischen Rathaus ein, in der seit 2008 29 Kunstwerke sowie einige Illustrationen gezeigt werden.<\/p>\n","protected":false},"excerpt":{"rendered":"<p>Karl Storch der \u00c4ltere (1868-1955)<\/p>\n","protected":false},"featured_media":203206,"template":"","meta":{"site-sidebar-layout":"default","site-content-layout":"","ast-site-content-layout":"default","site-content-style":"default","site-sidebar-style":"default","ast-global-header-display":"","ast-banner-title-visibility":"","ast-main-header-display":"","ast-hfb-above-header-display":"","ast-hfb-below-header-display":"","ast-hfb-mobile-header-display":"","site-post-title":"","ast-breadcrumbs-content":"","ast-featured-img":"","footer-sml-layout":"","ast-disable-related-posts":"","theme-transparent-header-meta":"default","adv-header-id-meta":"","stick-header-meta":"","header-above-stick-meta":"","header-main-stick-meta":"","header-below-stick-meta":"","astra-migrate-meta-layouts":"set","ast-page-background-enabled":"default","ast-page-background-meta":{"desktop":{"background-color":"var(--ast-global-color-4)","background-image":"","background-repeat":"repeat","background-position":"center center","background-size":"auto","background-attachment":"scroll","background-type":"","background-media":"","overlay-type":"","overlay-color":"","overlay-opacity":"","overlay-gradient":""},"tablet":{"background-color":"","background-image":"","background-repeat":"repeat","background-position":"center center","background-size":"auto","background-attachment":"scroll","background-type":"","background-media":"","overlay-type":"","overlay-color":"","overlay-opacity":"","overlay-gradient":""},"mobile":{"background-color":"","background-image":"","background-repeat":"repeat","background-position":"center center","background-size":"auto","background-attachment":"scroll","background-type":"","background-media":"","overlay-type":"","overlay-color":"","overlay-opacity":"","overlay-gradient":""}},"ast-content-background-meta":{"desktop":{"background-color":"var(--ast-global-color-5)","background-image":"","background-repeat":"repeat","background-position":"center center","background-size":"auto","background-attachment":"scroll","background-type":"","background-media":"","overlay-type":"","overlay-color":"","overlay-opacity":"","overlay-gradient":""},"tablet":{"background-color":"var(--ast-global-color-5)","background-image":"","background-repeat":"repeat","background-position":"center center","background-size":"auto","background-attachment":"scroll","background-type":"","background-media":"","overlay-type":"","overlay-color":"","overlay-opacity":"","overlay-gradient":""},"mobile":{"background-color":"var(--ast-global-color-5)","background-image":"","background-repeat":"repeat","background-position":"center center","background-size":"auto","background-attachment":"scroll","background-type":"","background-media":"","overlay-type":"","overlay-color":"","overlay-opacity":"","overlay-gradient":""}}},"product_brand":[],"product_cat":[15,179,424,266],"product_tag":[],"class_list":{"0":"post-201885","1":"product","2":"type-product","3":"status-publish","4":"has-post-thumbnail","6":"product_cat-oesterreichisch","7":"product_cat-gemaelde","8":"product_cat-karikaturen","9":"product_cat-zeichnung","10":"desktop-align-center","11":"tablet-align-left","12":"mobile-align-left","14":"first","15":"instock","16":"taxable","17":"shipping-taxable","18":"product-type-simple"},"_links":{"self":[{"href":"https:\/\/collection.galerie-gerdes.com\/ro\/wp-json\/wp\/v2\/product\/201885","targetHints":{"allow":["GET"]}}],"collection":[{"href":"https:\/\/collection.galerie-gerdes.com\/ro\/wp-json\/wp\/v2\/product"}],"about":[{"href":"https:\/\/collection.galerie-gerdes.com\/ro\/wp-json\/wp\/v2\/types\/product"}],"wp:featuredmedia":[{"embeddable":true,"href":"https:\/\/collection.galerie-gerdes.com\/ro\/wp-json\/wp\/v2\/media\/203206"}],"wp:attachment":[{"href":"https:\/\/collection.galerie-gerdes.com\/ro\/wp-json\/wp\/v2\/media?parent=201885"}],"wp:term":[{"taxonomy":"product_brand","embeddable":true,"href":"https:\/\/collection.galerie-gerdes.com\/ro\/wp-json\/wp\/v2\/product_brand?post=201885"},{"taxonomy":"product_cat","embeddable":true,"href":"https:\/\/collection.galerie-gerdes.com\/ro\/wp-json\/wp\/v2\/product_cat?post=201885"},{"taxonomy":"product_tag","embeddable":true,"href":"https:\/\/collection.galerie-gerdes.com\/ro\/wp-json\/wp\/v2\/product_tag?post=201885"}],"curies":[{"name":"wp","href":"https:\/\/api.w.org\/{rel}","templated":true}]}}