{"id":214458,"date":"2024-08-03T11:59:50","date_gmt":"2024-08-03T09:59:50","guid":{"rendered":"https:\/\/www.collection.galerie-gerdes.com\/?post_type=product&#038;p=214458"},"modified":"2024-08-16T22:09:28","modified_gmt":"2024-08-16T20:09:28","slug":"mann-im-hoersaal-1-von-2-federzeichnung-von-victor-schramm","status":"publish","type":"product","link":"https:\/\/collection.galerie-gerdes.com\/ro\/p\/mann-im-hoersaal-1-von-2-federzeichnung-von-victor-schramm\/","title":{"rendered":"Mann im H\u00f6rsaal (1 von 2) | Federzeichnung von Victor Schramm"},"content":{"rendered":"<p>Viktor Schramm, geboren am 19. Mai 1865 in Or\u0219ova, Rum\u00e4nien, und verstorben am 18. November 1929 in M\u00fcnchen, war ein bedeutender rum\u00e4nischer Maler und Illustrator. Er war Mitglied der M\u00fcnchner Schule, einer Gruppe von K\u00fcnstlern, die in M\u00fcnchen arbeiteten oder an der Akademie der Bildenden K\u00fcnste M\u00fcnchen studiert hatten.<\/p>\n<p>Schramm wuchs in Rum\u00e4nien auf und zog sp\u00e4ter nach Deutschland, um an der M\u00fcnchner Akademie Kunst zu studieren. Dort lernte er unter namhaften Lehrern wie Franz von Stuck und Karl von Piloty. Ab dem Jahr 1900 nahm er regelm\u00e4\u00dfig an den j\u00e4hrlichen Ausstellungen der M\u00fcnchner Sezession teil.<\/p>\n<p>Schramms Werk konzentrierte sich haupts\u00e4chlich auf Genrebilder des t\u00e4glichen Lebens, oft mit Darstellungen elegant gekleideter junger Frauen. Er legte besonderen Wert auf die Textur der Kleiderstoffe und das Farbenspiel der Seide, was seinen Bildern eine besondere Lebendigkeit verlieh. Seine Arbeiten werden oft mit den Gem\u00e4lden der italienischen K\u00fcnstler Arturo Ricci und Tito Conti verglichen.<\/p>\n<p>Neben seinen Genrebildern war Schramm auch ein erfolgreicher Portr\u00e4tmaler. Das Milit\u00e4rhistorische Museum in Budapest besitzt 26 Portr\u00e4ts ungarischer Offiziere, die von Schramm gemalt wurden. Zudem schuf er ein Portr\u00e4t des \u00f6sterreichischen Feldmarschalls Karl von Pflanzer-Baltin, das sich im Wiener Armeemuseum befindet.<\/p>\n","protected":false},"excerpt":{"rendered":"<p>Victor Schramm (1865-1929)<\/p>\n","protected":false},"featured_media":215239,"template":"","meta":{"site-sidebar-layout":"default","site-content-layout":"","ast-site-content-layout":"default","site-content-style":"default","site-sidebar-style":"default","ast-global-header-display":"","ast-banner-title-visibility":"","ast-main-header-display":"","ast-hfb-above-header-display":"","ast-hfb-below-header-display":"","ast-hfb-mobile-header-display":"","site-post-title":"","ast-breadcrumbs-content":"","ast-featured-img":"","footer-sml-layout":"","ast-disable-related-posts":"","theme-transparent-header-meta":"default","adv-header-id-meta":"","stick-header-meta":"","header-above-stick-meta":"","header-main-stick-meta":"","header-below-stick-meta":"","astra-migrate-meta-layouts":"set","ast-page-background-enabled":"default","ast-page-background-meta":{"desktop":{"background-color":"var(--ast-global-color-4)","background-image":"","background-repeat":"repeat","background-position":"center center","background-size":"auto","background-attachment":"scroll","background-type":"","background-media":"","overlay-type":"","overlay-color":"","overlay-opacity":"","overlay-gradient":""},"tablet":{"background-color":"","background-image":"","background-repeat":"repeat","background-position":"center center","background-size":"auto","background-attachment":"scroll","background-type":"","background-media":"","overlay-type":"","overlay-color":"","overlay-opacity":"","overlay-gradient":""},"mobile":{"background-color":"","background-image":"","background-repeat":"repeat","background-position":"center center","background-size":"auto","background-attachment":"scroll","background-type":"","background-media":"","overlay-type":"","overlay-color":"","overlay-opacity":"","overlay-gradient":""}},"ast-content-background-meta":{"desktop":{"background-color":"var(--ast-global-color-5)","background-image":"","background-repeat":"repeat","background-position":"center center","background-size":"auto","background-attachment":"scroll","background-type":"","background-media":"","overlay-type":"","overlay-color":"","overlay-opacity":"","overlay-gradient":""},"tablet":{"background-color":"var(--ast-global-color-5)","background-image":"","background-repeat":"repeat","background-position":"center center","background-size":"auto","background-attachment":"scroll","background-type":"","background-media":"","overlay-type":"","overlay-color":"","overlay-opacity":"","overlay-gradient":""},"mobile":{"background-color":"var(--ast-global-color-5)","background-image":"","background-repeat":"repeat","background-position":"center center","background-size":"auto","background-attachment":"scroll","background-type":"","background-media":"","overlay-type":"","overlay-color":"","overlay-opacity":"","overlay-gradient":""}}},"product_brand":[],"product_cat":[52,179,424,252,337,266],"product_tag":[364,362,363,74,361,365],"class_list":{"0":"post-214458","1":"product","2":"type-product","3":"status-publish","4":"has-post-thumbnail","6":"product_cat-20th-century","7":"product_cat-gemaelde","8":"product_cat-karikaturen","9":"product_cat-rumaenisch","10":"product_cat-victor-schramm","11":"product_cat-zeichnung","12":"product_tag-art","13":"product_tag-gemalde","14":"product_tag-kunst","15":"product_tag-painting","16":"product_tag-peintures","17":"product_tag-pittura","18":"desktop-align-center","19":"tablet-align-left","20":"mobile-align-left","22":"first","23":"instock","24":"taxable","25":"shipping-taxable","26":"product-type-simple"},"_links":{"self":[{"href":"https:\/\/collection.galerie-gerdes.com\/ro\/wp-json\/wp\/v2\/product\/214458","targetHints":{"allow":["GET"]}}],"collection":[{"href":"https:\/\/collection.galerie-gerdes.com\/ro\/wp-json\/wp\/v2\/product"}],"about":[{"href":"https:\/\/collection.galerie-gerdes.com\/ro\/wp-json\/wp\/v2\/types\/product"}],"wp:featuredmedia":[{"embeddable":true,"href":"https:\/\/collection.galerie-gerdes.com\/ro\/wp-json\/wp\/v2\/media\/215239"}],"wp:attachment":[{"href":"https:\/\/collection.galerie-gerdes.com\/ro\/wp-json\/wp\/v2\/media?parent=214458"}],"wp:term":[{"taxonomy":"product_brand","embeddable":true,"href":"https:\/\/collection.galerie-gerdes.com\/ro\/wp-json\/wp\/v2\/product_brand?post=214458"},{"taxonomy":"product_cat","embeddable":true,"href":"https:\/\/collection.galerie-gerdes.com\/ro\/wp-json\/wp\/v2\/product_cat?post=214458"},{"taxonomy":"product_tag","embeddable":true,"href":"https:\/\/collection.galerie-gerdes.com\/ro\/wp-json\/wp\/v2\/product_tag?post=214458"}],"curies":[{"name":"wp","href":"https:\/\/api.w.org\/{rel}","templated":true}]}}