{"id":2402,"date":"2024-02-13T16:17:59","date_gmt":"2024-02-13T15:17:59","guid":{"rendered":"https:\/\/collection.galerie-gerdes.com\/?post_type=product&#038;p=2402"},"modified":"2026-01-06T19:29:12","modified_gmt":"2026-01-06T18:29:12","slug":"portraet-eines-irish-setter-1902","status":"publish","type":"product","link":"https:\/\/collection.galerie-gerdes.com\/ro\/p\/portraet-eines-irish-setter-1902\/","title":{"rendered":"Irish Red Setter, 1902 | Gem\u00e4lde von Walter Biddlecombe"},"content":{"rendered":"<p>Walter Biddlecombe war ein Maler von Landschaften, Blumen, Figuren und Tieren, der urspr\u00fcnglich aus Southampton stammte, aber 1895 nach Marseille in Frankreich gezogen war, wie viele Maler, die von dem starken Sonnenlicht beeinflusst wurden, das er dort vorfand. Er entwickelte einen einzigartigen und unverkennbaren Stil, der sich w\u00e4hrend seines Aufenthalts voll entfalten konnte. Walter Biddlecombe malte mehrere provenzalische Landschaften in der Umgebung von Aix en Provence.<\/p>\n<p>Er stellte zwei Bilder in der Royal Society of Artists in der Suffolk Street, je eines in der Royal Academy und der Royal Hibernian Academy und zwei in der Walker Art Gallery in Liverpool aus. Zu den ausgestellten Titeln geh\u00f6ren: &#8222;The Gleaner&#8221;, &#8222;At Eventide; an ancient lichgate at Pulborough, Sussex&#8221;, &#8222;And Dora took the child and went her way&#8230;&#8221; (nach einem Gedicht von Tennyson).<\/p>\n<p>Er stellte vergleichsweise wenige Gem\u00e4lde in London oder an anderen wichtigen Ausstellungsorten aus, aber das hatte wahrscheinlich geografische Gr\u00fcnde. Seine Arbeiten sind von hoher Qualit\u00e4t und scharfer Beobachtungsgabe, und es ist wahrscheinlich, dass er aufgrund seines guten Rufs und der Mundpropaganda eine erfolgreiche Karriere hatte. Dies h\u00e4tte zu privaten Auftragsarbeiten gef\u00fchrt, von denen dieses Gem\u00e4lde mit ziemlicher Sicherheit ein Beispiel ist.<\/p>\n","protected":false},"excerpt":{"rendered":"<p>Walter BIDDLECOMBE (1856-1938)<\/p>\n","protected":false},"featured_media":392412,"template":"","meta":{"site-sidebar-layout":"default","site-content-layout":"","ast-site-content-layout":"default","site-content-style":"default","site-sidebar-style":"default","ast-global-header-display":"","ast-banner-title-visibility":"","ast-main-header-display":"","ast-hfb-above-header-display":"","ast-hfb-below-header-display":"","ast-hfb-mobile-header-display":"","site-post-title":"","ast-breadcrumbs-content":"","ast-featured-img":"","footer-sml-layout":"","ast-disable-related-posts":"","theme-transparent-header-meta":"default","adv-header-id-meta":"","stick-header-meta":"","header-above-stick-meta":"","header-main-stick-meta":"","header-below-stick-meta":"","astra-migrate-meta-layouts":"set","ast-page-background-enabled":"default","ast-page-background-meta":{"desktop":{"background-color":"var(--ast-global-color-4)","background-image":"","background-repeat":"repeat","background-position":"center center","background-size":"auto","background-attachment":"scroll","background-type":"","background-media":"","overlay-type":"","overlay-color":"","overlay-opacity":"","overlay-gradient":""},"tablet":{"background-color":"","background-image":"","background-repeat":"repeat","background-position":"center center","background-size":"auto","background-attachment":"scroll","background-type":"","background-media":"","overlay-type":"","overlay-color":"","overlay-opacity":"","overlay-gradient":""},"mobile":{"background-color":"","background-image":"","background-repeat":"repeat","background-position":"center center","background-size":"auto","background-attachment":"scroll","background-type":"","background-media":"","overlay-type":"","overlay-color":"","overlay-opacity":"","overlay-gradient":""}},"ast-content-background-meta":{"desktop":{"background-color":"var(--ast-global-color-5)","background-image":"","background-repeat":"repeat","background-position":"center center","background-size":"auto","background-attachment":"scroll","background-type":"","background-media":"","overlay-type":"","overlay-color":"","overlay-opacity":"","overlay-gradient":""},"tablet":{"background-color":"var(--ast-global-color-5)","background-image":"","background-repeat":"repeat","background-position":"center center","background-size":"auto","background-attachment":"scroll","background-type":"","background-media":"","overlay-type":"","overlay-color":"","overlay-opacity":"","overlay-gradient":""},"mobile":{"background-color":"var(--ast-global-color-5)","background-image":"","background-repeat":"repeat","background-position":"center center","background-size":"auto","background-attachment":"scroll","background-type":"","background-media":"","overlay-type":"","overlay-color":"","overlay-opacity":"","overlay-gradient":""}}},"product_brand":[],"product_cat":[52,42,65,179,210],"product_tag":[364,362,363,74,361,365],"class_list":{"0":"post-2402","1":"product","2":"type-product","3":"status-publish","4":"has-post-thumbnail","6":"product_cat-20th-century","7":"product_cat-britisch","8":"product_cat-franzoesisch","9":"product_cat-gemaelde","10":"product_cat-walter-biddlecombe","11":"product_tag-art","12":"product_tag-gemalde","13":"product_tag-kunst","14":"product_tag-painting","15":"product_tag-peintures","16":"product_tag-pittura","17":"desktop-align-center","18":"tablet-align-left","19":"mobile-align-left","21":"first","22":"instock","23":"taxable","24":"shipping-taxable","25":"product-type-simple"},"_links":{"self":[{"href":"https:\/\/collection.galerie-gerdes.com\/ro\/wp-json\/wp\/v2\/product\/2402","targetHints":{"allow":["GET"]}}],"collection":[{"href":"https:\/\/collection.galerie-gerdes.com\/ro\/wp-json\/wp\/v2\/product"}],"about":[{"href":"https:\/\/collection.galerie-gerdes.com\/ro\/wp-json\/wp\/v2\/types\/product"}],"wp:featuredmedia":[{"embeddable":true,"href":"https:\/\/collection.galerie-gerdes.com\/ro\/wp-json\/wp\/v2\/media\/392412"}],"wp:attachment":[{"href":"https:\/\/collection.galerie-gerdes.com\/ro\/wp-json\/wp\/v2\/media?parent=2402"}],"wp:term":[{"taxonomy":"product_brand","embeddable":true,"href":"https:\/\/collection.galerie-gerdes.com\/ro\/wp-json\/wp\/v2\/product_brand?post=2402"},{"taxonomy":"product_cat","embeddable":true,"href":"https:\/\/collection.galerie-gerdes.com\/ro\/wp-json\/wp\/v2\/product_cat?post=2402"},{"taxonomy":"product_tag","embeddable":true,"href":"https:\/\/collection.galerie-gerdes.com\/ro\/wp-json\/wp\/v2\/product_tag?post=2402"}],"curies":[{"name":"wp","href":"https:\/\/api.w.org\/{rel}","templated":true}]}}