{"id":269446,"date":"2024-11-09T14:33:06","date_gmt":"2024-11-09T13:33:06","guid":{"rendered":"https:\/\/www.collection.galerie-gerdes.com\/?post_type=product&#038;p=269446"},"modified":"2024-12-18T16:46:17","modified_gmt":"2024-12-18T15:46:17","slug":"mann-in-sessel-federzeichnung-von-josef-geis-fliegende-blaetter","status":"publish","type":"product","link":"https:\/\/collection.galerie-gerdes.com\/ro\/p\/mann-in-sessel-federzeichnung-von-josef-geis-fliegende-blaetter\/","title":{"rendered":"Mann in Sessel | Federzeichnung von Josef Geis | Fliegende Bl\u00e4tter"},"content":{"rendered":"<p>Josef Nikolaus Geis, geboren am 10. Juni 1892 in M\u00fcnchen und dort verstorben am 1. September 1952, war ein in M\u00fcnchen t\u00e4tiger K\u00fcnstler, Illustrator und Graphiker.<\/p>\n<p>Er arbeitete zun\u00e4chst f\u00fcr die humoristische Wochenschrift Fliegende Bl\u00e4tter und sp\u00e4ter f\u00fcr die M\u00fcnchner Kunst- und Literaturzeitschrift Jugend, f\u00fcr die er h\u00e4ufig die Titelseite gestaltete. Zudem entwarf er eindrucksvolle Plakate f\u00fcr die SPD, die sich gegen den Nationalsozialismus richteten. Im Jahr 1929 schuf er ein Plakat, das den Stereotyp des \u201evertierten Bolschewisten\u201c darstellte.<\/p>\n<p>Josef Geis war der Enkel des Volkss\u00e4ngers Jakob Geis, sein Vater war der Schauspieler und S\u00e4nger Josef Geis (1867\u20131940), und sein Bruder war der Dramaturg und Drehbuchautor Jacob Geis.<\/p>\n","protected":false},"excerpt":{"rendered":"<p>Joseph Nikolaus Geis (1892-1952)<\/p>\n","protected":false},"featured_media":269875,"template":"","meta":{"site-sidebar-layout":"default","site-content-layout":"","ast-site-content-layout":"default","site-content-style":"default","site-sidebar-style":"default","ast-global-header-display":"","ast-banner-title-visibility":"","ast-main-header-display":"","ast-hfb-above-header-display":"","ast-hfb-below-header-display":"","ast-hfb-mobile-header-display":"","site-post-title":"","ast-breadcrumbs-content":"","ast-featured-img":"","footer-sml-layout":"","ast-disable-related-posts":"","theme-transparent-header-meta":"default","adv-header-id-meta":"","stick-header-meta":"","header-above-stick-meta":"","header-main-stick-meta":"","header-below-stick-meta":"","astra-migrate-meta-layouts":"set","ast-page-background-enabled":"default","ast-page-background-meta":{"desktop":{"background-color":"var(--ast-global-color-4)","background-image":"","background-repeat":"repeat","background-position":"center center","background-size":"auto","background-attachment":"scroll","background-type":"","background-media":"","overlay-type":"","overlay-color":"","overlay-opacity":"","overlay-gradient":""},"tablet":{"background-color":"","background-image":"","background-repeat":"repeat","background-position":"center center","background-size":"auto","background-attachment":"scroll","background-type":"","background-media":"","overlay-type":"","overlay-color":"","overlay-opacity":"","overlay-gradient":""},"mobile":{"background-color":"","background-image":"","background-repeat":"repeat","background-position":"center center","background-size":"auto","background-attachment":"scroll","background-type":"","background-media":"","overlay-type":"","overlay-color":"","overlay-opacity":"","overlay-gradient":""}},"ast-content-background-meta":{"desktop":{"background-color":"var(--ast-global-color-5)","background-image":"","background-repeat":"repeat","background-position":"center center","background-size":"auto","background-attachment":"scroll","background-type":"","background-media":"","overlay-type":"","overlay-color":"","overlay-opacity":"","overlay-gradient":""},"tablet":{"background-color":"var(--ast-global-color-5)","background-image":"","background-repeat":"repeat","background-position":"center center","background-size":"auto","background-attachment":"scroll","background-type":"","background-media":"","overlay-type":"","overlay-color":"","overlay-opacity":"","overlay-gradient":""},"mobile":{"background-color":"var(--ast-global-color-5)","background-image":"","background-repeat":"repeat","background-position":"center center","background-size":"auto","background-attachment":"scroll","background-type":"","background-media":"","overlay-type":"","overlay-color":"","overlay-opacity":"","overlay-gradient":""}}},"product_brand":[],"product_cat":[52,25,179,14302,424,266],"product_tag":[],"class_list":{"0":"post-269446","1":"product","2":"type-product","3":"status-publish","4":"has-post-thumbnail","6":"product_cat-20th-century","7":"product_cat-deutsch","8":"product_cat-gemaelde","9":"product_cat-josef-geis","10":"product_cat-karikaturen","11":"product_cat-zeichnung","12":"desktop-align-center","13":"tablet-align-left","14":"mobile-align-left","16":"first","17":"instock","18":"taxable","19":"shipping-taxable","20":"product-type-simple"},"_links":{"self":[{"href":"https:\/\/collection.galerie-gerdes.com\/ro\/wp-json\/wp\/v2\/product\/269446","targetHints":{"allow":["GET"]}}],"collection":[{"href":"https:\/\/collection.galerie-gerdes.com\/ro\/wp-json\/wp\/v2\/product"}],"about":[{"href":"https:\/\/collection.galerie-gerdes.com\/ro\/wp-json\/wp\/v2\/types\/product"}],"wp:featuredmedia":[{"embeddable":true,"href":"https:\/\/collection.galerie-gerdes.com\/ro\/wp-json\/wp\/v2\/media\/269875"}],"wp:attachment":[{"href":"https:\/\/collection.galerie-gerdes.com\/ro\/wp-json\/wp\/v2\/media?parent=269446"}],"wp:term":[{"taxonomy":"product_brand","embeddable":true,"href":"https:\/\/collection.galerie-gerdes.com\/ro\/wp-json\/wp\/v2\/product_brand?post=269446"},{"taxonomy":"product_cat","embeddable":true,"href":"https:\/\/collection.galerie-gerdes.com\/ro\/wp-json\/wp\/v2\/product_cat?post=269446"},{"taxonomy":"product_tag","embeddable":true,"href":"https:\/\/collection.galerie-gerdes.com\/ro\/wp-json\/wp\/v2\/product_tag?post=269446"}],"curies":[{"name":"wp","href":"https:\/\/api.w.org\/{rel}","templated":true}]}}