{"id":325381,"date":"2025-09-23T12:58:49","date_gmt":"2025-09-23T10:58:49","guid":{"rendered":"https:\/\/collection.galerie-gerdes.com\/?post_type=product&#038;p=325381"},"modified":"2025-09-23T13:10:19","modified_gmt":"2025-09-23T11:10:19","slug":"expressive-winterlandschaft-kleines-gemaelde-von-walter-gutbrod","status":"publish","type":"product","link":"https:\/\/collection.galerie-gerdes.com\/ro\/p\/expressive-winterlandschaft-kleines-gemaelde-von-walter-gutbrod\/","title":{"rendered":"Expressive Winterlandschaft | Kleines Gem\u00e4lde von Walter Gutbrod"},"content":{"rendered":"<p>Walter Gutbrod (* 5. Juli 1908 in Zuffenhausen; \u2020 6. Juni 1998 in Ludwigsburg) war ein deutscher Maler im Stil des expressiven Realismus. \u00dcber 70 Jahre lang war er als K\u00fcnstler (Maler) aktiv und war parallel fast 50 Jahre als Kunsterzieher t\u00e4tig, \u00fcberwiegend im Raum Stuttgart und Ludwigsburg.<\/p>\n<p>Geboren als Einzelkind begann Gutbrod bereits im Alter von 12 Jahren mit einer intensiven k\u00fcnstlerischen Auseinandersetzung mit seiner Umwelt, die in seinen Tageb\u00fcchern dokumentiert ist. Von 1927 bis 1932 studierte er an der Akademie Stuttgart bei den Professoren Spiegel, Breyer, Habich, Graf und Eckener. 1932 schloss er die Lehramtspr\u00fcfung ab und zog nach Duisburg, wo er in einem privaten Institut als Lehrer t\u00e4tig wurde.<\/p>\n<p>Sp\u00e4ter kehrte er in seine Heimat zur\u00fcck und heiratete am 28. Dezember 1933 standesamtlich und am 6. Januar 1934 kirchlich Lydia Siegel, die Tochter eines Viehh\u00e4ndlers. Aus dieser Ehe, die nie geschieden wurde, gingen die beiden T\u00f6chter Linde und Regine hervor. Ab dem 1. April 1935 war Gutbrod als Amtsverweser im Katharinenstift Stuttgart t\u00e4tig und unterrichtete von 1937 bis 1979 Kunst am Schiller- und M\u00f6rike-Gymnasium in Ludwigsburg.<\/p>\n<p>Im Jahr 1940 wurde er Lehrer am Gymnasium in Korntal und wohnte ab 1943 in Ludwigsburg. Trotz seines hohen Alters ging er 1979, lange nach Erreichen des Pensionsalters, in den Ruhestand und intensivierte seine k\u00fcnstlerische Arbeit. Sein letztes datiertes Bild entstand am 14. M\u00e4rz 1998, und am 6. Juni 1998 verstarb er in Ludwigsburg.<\/p>\n<p>Walter Gutbrod war auch ein leidenschaftlicher Musikfreund und spielte als Pianist vor Publikum. Seine Tage- und Skizzenb\u00fccher sind voll von Notizen \u00fcber Musikst\u00fccke und Komponisten, und viele seiner Bilder signierte er mit einer charakteristischen \u201edrei-Noten\u201c-Signatur. Er pflegte Kontakte zu vielen Kulturschaffenden, darunter Oskar Schlemmer, mit dem er ab 1938 in Kontakt stand, sowie zu dem bekannten Pianisten Wilhelm Kempff. In der Nachkriegszeit engagierte er sich aktiv beim Aufbau des Stuttgarter Kammerorchesters und pflegte eine langj\u00e4hrige Freundschaft zur Familie M\u00fcnchinger. Gutbrod war ebenfalls bei der Gr\u00fcndung der Ludwigsburger Schlossfestspiele aktiv beteiligt und hatte Kontakte zu K\u00fcnstlern wie Gustav Schleicher und Willi Baumeister. Zudem war er Mitglied der Stuttgarter Sezession.<\/p>\n","protected":false},"excerpt":{"rendered":"<p>Walter Gutbrod (1908 &#8211; 1998)<\/p>\n","protected":false},"featured_media":325383,"template":"","meta":{"site-sidebar-layout":"default","site-content-layout":"","ast-site-content-layout":"default","site-content-style":"default","site-sidebar-style":"default","ast-global-header-display":"","ast-banner-title-visibility":"","ast-main-header-display":"","ast-hfb-above-header-display":"","ast-hfb-below-header-display":"","ast-hfb-mobile-header-display":"","site-post-title":"","ast-breadcrumbs-content":"","ast-featured-img":"","footer-sml-layout":"","ast-disable-related-posts":"","theme-transparent-header-meta":"default","adv-header-id-meta":"","stick-header-meta":"","header-above-stick-meta":"","header-main-stick-meta":"","header-below-stick-meta":"","astra-migrate-meta-layouts":"set","ast-page-background-enabled":"default","ast-page-background-meta":{"desktop":{"background-color":"var(--ast-global-color-4)","background-image":"","background-repeat":"repeat","background-position":"center center","background-size":"auto","background-attachment":"scroll","background-type":"","background-media":"","overlay-type":"","overlay-color":"","overlay-opacity":"","overlay-gradient":""},"tablet":{"background-color":"","background-image":"","background-repeat":"repeat","background-position":"center center","background-size":"auto","background-attachment":"scroll","background-type":"","background-media":"","overlay-type":"","overlay-color":"","overlay-opacity":"","overlay-gradient":""},"mobile":{"background-color":"","background-image":"","background-repeat":"repeat","background-position":"center center","background-size":"auto","background-attachment":"scroll","background-type":"","background-media":"","overlay-type":"","overlay-color":"","overlay-opacity":"","overlay-gradient":""}},"ast-content-background-meta":{"desktop":{"background-color":"var(--ast-global-color-5)","background-image":"","background-repeat":"repeat","background-position":"center center","background-size":"auto","background-attachment":"scroll","background-type":"","background-media":"","overlay-type":"","overlay-color":"","overlay-opacity":"","overlay-gradient":""},"tablet":{"background-color":"var(--ast-global-color-5)","background-image":"","background-repeat":"repeat","background-position":"center center","background-size":"auto","background-attachment":"scroll","background-type":"","background-media":"","overlay-type":"","overlay-color":"","overlay-opacity":"","overlay-gradient":""},"mobile":{"background-color":"var(--ast-global-color-5)","background-image":"","background-repeat":"repeat","background-position":"center center","background-size":"auto","background-attachment":"scroll","background-type":"","background-media":"","overlay-type":"","overlay-color":"","overlay-opacity":"","overlay-gradient":""}}},"product_brand":[],"product_cat":[52,25,179,409,14652],"product_tag":[],"class_list":{"0":"post-325381","1":"product","2":"type-product","3":"status-publish","4":"has-post-thumbnail","6":"product_cat-20th-century","7":"product_cat-deutsch","8":"product_cat-gemaelde","9":"product_cat-landschaft","10":"product_cat-walter-gutbrod","11":"desktop-align-center","12":"tablet-align-left","13":"mobile-align-left","15":"first","16":"instock","17":"taxable","18":"shipping-taxable","19":"product-type-simple"},"_links":{"self":[{"href":"https:\/\/collection.galerie-gerdes.com\/ro\/wp-json\/wp\/v2\/product\/325381","targetHints":{"allow":["GET"]}}],"collection":[{"href":"https:\/\/collection.galerie-gerdes.com\/ro\/wp-json\/wp\/v2\/product"}],"about":[{"href":"https:\/\/collection.galerie-gerdes.com\/ro\/wp-json\/wp\/v2\/types\/product"}],"wp:featuredmedia":[{"embeddable":true,"href":"https:\/\/collection.galerie-gerdes.com\/ro\/wp-json\/wp\/v2\/media\/325383"}],"wp:attachment":[{"href":"https:\/\/collection.galerie-gerdes.com\/ro\/wp-json\/wp\/v2\/media?parent=325381"}],"wp:term":[{"taxonomy":"product_brand","embeddable":true,"href":"https:\/\/collection.galerie-gerdes.com\/ro\/wp-json\/wp\/v2\/product_brand?post=325381"},{"taxonomy":"product_cat","embeddable":true,"href":"https:\/\/collection.galerie-gerdes.com\/ro\/wp-json\/wp\/v2\/product_cat?post=325381"},{"taxonomy":"product_tag","embeddable":true,"href":"https:\/\/collection.galerie-gerdes.com\/ro\/wp-json\/wp\/v2\/product_tag?post=325381"}],"curies":[{"name":"wp","href":"https:\/\/api.w.org\/{rel}","templated":true}]}}