{"id":417331,"date":"2026-02-07T17:49:38","date_gmt":"2026-02-07T16:49:38","guid":{"rendered":"https:\/\/collection.galerie-gerdes.com\/?post_type=product&#038;p=417331"},"modified":"2026-02-07T17:49:39","modified_gmt":"2026-02-07T16:49:39","slug":"hoellental-mit-zugspitze-aquarell-von-franz-krippendorf","status":"publish","type":"product","link":"https:\/\/collection.galerie-gerdes.com\/ro\/p\/hoellental-mit-zugspitze-aquarell-von-franz-krippendorf\/","title":{"rendered":"H\u00f6llental mit Zugspitze | Aquarell von Franz Krippendorf"},"content":{"rendered":"<p data-start=\"86\" data-end=\"293\"><strong data-start=\"86\" data-end=\"107\">Franz Krippendorf<\/strong> (* 25. Juli 1907 in Innsbruck; \u2020 1982 in M\u00fcnchen) war ein \u00f6sterreichisch-deutscher Maler und Aquarellist. Sein Werk umfasste vor allem Landschafts- und Bergdarstellungen sowie Portr\u00e4ts.<\/p>\n<p data-start=\"295\" data-end=\"717\">Er begann 1925 in Rosenheim mit ersten malerischen Arbeiten. 1926 hielt er sich in Stuttgart auf, wo er Sch\u00fcler von H. L. Schmidt war. Von 1927 bis 1929 studierte Krippendorf an der Staatlichen Akademie der Bildenden K\u00fcnste in Stuttgart bei Adolf H\u00f6lzel. Weitere Studien absolvierte er an der Kunstschule des Westens in Berlin bei Professor Zimmermann. Zudem war er f\u00fcr zwei Jahre Meistersch\u00fcler von Professor Carl Reiser.<\/p>\n<p data-start=\"719\" data-end=\"975\" data-is-last-node=\"\" data-is-only-node=\"\">Krippendorf war Mitglied im K\u00fcnstlerbund Berchtesgaden. In den Jahren von 1948 bis 1959 arbeitete er im Landkreis Farchant. Nach 1959 lebte er am Starnberger See und war weiterhin k\u00fcnstlerisch t\u00e4tig, unter anderem in M\u00fcnchen. Dort verstarb er im Jahr 1982.<\/p>\n","protected":false},"excerpt":{"rendered":"<p class=\"p1\">Franz Krippendorf (1907-1982)<\/p>\n","protected":false},"featured_media":419562,"template":"","meta":{"site-sidebar-layout":"default","site-content-layout":"","ast-site-content-layout":"default","site-content-style":"default","site-sidebar-style":"default","ast-global-header-display":"","ast-banner-title-visibility":"","ast-main-header-display":"","ast-hfb-above-header-display":"","ast-hfb-below-header-display":"","ast-hfb-mobile-header-display":"","site-post-title":"","ast-breadcrumbs-content":"","ast-featured-img":"","footer-sml-layout":"","ast-disable-related-posts":"","theme-transparent-header-meta":"default","adv-header-id-meta":"","stick-header-meta":"","header-above-stick-meta":"","header-main-stick-meta":"","header-below-stick-meta":"","astra-migrate-meta-layouts":"set","ast-page-background-enabled":"default","ast-page-background-meta":{"desktop":{"background-color":"var(--ast-global-color-4)","background-image":"","background-repeat":"repeat","background-position":"center center","background-size":"auto","background-attachment":"scroll","background-type":"","background-media":"","overlay-type":"","overlay-color":"","overlay-opacity":"","overlay-gradient":""},"tablet":{"background-color":"","background-image":"","background-repeat":"repeat","background-position":"center center","background-size":"auto","background-attachment":"scroll","background-type":"","background-media":"","overlay-type":"","overlay-color":"","overlay-opacity":"","overlay-gradient":""},"mobile":{"background-color":"","background-image":"","background-repeat":"repeat","background-position":"center center","background-size":"auto","background-attachment":"scroll","background-type":"","background-media":"","overlay-type":"","overlay-color":"","overlay-opacity":"","overlay-gradient":""}},"ast-content-background-meta":{"desktop":{"background-color":"var(--ast-global-color-5)","background-image":"","background-repeat":"repeat","background-position":"center center","background-size":"auto","background-attachment":"scroll","background-type":"","background-media":"","overlay-type":"","overlay-color":"","overlay-opacity":"","overlay-gradient":""},"tablet":{"background-color":"var(--ast-global-color-5)","background-image":"","background-repeat":"repeat","background-position":"center center","background-size":"auto","background-attachment":"scroll","background-type":"","background-media":"","overlay-type":"","overlay-color":"","overlay-opacity":"","overlay-gradient":""},"mobile":{"background-color":"var(--ast-global-color-5)","background-image":"","background-repeat":"repeat","background-position":"center center","background-size":"auto","background-attachment":"scroll","background-type":"","background-media":"","overlay-type":"","overlay-color":"","overlay-opacity":"","overlay-gradient":""}}},"product_brand":[],"product_cat":[15366],"product_tag":[],"class_list":{"0":"post-417331","1":"product","2":"type-product","3":"status-publish","4":"has-post-thumbnail","6":"product_cat-franz-krippendorf","7":"desktop-align-center","8":"tablet-align-left","9":"mobile-align-left","11":"first","12":"instock","13":"taxable","14":"shipping-taxable","15":"product-type-simple"},"_links":{"self":[{"href":"https:\/\/collection.galerie-gerdes.com\/ro\/wp-json\/wp\/v2\/product\/417331","targetHints":{"allow":["GET"]}}],"collection":[{"href":"https:\/\/collection.galerie-gerdes.com\/ro\/wp-json\/wp\/v2\/product"}],"about":[{"href":"https:\/\/collection.galerie-gerdes.com\/ro\/wp-json\/wp\/v2\/types\/product"}],"wp:featuredmedia":[{"embeddable":true,"href":"https:\/\/collection.galerie-gerdes.com\/ro\/wp-json\/wp\/v2\/media\/419562"}],"wp:attachment":[{"href":"https:\/\/collection.galerie-gerdes.com\/ro\/wp-json\/wp\/v2\/media?parent=417331"}],"wp:term":[{"taxonomy":"product_brand","embeddable":true,"href":"https:\/\/collection.galerie-gerdes.com\/ro\/wp-json\/wp\/v2\/product_brand?post=417331"},{"taxonomy":"product_cat","embeddable":true,"href":"https:\/\/collection.galerie-gerdes.com\/ro\/wp-json\/wp\/v2\/product_cat?post=417331"},{"taxonomy":"product_tag","embeddable":true,"href":"https:\/\/collection.galerie-gerdes.com\/ro\/wp-json\/wp\/v2\/product_tag?post=417331"}],"curies":[{"name":"wp","href":"https:\/\/api.w.org\/{rel}","templated":true}]}}