{"id":436,"date":"2023-12-25T18:26:30","date_gmt":"2023-12-25T17:26:30","guid":{"rendered":"https:\/\/collection.galerie-gerdes.com\/?post_type=product&#038;p=436"},"modified":"2024-09-16T12:08:32","modified_gmt":"2024-09-16T10:08:32","slug":"fjord-landschaft","status":"publish","type":"product","link":"https:\/\/collection.galerie-gerdes.com\/ro\/p\/fjord-landschaft\/","title":{"rendered":"Weite stimmungsvolle Fjord Landschaft, Alois Arnegger, Gem\u00e4lde auf Leinwand"},"content":{"rendered":"<p>Alois Arnegger absolvierte sein Kunststudium an der renommierten Akademie der bildenden K\u00fcnste in Wien unter der Anleitung namhafter Lehrer wie Robert Russ und August Eisenmenger. Seine herausragenden F\u00e4higkeiten als Landschaftsmaler verschafften ihm rasch Anerkennung in der Kunstszene. In den Anfangsjahren seines Schaffens widmete er sich insbesondere der Darstellung \u00f6sterreichischer Landschaften, darunter die majest\u00e4tischen Alpen und der malerische Weinbauerort Senftenberg, wo er gerne seine Sommerfrische verbrachte. Auch das idyllische Hinterbr\u00fchl, der Geburtsort von vier seiner sechs Kinder \u2013 Gottfried (1908), Maria (1909), Auguste (1912) und Ernest (1917) \u2013, diente ihm als Inspirationsquelle.<\/p>\n<p>Nach ausgiebigen Studienreisen durch Italien in den 1920er Jahren verlagerte Arneggers Schaffensschwerpunkt sich vermehrt auf mediterrane K\u00fcstenlandschaften. Seine Werke zeugen von seiner Faszination f\u00fcr Orte wie Neapel, Capri und San Remo, die er mit meisterhaftem Pinselstrich und Sinn f\u00fcr Atmosph\u00e4re festhielt.<\/p>\n<p>In der Tradition einiger anderer Landschaftsmaler seiner Zeit strebte Arnegger danach, die von Industrialisierung und Kriegen gepr\u00e4gte Gesellschaft zu bes\u00e4nftigen. Er versuchte, deren Sehnsucht nach einer intakten Natur und einer heilen Welt, oft in Form der sogenannten &#8222;Alpenromantik&#8221;, wiederzubeleben. Durch dieses Streben erlangte er schlie\u00dflich eine beachtliche Bekanntheit.<\/p>\n<p>Alois Arnegger verstarb im Jahr 1963 im Alter von 84 Jahren in Wien. Auch sein Sohn, Gottfried Arnegger (1908\u20131943), folgte den k\u00fcnstlerischen Pfaden der Familie und machte sich einen Namen als Maler.<\/p>\n","protected":false},"excerpt":{"rendered":"<p>Alois ARNEGGER (1879-1963)<br \/>\nGem\u00e4lde befindet sich in Restaurierung<\/p>\n","protected":false},"featured_media":437,"template":"","meta":{"site-sidebar-layout":"default","site-content-layout":"","ast-site-content-layout":"default","site-content-style":"default","site-sidebar-style":"default","ast-global-header-display":"","ast-banner-title-visibility":"","ast-main-header-display":"","ast-hfb-above-header-display":"","ast-hfb-below-header-display":"","ast-hfb-mobile-header-display":"","site-post-title":"","ast-breadcrumbs-content":"","ast-featured-img":"","footer-sml-layout":"","ast-disable-related-posts":"","theme-transparent-header-meta":"default","adv-header-id-meta":"","stick-header-meta":"","header-above-stick-meta":"","header-main-stick-meta":"","header-below-stick-meta":"","astra-migrate-meta-layouts":"set","ast-page-background-enabled":"default","ast-page-background-meta":{"desktop":{"background-color":"var(--ast-global-color-4)","background-image":"","background-repeat":"repeat","background-position":"center center","background-size":"auto","background-attachment":"scroll","background-type":"","background-media":"","overlay-type":"","overlay-color":"","overlay-opacity":"","overlay-gradient":""},"tablet":{"background-color":"","background-image":"","background-repeat":"repeat","background-position":"center center","background-size":"auto","background-attachment":"scroll","background-type":"","background-media":"","overlay-type":"","overlay-color":"","overlay-opacity":"","overlay-gradient":""},"mobile":{"background-color":"","background-image":"","background-repeat":"repeat","background-position":"center center","background-size":"auto","background-attachment":"scroll","background-type":"","background-media":"","overlay-type":"","overlay-color":"","overlay-opacity":"","overlay-gradient":""}},"ast-content-background-meta":{"desktop":{"background-color":"var(--ast-global-color-5)","background-image":"","background-repeat":"repeat","background-position":"center center","background-size":"auto","background-attachment":"scroll","background-type":"","background-media":"","overlay-type":"","overlay-color":"","overlay-opacity":"","overlay-gradient":""},"tablet":{"background-color":"var(--ast-global-color-5)","background-image":"","background-repeat":"repeat","background-position":"center center","background-size":"auto","background-attachment":"scroll","background-type":"","background-media":"","overlay-type":"","overlay-color":"","overlay-opacity":"","overlay-gradient":""},"mobile":{"background-color":"var(--ast-global-color-5)","background-image":"","background-repeat":"repeat","background-position":"center center","background-size":"auto","background-attachment":"scroll","background-type":"","background-media":"","overlay-type":"","overlay-color":"","overlay-opacity":"","overlay-gradient":""}}},"product_brand":[],"product_cat":[15,52,151,179,409],"product_tag":[364,362,363,74,361,365,14383,14382],"class_list":{"0":"post-436","1":"product","2":"type-product","3":"status-publish","4":"has-post-thumbnail","6":"product_cat-oesterreichisch","7":"product_cat-20th-century","8":"product_cat-alois-arnegger","9":"product_cat-gemaelde","10":"product_cat-landschaft","11":"product_tag-art","12":"product_tag-gemalde","13":"product_tag-kunst","14":"product_tag-painting","15":"product_tag-peintures","16":"product_tag-pittura","17":"product_tag-sehr-gross","18":"product_tag-speditionsversand","19":"desktop-align-center","20":"tablet-align-left","21":"mobile-align-left","23":"first","24":"instock","25":"taxable","26":"shipping-taxable","27":"product-type-simple"},"_links":{"self":[{"href":"https:\/\/collection.galerie-gerdes.com\/ro\/wp-json\/wp\/v2\/product\/436","targetHints":{"allow":["GET"]}}],"collection":[{"href":"https:\/\/collection.galerie-gerdes.com\/ro\/wp-json\/wp\/v2\/product"}],"about":[{"href":"https:\/\/collection.galerie-gerdes.com\/ro\/wp-json\/wp\/v2\/types\/product"}],"wp:featuredmedia":[{"embeddable":true,"href":"https:\/\/collection.galerie-gerdes.com\/ro\/wp-json\/wp\/v2\/media\/437"}],"wp:attachment":[{"href":"https:\/\/collection.galerie-gerdes.com\/ro\/wp-json\/wp\/v2\/media?parent=436"}],"wp:term":[{"taxonomy":"product_brand","embeddable":true,"href":"https:\/\/collection.galerie-gerdes.com\/ro\/wp-json\/wp\/v2\/product_brand?post=436"},{"taxonomy":"product_cat","embeddable":true,"href":"https:\/\/collection.galerie-gerdes.com\/ro\/wp-json\/wp\/v2\/product_cat?post=436"},{"taxonomy":"product_tag","embeddable":true,"href":"https:\/\/collection.galerie-gerdes.com\/ro\/wp-json\/wp\/v2\/product_tag?post=436"}],"curies":[{"name":"wp","href":"https:\/\/api.w.org\/{rel}","templated":true}]}}