{"id":466,"date":"2023-12-26T11:31:09","date_gmt":"2023-12-26T10:31:09","guid":{"rendered":"https:\/\/collection.galerie-gerdes.com\/?post_type=product&#038;p=466"},"modified":"2024-05-21T13:06:39","modified_gmt":"2024-05-21T11:06:39","slug":"oskar-h-hagemann-1888-1985","status":"publish","type":"product","link":"https:\/\/collection.galerie-gerdes.com\/ro\/p\/oskar-h-hagemann-1888-1985\/","title":{"rendered":"Gem\u00e4lde Alpendorf, 1925 von Oskar Hagemann, \u00d6lgem\u00e4lde auf Leinwand"},"content":{"rendered":"<p>Oscar &#8222;Oskar&#8221; Hagemann wurde am 12. Oktober 1888 in Holoubkov bei Pilsen, \u00d6sterreich-Ungarn, geboren und verstarb am 18. August 1984 in Karlsruhe. Er war ein deutscher Maler.<\/p>\n<p>Urspr\u00fcnglich aus dem b\u00f6hmischen Holoubkov stammend, zog Oscar Hagemann im Jahr 1896 nach dem fr\u00fchen Tod seines Vaters nach L\u00fcbeck und anschlie\u00dfend nach Baden-Baden. Bereits fr\u00fch erkannte seine Mutter sein Talent und erm\u00f6glichte ihm ab 1901 ersten Mal- und Zeichenunterricht bei Ivo Puhonny.<\/p>\n<p>Im Jahr 1906, im Alter von 18 Jahren, schrieb sich Oscar Hagemann an der Kunstakademie Karlsruhe ein. Dort wurden ihm Ludwig Schmid-Reutte, Walter Conz und Ludwig Wilhelm Plock als erste Lehrer zugeteilt. 1908 wurde er in die Meisterklasse von Wilhelm Tr\u00fcbner aufgenommen.<\/p>\n<p>Bereits w\u00e4hrend seiner Studienzeit beteiligte sich Hagemann an ersten Ausstellungen in M\u00fcnchen und Baden-Baden, was dazu f\u00fchrte, dass das K\u00f6lner Wallraf-Richartz-Museum eines seiner Werke, &#8222;Die Weinprobe&#8221;, erwarb.<\/p>\n<p>Von 1912 bis zum Ausbruch des Ersten Weltkriegs lebte Hagemann mit seiner ersten Frau, der K\u00fcnstlerin Gertrud &#8222;Gertel&#8221; Stamm-Hagemann (1891\u20131939), im Schloss Augustenburg in Karlsruhe, das in den 1890er Jahren als kultureller Mittelpunkt der Gr\u00f6tzinger Malerkolonie diente. Von etwa 1917 bis Oktober 1920 residierten sie im Schloss Sommerau im Spessart. Gertel Hagemann verfasste das B\u00fcchlein &#8222;MUSCHIK&#8221; \u2013 eine Erz\u00e4hlung aus dem Leben eines Pferdes, das sich in Sommerau (heute ein Ortsteil von Eschau im Spessart) sowie in Karlsruhe und Umgebung abspielte und nach ihrem Tod im Jahr 1940 ver\u00f6ffentlicht wurde. Zwischen 1942 und dem 30. September 1944 unterrichtete Hagemann an der Kunstakademie Karlsruhe und schloss 1943 seine zweite Ehe.<\/p>\n<p>W\u00e4hrend der Jahre von 1937 bis 1943 war Hagemann regelm\u00e4\u00dfig auf der Gro\u00dfen Deutschen Kunstausstellung in M\u00fcnchen vertreten und wurde in die Gottbegnadeten-Liste des Reichsministeriums f\u00fcr Volksaufkl\u00e4rung und Propaganda aufgenommen. Kriegsbedingt lebte er von 1944 bis 1951 in Konstanz, bevor er 1951 nach Karlsruhe-Durlach zur\u00fcckkehrte.<\/p>\n<p>Hagemann betrachtete sich als Portr\u00e4tmaler, und sein Werk besteht haupts\u00e4chlich aus Portr\u00e4ts. Zur Signierung seiner Werke verwendete er stets seinen Vornamen mit &#8222;k&#8221;: Oskar H. Hagemann. Diese Schreibweise hat sich in der Literatur, in Ausstellungen und im Kunsthandel durchgesetzt.<\/p>\n<p>Oskar Hagemann war Mitglied des Deutschen K\u00fcnstlerbunds und beteiligte sich im Jahr 1953 in der DDR mit drei \u00d6lgem\u00e4lden an der Dritten Deutschen Kunstausstellung in Dresden.<\/p>\n","protected":false},"excerpt":{"rendered":"<p>Oskar H. HAGEMANN (1888-1985)<\/p>\n<p>Gerahmt, Rahmung stark besch\u00e4digt<\/p>\n","protected":false},"featured_media":469,"template":"","meta":{"site-sidebar-layout":"default","site-content-layout":"","ast-site-content-layout":"default","site-content-style":"default","site-sidebar-style":"default","ast-global-header-display":"","ast-banner-title-visibility":"","ast-main-header-display":"","ast-hfb-above-header-display":"","ast-hfb-below-header-display":"","ast-hfb-mobile-header-display":"","site-post-title":"","ast-breadcrumbs-content":"","ast-featured-img":"","footer-sml-layout":"","ast-disable-related-posts":"","theme-transparent-header-meta":"default","adv-header-id-meta":"","stick-header-meta":"","header-above-stick-meta":"","header-main-stick-meta":"","header-below-stick-meta":"","astra-migrate-meta-layouts":"set","ast-page-background-enabled":"default","ast-page-background-meta":{"desktop":{"background-color":"var(--ast-global-color-4)","background-image":"","background-repeat":"repeat","background-position":"center center","background-size":"auto","background-attachment":"scroll","background-type":"","background-media":"","overlay-type":"","overlay-color":"","overlay-opacity":"","overlay-gradient":""},"tablet":{"background-color":"","background-image":"","background-repeat":"repeat","background-position":"center center","background-size":"auto","background-attachment":"scroll","background-type":"","background-media":"","overlay-type":"","overlay-color":"","overlay-opacity":"","overlay-gradient":""},"mobile":{"background-color":"","background-image":"","background-repeat":"repeat","background-position":"center center","background-size":"auto","background-attachment":"scroll","background-type":"","background-media":"","overlay-type":"","overlay-color":"","overlay-opacity":"","overlay-gradient":""}},"ast-content-background-meta":{"desktop":{"background-color":"var(--ast-global-color-5)","background-image":"","background-repeat":"repeat","background-position":"center center","background-size":"auto","background-attachment":"scroll","background-type":"","background-media":"","overlay-type":"","overlay-color":"","overlay-opacity":"","overlay-gradient":""},"tablet":{"background-color":"var(--ast-global-color-5)","background-image":"","background-repeat":"repeat","background-position":"center center","background-size":"auto","background-attachment":"scroll","background-type":"","background-media":"","overlay-type":"","overlay-color":"","overlay-opacity":"","overlay-gradient":""},"mobile":{"background-color":"var(--ast-global-color-5)","background-image":"","background-repeat":"repeat","background-position":"center center","background-size":"auto","background-attachment":"scroll","background-type":"","background-media":"","overlay-type":"","overlay-color":"","overlay-opacity":"","overlay-gradient":""}}},"product_brand":[],"product_cat":[179,409,162],"product_tag":[364,362,363,74,361,365],"class_list":{"0":"post-466","1":"product","2":"type-product","3":"status-publish","4":"has-post-thumbnail","6":"product_cat-gemaelde","7":"product_cat-landschaft","8":"product_cat-oskar-h-hagemann","9":"product_tag-art","10":"product_tag-gemalde","11":"product_tag-kunst","12":"product_tag-painting","13":"product_tag-peintures","14":"product_tag-pittura","15":"desktop-align-center","16":"tablet-align-left","17":"mobile-align-left","19":"first","20":"instock","21":"taxable","22":"shipping-taxable","23":"product-type-simple"},"_links":{"self":[{"href":"https:\/\/collection.galerie-gerdes.com\/ro\/wp-json\/wp\/v2\/product\/466","targetHints":{"allow":["GET"]}}],"collection":[{"href":"https:\/\/collection.galerie-gerdes.com\/ro\/wp-json\/wp\/v2\/product"}],"about":[{"href":"https:\/\/collection.galerie-gerdes.com\/ro\/wp-json\/wp\/v2\/types\/product"}],"wp:featuredmedia":[{"embeddable":true,"href":"https:\/\/collection.galerie-gerdes.com\/ro\/wp-json\/wp\/v2\/media\/469"}],"wp:attachment":[{"href":"https:\/\/collection.galerie-gerdes.com\/ro\/wp-json\/wp\/v2\/media?parent=466"}],"wp:term":[{"taxonomy":"product_brand","embeddable":true,"href":"https:\/\/collection.galerie-gerdes.com\/ro\/wp-json\/wp\/v2\/product_brand?post=466"},{"taxonomy":"product_cat","embeddable":true,"href":"https:\/\/collection.galerie-gerdes.com\/ro\/wp-json\/wp\/v2\/product_cat?post=466"},{"taxonomy":"product_tag","embeddable":true,"href":"https:\/\/collection.galerie-gerdes.com\/ro\/wp-json\/wp\/v2\/product_tag?post=466"}],"curies":[{"name":"wp","href":"https:\/\/api.w.org\/{rel}","templated":true}]}}