{"id":5782,"date":"2024-04-22T09:51:54","date_gmt":"2024-04-22T07:51:54","guid":{"rendered":"https:\/\/collection.galerie-gerdes.com\/?post_type=product&#038;p=5782"},"modified":"2024-06-03T15:43:00","modified_gmt":"2024-06-03T13:43:00","slug":"altrheinlandschaft-aquarell-von-georg-vorhauer","status":"publish","type":"product","link":"https:\/\/collection.galerie-gerdes.com\/ro\/p\/altrheinlandschaft-aquarell-von-georg-vorhauer\/","title":{"rendered":"Altrheinlandschaft, Aquarell von Georg Vorhauer"},"content":{"rendered":"<p>Georg Vorhauer (1903\u20131987) war ein deutscher Maler, Zeichner und Bildhauer.<\/p>\n<p>Geboren in Paris, zog seine Familie 1905 nach Speyer, wo sein Vater als Kunsttischler t\u00e4tig war. Nach einer Lehre als Lithograf und einer Ausbildung zum M\u00f6beltischler erlangte Vorhauer 1929 den Meisterbrief in diesem Handwerk. Danach begann er sein Studium an der Freien Akademie in Mannheim und setzte es 1931 an der Akademie Karlsruhe fort, wo er unter Albert Haueisen studierte. Als Haueisen aus politischen Gr\u00fcnden zur\u00fccktrat, wurde Vorhauer dessen Assistent und privater Meistersch\u00fcler in Jockgrim\/Pfalz. 1936 erhielt er die M\u00f6glichkeit eines Gaststudiums an der Akademie Berlin, wo er Wandmalerei bei Kurt Wehlte studierte. Schon im darauffolgenden Jahr erhielt er seinen ersten \u00f6ffentlichen Auftrag f\u00fcr ein Wandbild in Sgraffito-Technik in Berlin-Zehlendorf.<\/p>\n<p>1937 lie\u00df sich Vorhauer in Neustadt an der Weinstra\u00dfe nieder und bekam weitere \u00f6ffentliche Auftr\u00e4ge. W\u00e4hrend des Nationalsozialismus beteiligte er sich an Ausstellungen der SA und war Mitglied der SA. 1939 wurde er zum Kriegsdienst eingezogen und kehrte erst 1948 aus der Kriegsgefangenschaft in Frankreich zur\u00fcck.<\/p>\n<p>Nach dem Krieg war Vorhauer Gr\u00fcndungsmitglied der Pf\u00e4lzer K\u00fcnstlergenossenschaft 1953 und des K\u00fcnstlerbundes Rhein-Neckar 1963.<\/p>\n<p>Sein Werk umfasst Gem\u00e4lde, Grafiken und Plastiken. Beeinflusst von De Stijl, den Kubisten und der Ecole de Paris, wandte er sich ab den 1970er Jahren der gro\u00dffl\u00e4chigen Malerei und Plastik zu, die sowohl konkrete als auch abstrakte Formen annahmen und durch leuchtende Farbigkeit gekennzeichnet waren. Er begann autodidaktisch in den 1960er Jahren mit der Bildhauerei und schuf f\u00fcr staatliche, kommunale und kirchliche Geb\u00e4ude Wand- und Bodengestaltungen, Mosaike und Reliefs aus verschiedenen Materialien wie Holz, Stein, Marmor und Kupfer, oft gro\u00dffl\u00e4chig und rhythmisch gegliedert. Seine Freiplastiken waren h\u00e4ufig biomorph-vegetativ und zeigten wand- oder stelenartige Strukturen mit Durchblicken, die das Werden und Wachsen symbolisierten. Beton und Aluminium waren seine bevorzugten Arbeitsmaterialien.<\/p>\n","protected":false},"excerpt":{"rendered":"<p>Georg VORHAUER (1903-1987)<\/p>\n","protected":false},"featured_media":5800,"template":"","meta":{"site-sidebar-layout":"default","site-content-layout":"","ast-site-content-layout":"default","site-content-style":"default","site-sidebar-style":"default","ast-global-header-display":"","ast-banner-title-visibility":"","ast-main-header-display":"","ast-hfb-above-header-display":"","ast-hfb-below-header-display":"","ast-hfb-mobile-header-display":"","site-post-title":"","ast-breadcrumbs-content":"","ast-featured-img":"","footer-sml-layout":"","ast-disable-related-posts":"","theme-transparent-header-meta":"default","adv-header-id-meta":"","stick-header-meta":"","header-above-stick-meta":"","header-main-stick-meta":"","header-below-stick-meta":"","astra-migrate-meta-layouts":"set","ast-page-background-enabled":"default","ast-page-background-meta":{"desktop":{"background-color":"var(--ast-global-color-4)","background-image":"","background-repeat":"repeat","background-position":"center center","background-size":"auto","background-attachment":"scroll","background-type":"","background-media":"","overlay-type":"","overlay-color":"","overlay-opacity":"","overlay-gradient":""},"tablet":{"background-color":"","background-image":"","background-repeat":"repeat","background-position":"center center","background-size":"auto","background-attachment":"scroll","background-type":"","background-media":"","overlay-type":"","overlay-color":"","overlay-opacity":"","overlay-gradient":""},"mobile":{"background-color":"","background-image":"","background-repeat":"repeat","background-position":"center center","background-size":"auto","background-attachment":"scroll","background-type":"","background-media":"","overlay-type":"","overlay-color":"","overlay-opacity":"","overlay-gradient":""}},"ast-content-background-meta":{"desktop":{"background-color":"var(--ast-global-color-5)","background-image":"","background-repeat":"repeat","background-position":"center center","background-size":"auto","background-attachment":"scroll","background-type":"","background-media":"","overlay-type":"","overlay-color":"","overlay-opacity":"","overlay-gradient":""},"tablet":{"background-color":"var(--ast-global-color-5)","background-image":"","background-repeat":"repeat","background-position":"center center","background-size":"auto","background-attachment":"scroll","background-type":"","background-media":"","overlay-type":"","overlay-color":"","overlay-opacity":"","overlay-gradient":""},"mobile":{"background-color":"var(--ast-global-color-5)","background-image":"","background-repeat":"repeat","background-position":"center center","background-size":"auto","background-attachment":"scroll","background-type":"","background-media":"","overlay-type":"","overlay-color":"","overlay-opacity":"","overlay-gradient":""}}},"product_brand":[],"product_cat":[52,265,25,179,352,409],"product_tag":[364,362,363,74,361,365],"class_list":{"0":"post-5782","1":"product","2":"type-product","3":"status-publish","4":"has-post-thumbnail","6":"product_cat-20th-century","7":"product_cat-aquarell","8":"product_cat-deutsch","9":"product_cat-gemaelde","10":"product_cat-georg-vorhauer","11":"product_cat-landschaft","12":"product_tag-art","13":"product_tag-gemalde","14":"product_tag-kunst","15":"product_tag-painting","16":"product_tag-peintures","17":"product_tag-pittura","18":"desktop-align-center","19":"tablet-align-left","20":"mobile-align-left","22":"first","23":"instock","24":"taxable","25":"shipping-taxable","26":"product-type-simple"},"_links":{"self":[{"href":"https:\/\/collection.galerie-gerdes.com\/ro\/wp-json\/wp\/v2\/product\/5782","targetHints":{"allow":["GET"]}}],"collection":[{"href":"https:\/\/collection.galerie-gerdes.com\/ro\/wp-json\/wp\/v2\/product"}],"about":[{"href":"https:\/\/collection.galerie-gerdes.com\/ro\/wp-json\/wp\/v2\/types\/product"}],"wp:featuredmedia":[{"embeddable":true,"href":"https:\/\/collection.galerie-gerdes.com\/ro\/wp-json\/wp\/v2\/media\/5800"}],"wp:attachment":[{"href":"https:\/\/collection.galerie-gerdes.com\/ro\/wp-json\/wp\/v2\/media?parent=5782"}],"wp:term":[{"taxonomy":"product_brand","embeddable":true,"href":"https:\/\/collection.galerie-gerdes.com\/ro\/wp-json\/wp\/v2\/product_brand?post=5782"},{"taxonomy":"product_cat","embeddable":true,"href":"https:\/\/collection.galerie-gerdes.com\/ro\/wp-json\/wp\/v2\/product_cat?post=5782"},{"taxonomy":"product_tag","embeddable":true,"href":"https:\/\/collection.galerie-gerdes.com\/ro\/wp-json\/wp\/v2\/product_tag?post=5782"}],"curies":[{"name":"wp","href":"https:\/\/api.w.org\/{rel}","templated":true}]}}