{"id":6746,"date":"2024-05-13T22:31:24","date_gmt":"2024-05-13T20:31:24","guid":{"rendered":"https:\/\/collection.galerie-gerdes.com\/?post_type=product&#038;p=6746"},"modified":"2024-09-26T17:07:47","modified_gmt":"2024-09-26T15:07:47","slug":"flusslandschaft-in-einem-gebirge-gemalde-von-geza-victor-haussmann","status":"publish","type":"product","link":"https:\/\/collection.galerie-gerdes.com\/ro\/p\/flusslandschaft-in-einem-gebirge-gemalde-von-geza-victor-haussmann\/","title":{"rendered":"Flusslandschaft in einem Gebirge | Gem\u00e4lde von Ge\u0301za Victor Haussmann"},"content":{"rendered":"<p>Geza Victor Hausmann, auch bekannt als Haussmann oder Hausmann-Sator, wurde 1858 in Neustadt am Zeltberg, \u00d6sterreich-Ungarn, geboren und verstarb am 5. Februar 1920 in Berlin-Steglitz. Er war ein bedeutender \u00f6sterreichisch-deutscher Maler.<\/p>\n<p>Als Sohn des Ingenieurs Joseph Hausmann begann Geza Hausmann seine k\u00fcnstlerische Laufbahn in Wien, wo er eine akademische Ausbildung als Portr\u00e4t- und Historienmaler erhielt. Seine k\u00fcnstlerischen F\u00e4higkeiten f\u00fchrten zu einer respektierten Position in der Kunstszene.<\/p>\n<p>Besonders bemerkenswert ist seine Rolle als Vater des 1886 geborenen dadaistischen K\u00fcnstlers Raoul Hausmann, der sp\u00e4ter selbst eine bedeutende Figur in der Kunstbewegung des Dadaismus wurde.<\/p>\n<p>Im Jahr 1900 entschied sich Geza Hausmann, mit seiner Familie nach Berlin zu ziehen, wo er weiterhin aktiv an seiner k\u00fcnstlerischen Arbeit teilnahm. Tragischerweise endete sein Leben am 5. Februar 1920, als er zusammen mit seiner Ehefrau Irene in ihrer gemeinsamen Wohnung in der Feuerbachstra\u00dfe 12 durch Suizid verstarb.<\/p>\n","protected":false},"excerpt":{"rendered":"<p>G\u00e9za Victor Haussmann (1858-1920)<br \/>\nStellenweise besch\u00e4digt<\/p>\n","protected":false},"featured_media":6747,"template":"","meta":{"site-sidebar-layout":"default","site-content-layout":"","ast-site-content-layout":"default","site-content-style":"default","site-sidebar-style":"default","ast-global-header-display":"","ast-banner-title-visibility":"","ast-main-header-display":"","ast-hfb-above-header-display":"","ast-hfb-below-header-display":"","ast-hfb-mobile-header-display":"","site-post-title":"","ast-breadcrumbs-content":"","ast-featured-img":"","footer-sml-layout":"","ast-disable-related-posts":"","theme-transparent-header-meta":"default","adv-header-id-meta":"","stick-header-meta":"","header-above-stick-meta":"","header-main-stick-meta":"","header-below-stick-meta":"","astra-migrate-meta-layouts":"set","ast-page-background-enabled":"default","ast-page-background-meta":{"desktop":{"background-color":"var(--ast-global-color-4)","background-image":"","background-repeat":"repeat","background-position":"center center","background-size":"auto","background-attachment":"scroll","background-type":"","background-media":"","overlay-type":"","overlay-color":"","overlay-opacity":"","overlay-gradient":""},"tablet":{"background-color":"","background-image":"","background-repeat":"repeat","background-position":"center center","background-size":"auto","background-attachment":"scroll","background-type":"","background-media":"","overlay-type":"","overlay-color":"","overlay-opacity":"","overlay-gradient":""},"mobile":{"background-color":"","background-image":"","background-repeat":"repeat","background-position":"center center","background-size":"auto","background-attachment":"scroll","background-type":"","background-media":"","overlay-type":"","overlay-color":"","overlay-opacity":"","overlay-gradient":""}},"ast-content-background-meta":{"desktop":{"background-color":"var(--ast-global-color-5)","background-image":"","background-repeat":"repeat","background-position":"center center","background-size":"auto","background-attachment":"scroll","background-type":"","background-media":"","overlay-type":"","overlay-color":"","overlay-opacity":"","overlay-gradient":""},"tablet":{"background-color":"var(--ast-global-color-5)","background-image":"","background-repeat":"repeat","background-position":"center center","background-size":"auto","background-attachment":"scroll","background-type":"","background-media":"","overlay-type":"","overlay-color":"","overlay-opacity":"","overlay-gradient":""},"mobile":{"background-color":"var(--ast-global-color-5)","background-image":"","background-repeat":"repeat","background-position":"center center","background-size":"auto","background-attachment":"scroll","background-type":"","background-media":"","overlay-type":"","overlay-color":"","overlay-opacity":"","overlay-gradient":""}}},"product_brand":[],"product_cat":[15,52,25,179,388,409,267],"product_tag":[14383,14382],"class_list":{"0":"post-6746","1":"product","2":"type-product","3":"status-publish","4":"has-post-thumbnail","6":"product_cat-oesterreichisch","7":"product_cat-20th-century","8":"product_cat-deutsch","9":"product_cat-gemaelde","10":"product_cat-geza-victor-haussmann","11":"product_cat-landschaft","12":"product_cat-oelgemaelde","13":"product_tag-sehr-gross","14":"product_tag-speditionsversand","15":"desktop-align-center","16":"tablet-align-left","17":"mobile-align-left","19":"first","20":"instock","21":"taxable","22":"shipping-taxable","23":"product-type-simple"},"_links":{"self":[{"href":"https:\/\/collection.galerie-gerdes.com\/ro\/wp-json\/wp\/v2\/product\/6746","targetHints":{"allow":["GET"]}}],"collection":[{"href":"https:\/\/collection.galerie-gerdes.com\/ro\/wp-json\/wp\/v2\/product"}],"about":[{"href":"https:\/\/collection.galerie-gerdes.com\/ro\/wp-json\/wp\/v2\/types\/product"}],"wp:featuredmedia":[{"embeddable":true,"href":"https:\/\/collection.galerie-gerdes.com\/ro\/wp-json\/wp\/v2\/media\/6747"}],"wp:attachment":[{"href":"https:\/\/collection.galerie-gerdes.com\/ro\/wp-json\/wp\/v2\/media?parent=6746"}],"wp:term":[{"taxonomy":"product_brand","embeddable":true,"href":"https:\/\/collection.galerie-gerdes.com\/ro\/wp-json\/wp\/v2\/product_brand?post=6746"},{"taxonomy":"product_cat","embeddable":true,"href":"https:\/\/collection.galerie-gerdes.com\/ro\/wp-json\/wp\/v2\/product_cat?post=6746"},{"taxonomy":"product_tag","embeddable":true,"href":"https:\/\/collection.galerie-gerdes.com\/ro\/wp-json\/wp\/v2\/product_tag?post=6746"}],"curies":[{"name":"wp","href":"https:\/\/api.w.org\/{rel}","templated":true}]}}