{"id":7110,"date":"2024-05-20T11:26:36","date_gmt":"2024-05-20T09:26:36","guid":{"rendered":"https:\/\/collection.galerie-gerdes.com\/?post_type=product&#038;p=7110"},"modified":"2026-01-06T19:04:04","modified_gmt":"2026-01-06T18:04:04","slug":"winterlandschaft-alpen-aquarell-von-carl-kessler","status":"publish","type":"product","link":"https:\/\/collection.galerie-gerdes.com\/ro\/p\/winterlandschaft-alpen-aquarell-von-carl-kessler\/","title":{"rendered":"Winterlandschaft | Alpen-Aquarell von Carl KESSLER"},"content":{"rendered":"<div class=\"flex flex-grow flex-col max-w-full\">\n<div class=\"min-h-[20px] text-message flex flex-col items-start whitespace-pre-wrap break-words [.text-message+&amp;]:mt-5 juice:w-full juice:items-end overflow-x-auto gap-2\" dir=\"auto\" data-message-author-role=\"assistant\" data-message-id=\"692dd7c2-272c-4bde-aaa8-464b79b8cef2\">\n<div class=\"flex w-full flex-col gap-1 juice:empty:hidden juice:first:pt-[3px]\">\n<div class=\"markdown prose w-full break-words dark:prose-invert dark\">\n<p>Carl August Ke\u00dfler wurde am 26. Oktober 1876 in Coburg geboren und verstarb am 14. Juni 1968 in M\u00fcnchen. Er war ein deutscher Landschaftsmaler, der sich insbesondere auf naturnahe Winterlandschaften spezialisierte, aber auch St\u00e4dteansichten malte. Seine Motive fand er haupts\u00e4chlich in den bayerischen Alpen, Tirol und der Schweiz. Er galt zu seiner Zeit als Meister des Aquarells und legte gro\u00dfen Wert darauf, die jeweilige Lichtstimmung in seinen Bildern festzuhalten.<\/p>\n<p>Ke\u00dfler war der Sohn des Privatiers Carl August Ke\u00dfler und Wilhelmine, geborene Blechschmidt. Nach dem fr\u00fchen Tod seiner Mutter 1887 und dem Umzug der Familie nach Markneukirchen besuchte er das Herzogliche Ernestinum zu Coburg. Im Jahr 1892 begann er eine Ausbildung an der K\u00f6niglich-S\u00e4chsischen Kunstgewerbeschule in Dresden, die er nach einem halben Jahr verlie\u00df, um 1898 eine weitere, einj\u00e4hrige Ausbildung im Bereich \u201eBuntdruck\u201c an derselben Institution zu absolvieren.<\/p>\n<p>Im November 1899 schrieb sich Ke\u00dfler in der Akademie der Bildenden K\u00fcnste M\u00fcnchen ein und studierte bei Karl Raupp. Er trat der konservativen K\u00fcnstlervereinigung Die Achtundvierzig bei und stellte seine fr\u00fchen Werke im M\u00fcnchner Kunstverein aus. Nach Aufenthalten in N\u00fcrnberg und Dresden kehrte er 1905 nach M\u00fcnchen zur\u00fcck, wo er ein Gewerbe als Lithograf betrieb und weiterhin malte. Seine Werke waren im Kunstverein M\u00fcnchen und im Salon Die Werdenden zu sehen.<\/p>\n<p>Um 1910 spezialisierte sich Ke\u00dfler auf Winterlandschaften und trat als gewerbsm\u00e4\u00dfiger Kunstmaler in Erscheinung. Er meldete sein Lithografengewerbe ab und bezog ein Atelier in der Bauerstra\u00dfe. 1911 stellte er erstmals bedeutende Werke wie &#8222;Blick auf Kitzb\u00fchl&#8221; und &#8222;Hospiz St. Christof am Arlberg&#8221; in gro\u00dfen Ausstellungen aus. Prinzregent Luitpold von Bayern erwarb 1912 sein Aquarell &#8222;Bergkirche bei Davos&#8221;, was das Interesse an Ke\u00dflers Arbeiten weiter steigerte.<\/p>\n<p>W\u00e4hrend des Ersten Weltkriegs wurde Ke\u00dfler 1917 zum Milit\u00e4rdienst eingezogen und diente zun\u00e4chst beim Bayerischen Landwehr-Infanterie-Regiment No. 2 und sp\u00e4ter beim 30. Bayerischen Infanterie-Regiment. Ab April 1918 leistete er seinen Milit\u00e4rdienst als Zeichner bei der Bayerischen Fliegerabteilung 296 ab. W\u00e4hrend dieser Zeit heiratete er Magdalena Gerhard und ihre Tochter Angela Karolina wurde im Oktober 1918 geboren.<\/p>\n<p>Nach dem Krieg zog die Familie nach Heimstetten, wo Ke\u00dfler ein Haus erwarb und weiterhin als Maler t\u00e4tig war. 1920 veranstaltete die M\u00fcnchner K\u00fcnstlergenossenschaft eine Sammelausstellung zu seinen Ehren im Alten Nationalmuseum. In den 1920er Jahren erweiterte er sein Schaffen um Illustrationen f\u00fcr den Perthes Verlag und wurde Mitglied des S\u00fcddeutschen Illustratorenbundes und des Verbandes Deutscher Illustratoren.<\/p>\n<p>Im September 1938 gab Ke\u00dfler sein Atelier in der Kanalstra\u00dfe auf und arbeitete bis zu seinem Ruhestand in der Mozartstra\u00dfe. Unterst\u00fctzt von seiner Familie, lebte er zur\u00fcckgezogen in Heimstetten und starb am 14. Juni 1968 in M\u00fcnchen.<\/p>\n<p>Ke\u00dflers Werke wurden von zeitgen\u00f6ssischen Kunstkritikern hoch gesch\u00e4tzt. Georg Jacob Wolf nannte ihn 1910 einen \u201epoesievollen Alpenaquarellisten\u201c. Die M\u00fcnchner Neuesten Nachrichten lobten seine Winterlandschaften und die Wiedergabe der Lichtstimmungen. Fritz von Ostini bescheinigte ihm eine \u201ebrillante Technik\u201c. In den 1980er Jahren benannte die Gemeinde Kirchheim bei M\u00fcnchen eine Stra\u00dfe nach ihm. Werke von Ke\u00dfler befinden sich in den Bayerischen Staatsgem\u00e4ldesammlungen und der St\u00e4dtischen Galerie im Lenbachhaus.<\/p>\n<\/div>\n<\/div>\n<\/div>\n<\/div>\n<div class=\"mt-1 flex gap-3 empty:hidden juice:-ml-3\">\n<div class=\"items-center justify-start rounded-xl p-1 flex\">\n<div class=\"flex items-center\">\n<p>&nbsp;<\/p>\n<div class=\"flex\"><\/div>\n<div class=\"flex items-center pb-0.5 juice:pb-0\"><\/div>\n<\/div>\n<\/div>\n<\/div>\n","protected":false},"excerpt":{"rendered":"<p>Carl KESSLER (1876-1968)<\/p>\n","protected":false},"featured_media":392322,"template":"","meta":{"site-sidebar-layout":"default","site-content-layout":"","ast-site-content-layout":"default","site-content-style":"default","site-sidebar-style":"default","ast-global-header-display":"","ast-banner-title-visibility":"","ast-main-header-display":"","ast-hfb-above-header-display":"","ast-hfb-below-header-display":"","ast-hfb-mobile-header-display":"","site-post-title":"","ast-breadcrumbs-content":"","ast-featured-img":"","footer-sml-layout":"","ast-disable-related-posts":"","theme-transparent-header-meta":"default","adv-header-id-meta":"","stick-header-meta":"","header-above-stick-meta":"","header-main-stick-meta":"","header-below-stick-meta":"","astra-migrate-meta-layouts":"set","ast-page-background-enabled":"default","ast-page-background-meta":{"desktop":{"background-color":"var(--ast-global-color-4)","background-image":"","background-repeat":"repeat","background-position":"center center","background-size":"auto","background-attachment":"scroll","background-type":"","background-media":"","overlay-type":"","overlay-color":"","overlay-opacity":"","overlay-gradient":""},"tablet":{"background-color":"","background-image":"","background-repeat":"repeat","background-position":"center center","background-size":"auto","background-attachment":"scroll","background-type":"","background-media":"","overlay-type":"","overlay-color":"","overlay-opacity":"","overlay-gradient":""},"mobile":{"background-color":"","background-image":"","background-repeat":"repeat","background-position":"center center","background-size":"auto","background-attachment":"scroll","background-type":"","background-media":"","overlay-type":"","overlay-color":"","overlay-opacity":"","overlay-gradient":""}},"ast-content-background-meta":{"desktop":{"background-color":"var(--ast-global-color-5)","background-image":"","background-repeat":"repeat","background-position":"center center","background-size":"auto","background-attachment":"scroll","background-type":"","background-media":"","overlay-type":"","overlay-color":"","overlay-opacity":"","overlay-gradient":""},"tablet":{"background-color":"var(--ast-global-color-5)","background-image":"","background-repeat":"repeat","background-position":"center center","background-size":"auto","background-attachment":"scroll","background-type":"","background-media":"","overlay-type":"","overlay-color":"","overlay-opacity":"","overlay-gradient":""},"mobile":{"background-color":"var(--ast-global-color-5)","background-image":"","background-repeat":"repeat","background-position":"center center","background-size":"auto","background-attachment":"scroll","background-type":"","background-media":"","overlay-type":"","overlay-color":"","overlay-opacity":"","overlay-gradient":""}}},"product_brand":[],"product_cat":[52,265,399,25,409],"product_tag":[],"class_list":{"0":"post-7110","1":"product","2":"type-product","3":"status-publish","4":"has-post-thumbnail","6":"product_cat-20th-century","7":"product_cat-aquarell","8":"product_cat-carl-kessler","9":"product_cat-deutsch","10":"product_cat-landschaft","11":"desktop-align-center","12":"tablet-align-left","13":"mobile-align-left","15":"first","16":"instock","17":"taxable","18":"shipping-taxable","19":"product-type-simple"},"_links":{"self":[{"href":"https:\/\/collection.galerie-gerdes.com\/ro\/wp-json\/wp\/v2\/product\/7110","targetHints":{"allow":["GET"]}}],"collection":[{"href":"https:\/\/collection.galerie-gerdes.com\/ro\/wp-json\/wp\/v2\/product"}],"about":[{"href":"https:\/\/collection.galerie-gerdes.com\/ro\/wp-json\/wp\/v2\/types\/product"}],"wp:featuredmedia":[{"embeddable":true,"href":"https:\/\/collection.galerie-gerdes.com\/ro\/wp-json\/wp\/v2\/media\/392322"}],"wp:attachment":[{"href":"https:\/\/collection.galerie-gerdes.com\/ro\/wp-json\/wp\/v2\/media?parent=7110"}],"wp:term":[{"taxonomy":"product_brand","embeddable":true,"href":"https:\/\/collection.galerie-gerdes.com\/ro\/wp-json\/wp\/v2\/product_brand?post=7110"},{"taxonomy":"product_cat","embeddable":true,"href":"https:\/\/collection.galerie-gerdes.com\/ro\/wp-json\/wp\/v2\/product_cat?post=7110"},{"taxonomy":"product_tag","embeddable":true,"href":"https:\/\/collection.galerie-gerdes.com\/ro\/wp-json\/wp\/v2\/product_tag?post=7110"}],"curies":[{"name":"wp","href":"https:\/\/api.w.org\/{rel}","templated":true}]}}