{"id":102,"date":"2023-12-17T00:33:16","date_gmt":"2023-12-16T23:33:16","guid":{"rendered":"https:\/\/collection.galerie-gerdes.com\/?post_type=product&#038;p=102"},"modified":"2024-04-24T14:06:58","modified_gmt":"2024-04-24T12:06:58","slug":"angler-1991","status":"publish","type":"product","link":"https:\/\/collection.galerie-gerdes.com\/ru\/p\/angler-1991\/","title":{"rendered":"&#171;Angler&#187;, 1991, Gem\u00e4lde von D\u00f3kus E\u00d6RS (Ungarn), Maritime Landschaft"},"content":{"rendered":"<p>D\u00f3kus E\u00d6RS ist ein 1940 geborener und 2008 verstorbener ungarischer K\u00fcnstler.<\/p>\n<p>Sch\u00fcler:<\/p>\n<p>Nikoletta Kir\u00e1ly wurde in Debrecen, Ungarn, geboren. Schon fr\u00fch wurde ihr zeichnerisches Talent erkannt. In ihrer Grundschulzeit zog sie mit ihrer Familie in die N\u00e4he des Plattensees und beendete ihre Gymnasialausbildung in Keszthely. In diesen Jahren wurde sie Sch\u00fclerin des Malers E\u00f6rs D\u00f3kus, der sie auf die steinige Reise der \u00d6lmalerei brachte. Sie arbeitet seit \u00fcber 15 Jahren selbstst\u00e4ndig. Die K\u00fcnstlerin m\u00f6chte einfache Freude, einfaches L\u00e4cheln auf die Gesichter der Menschen zur\u00fcckbringen. Sie hatte mehrere Ausstellungen in Budapest und in H\u00e9v\u00edz, Keszthely, S\u00f6jt\u00f6r, Sz\u00e9kesfeh\u00e9rv\u00e1r, B\u00e1bolna, Tiszaalp\u00e1r und \u00d3csa. Sie ist seit vielen Jahren Teilnehmerin an ungarischen K\u00fcnstlergruppen-Residenzen, bei denen sie besonders gerne im Freien malt. Nikoletta lebt derzeit in H\u00e9viz.<\/p>\n","protected":false},"excerpt":{"rendered":"<p>D\u00f3kus E\u00d6RS (1940-2008)<\/p>\n","protected":false},"featured_media":103,"template":"","meta":{"site-sidebar-layout":"default","site-content-layout":"","ast-site-content-layout":"default","site-content-style":"default","site-sidebar-style":"default","ast-global-header-display":"","ast-banner-title-visibility":"","ast-main-header-display":"","ast-hfb-above-header-display":"","ast-hfb-below-header-display":"","ast-hfb-mobile-header-display":"","site-post-title":"","ast-breadcrumbs-content":"","ast-featured-img":"","footer-sml-layout":"","ast-disable-related-posts":"","theme-transparent-header-meta":"default","adv-header-id-meta":"","stick-header-meta":"","header-above-stick-meta":"","header-main-stick-meta":"","header-below-stick-meta":"","astra-migrate-meta-layouts":"set","ast-page-background-enabled":"default","ast-page-background-meta":{"desktop":{"background-color":"var(--ast-global-color-4)","background-image":"","background-repeat":"repeat","background-position":"center center","background-size":"auto","background-attachment":"scroll","background-type":"","background-media":"","overlay-type":"","overlay-color":"","overlay-opacity":"","overlay-gradient":""},"tablet":{"background-color":"","background-image":"","background-repeat":"repeat","background-position":"center center","background-size":"auto","background-attachment":"scroll","background-type":"","background-media":"","overlay-type":"","overlay-color":"","overlay-opacity":"","overlay-gradient":""},"mobile":{"background-color":"","background-image":"","background-repeat":"repeat","background-position":"center center","background-size":"auto","background-attachment":"scroll","background-type":"","background-media":"","overlay-type":"","overlay-color":"","overlay-opacity":"","overlay-gradient":""}},"ast-content-background-meta":{"desktop":{"background-color":"var(--ast-global-color-5)","background-image":"","background-repeat":"repeat","background-position":"center center","background-size":"auto","background-attachment":"scroll","background-type":"","background-media":"","overlay-type":"","overlay-color":"","overlay-opacity":"","overlay-gradient":""},"tablet":{"background-color":"var(--ast-global-color-5)","background-image":"","background-repeat":"repeat","background-position":"center center","background-size":"auto","background-attachment":"scroll","background-type":"","background-media":"","overlay-type":"","overlay-color":"","overlay-opacity":"","overlay-gradient":""},"mobile":{"background-color":"var(--ast-global-color-5)","background-image":"","background-repeat":"repeat","background-position":"center center","background-size":"auto","background-attachment":"scroll","background-type":"","background-media":"","overlay-type":"","overlay-color":"","overlay-opacity":"","overlay-gradient":""}}},"product_brand":[],"product_cat":[52,71,179,60],"product_tag":[364,362,363,74,361,365],"class_list":{"0":"post-102","1":"product","2":"type-product","3":"status-publish","4":"has-post-thumbnail","6":"product_cat-20th-century","7":"product_cat-dokus-eoers","8":"product_cat-gemaelde","9":"product_cat-ungarisch","10":"product_tag-art","11":"product_tag-gemalde","12":"product_tag-kunst","13":"product_tag-painting","14":"product_tag-peintures","15":"product_tag-pittura","16":"desktop-align-center","17":"tablet-align-left","18":"mobile-align-left","20":"first","21":"instock","22":"taxable","23":"shipping-taxable","24":"product-type-simple"},"_links":{"self":[{"href":"https:\/\/collection.galerie-gerdes.com\/ru\/wp-json\/wp\/v2\/product\/102","targetHints":{"allow":["GET"]}}],"collection":[{"href":"https:\/\/collection.galerie-gerdes.com\/ru\/wp-json\/wp\/v2\/product"}],"about":[{"href":"https:\/\/collection.galerie-gerdes.com\/ru\/wp-json\/wp\/v2\/types\/product"}],"wp:featuredmedia":[{"embeddable":true,"href":"https:\/\/collection.galerie-gerdes.com\/ru\/wp-json\/wp\/v2\/media\/103"}],"wp:attachment":[{"href":"https:\/\/collection.galerie-gerdes.com\/ru\/wp-json\/wp\/v2\/media?parent=102"}],"wp:term":[{"taxonomy":"product_brand","embeddable":true,"href":"https:\/\/collection.galerie-gerdes.com\/ru\/wp-json\/wp\/v2\/product_brand?post=102"},{"taxonomy":"product_cat","embeddable":true,"href":"https:\/\/collection.galerie-gerdes.com\/ru\/wp-json\/wp\/v2\/product_cat?post=102"},{"taxonomy":"product_tag","embeddable":true,"href":"https:\/\/collection.galerie-gerdes.com\/ru\/wp-json\/wp\/v2\/product_tag?post=102"}],"curies":[{"name":"wp","href":"https:\/\/api.w.org\/{rel}","templated":true}]}}