{"id":199686,"date":"2024-07-26T23:09:43","date_gmt":"2024-07-26T21:09:43","guid":{"rendered":"https:\/\/www.collection.galerie-gerdes.com\/?post_type=product&#038;p=199686"},"modified":"2024-08-16T22:09:31","modified_gmt":"2024-08-16T20:09:31","slug":"die-fahrstunde-tuschezeichnung-von-max-bauer-entwurf-fliegende-blaetter-muenchen","status":"publish","type":"product","link":"https:\/\/collection.galerie-gerdes.com\/ru\/p\/die-fahrstunde-tuschezeichnung-von-max-bauer-entwurf-fliegende-blaetter-muenchen\/","title":{"rendered":"Die Fahrstunde, Tuschezeichnung von Max Bauer, Entwurf, Fliegende Bl\u00e4tter M\u00fcnchen"},"content":{"rendered":"<p>Der Illustrator und Maler Max Bauer absolvierte sein Kunststudium an der Kunstakademie Stuttgart, wo er bei den K\u00fcnstlern Robert Poetzelberger und Christian Landenberger lernte und als Meistersch\u00fcler von Adolf H\u00f6lzel gef\u00f6rdert wurde.<\/p>\n<p>Erweiterte Einblicke in die Kunst erhielt er w\u00e4hrend eines Aufenthalts in Florenz in den Jahren 1913\/14 und durch eine Studienreise durch den Balkan.<\/p>\n<p>Max Bauer wurde besonders durch seine Karikaturen und Illustrationen bekannt. Mehr als 1.200 seiner Werke wurden in der popul\u00e4ren Satirezeitschrift &#171;Fliegende Bl\u00e4tter&#187; ver\u00f6ffentlicht, und viele seiner Zeichnungen fanden sich auch in den \u201eMeggendorfer Bl\u00e4ttern\u201c.<\/p>\n","protected":false},"excerpt":{"rendered":"<p>Max Bauer (1886-1951)<\/p>\n","protected":false},"featured_media":200769,"template":"","meta":{"site-sidebar-layout":"default","site-content-layout":"","ast-site-content-layout":"default","site-content-style":"default","site-sidebar-style":"default","ast-global-header-display":"","ast-banner-title-visibility":"","ast-main-header-display":"","ast-hfb-above-header-display":"","ast-hfb-below-header-display":"","ast-hfb-mobile-header-display":"","site-post-title":"","ast-breadcrumbs-content":"","ast-featured-img":"","footer-sml-layout":"","ast-disable-related-posts":"","theme-transparent-header-meta":"default","adv-header-id-meta":"","stick-header-meta":"","header-above-stick-meta":"","header-main-stick-meta":"","header-below-stick-meta":"","astra-migrate-meta-layouts":"set","ast-page-background-enabled":"default","ast-page-background-meta":{"desktop":{"background-color":"var(--ast-global-color-4)","background-image":"","background-repeat":"repeat","background-position":"center center","background-size":"auto","background-attachment":"scroll","background-type":"","background-media":"","overlay-type":"","overlay-color":"","overlay-opacity":"","overlay-gradient":""},"tablet":{"background-color":"","background-image":"","background-repeat":"repeat","background-position":"center center","background-size":"auto","background-attachment":"scroll","background-type":"","background-media":"","overlay-type":"","overlay-color":"","overlay-opacity":"","overlay-gradient":""},"mobile":{"background-color":"","background-image":"","background-repeat":"repeat","background-position":"center center","background-size":"auto","background-attachment":"scroll","background-type":"","background-media":"","overlay-type":"","overlay-color":"","overlay-opacity":"","overlay-gradient":""}},"ast-content-background-meta":{"desktop":{"background-color":"var(--ast-global-color-5)","background-image":"","background-repeat":"repeat","background-position":"center center","background-size":"auto","background-attachment":"scroll","background-type":"","background-media":"","overlay-type":"","overlay-color":"","overlay-opacity":"","overlay-gradient":""},"tablet":{"background-color":"var(--ast-global-color-5)","background-image":"","background-repeat":"repeat","background-position":"center center","background-size":"auto","background-attachment":"scroll","background-type":"","background-media":"","overlay-type":"","overlay-color":"","overlay-opacity":"","overlay-gradient":""},"mobile":{"background-color":"var(--ast-global-color-5)","background-image":"","background-repeat":"repeat","background-position":"center center","background-size":"auto","background-attachment":"scroll","background-type":"","background-media":"","overlay-type":"","overlay-color":"","overlay-opacity":"","overlay-gradient":""}}},"product_brand":[],"product_cat":[52,25,179,424,264,266],"product_tag":[364,362,363,74,361,365],"class_list":{"0":"post-199686","1":"product","2":"type-product","3":"status-publish","4":"has-post-thumbnail","6":"product_cat-20th-century","7":"product_cat-deutsch","8":"product_cat-gemaelde","9":"product_cat-karikaturen","10":"product_cat-max-bauer","11":"product_cat-zeichnung","12":"product_tag-art","13":"product_tag-gemalde","14":"product_tag-kunst","15":"product_tag-painting","16":"product_tag-peintures","17":"product_tag-pittura","18":"desktop-align-center","19":"tablet-align-left","20":"mobile-align-left","22":"first","23":"instock","24":"taxable","25":"shipping-taxable","26":"product-type-simple"},"_links":{"self":[{"href":"https:\/\/collection.galerie-gerdes.com\/ru\/wp-json\/wp\/v2\/product\/199686","targetHints":{"allow":["GET"]}}],"collection":[{"href":"https:\/\/collection.galerie-gerdes.com\/ru\/wp-json\/wp\/v2\/product"}],"about":[{"href":"https:\/\/collection.galerie-gerdes.com\/ru\/wp-json\/wp\/v2\/types\/product"}],"wp:featuredmedia":[{"embeddable":true,"href":"https:\/\/collection.galerie-gerdes.com\/ru\/wp-json\/wp\/v2\/media\/200769"}],"wp:attachment":[{"href":"https:\/\/collection.galerie-gerdes.com\/ru\/wp-json\/wp\/v2\/media?parent=199686"}],"wp:term":[{"taxonomy":"product_brand","embeddable":true,"href":"https:\/\/collection.galerie-gerdes.com\/ru\/wp-json\/wp\/v2\/product_brand?post=199686"},{"taxonomy":"product_cat","embeddable":true,"href":"https:\/\/collection.galerie-gerdes.com\/ru\/wp-json\/wp\/v2\/product_cat?post=199686"},{"taxonomy":"product_tag","embeddable":true,"href":"https:\/\/collection.galerie-gerdes.com\/ru\/wp-json\/wp\/v2\/product_tag?post=199686"}],"curies":[{"name":"wp","href":"https:\/\/api.w.org\/{rel}","templated":true}]}}