{"id":2310,"date":"2024-02-13T08:25:44","date_gmt":"2024-02-13T07:25:44","guid":{"rendered":"https:\/\/collection.galerie-gerdes.com\/?post_type=product&#038;p=2310"},"modified":"2024-10-02T18:07:32","modified_gmt":"2024-10-02T16:07:32","slug":"aufziehender-sturm-ostsee-heinrich-wilke","status":"publish","type":"product","link":"https:\/\/collection.galerie-gerdes.com\/ru\/p\/aufziehender-sturm-ostsee-heinrich-wilke\/","title":{"rendered":"Aufziehender Sturm, Ostsee, Heinrich Wilke, Gem\u00e4lde"},"content":{"rendered":"<p>Heinrich Wilke wurde am 3. Februar 1869 in Berlin geboren und verstarb am 19. November 1952 in G\u00fcstrow. Er war ein deutscher Maler, der sich vor allem auf Portr\u00e4ts, Landschaften und historische Szenen spezialisierte.<\/p>\n<p>Wilke absolvierte sein Malereistudium von 1887 bis 1891 an der Hochschule f\u00fcr Bildende K\u00fcnste Berlin, wo er unter anderem bei Hugo Vogel lernte. Bereits 1890 erhielt er f\u00fcr seine Werke, die Pompejanische Frauenb\u00e4der darstellten, Auszeichnungen und stellte sie in der Akademie der bildenden K\u00fcnste aus. Zus\u00e4tzliche Studien absolvierte er von 1891 bis 1892 an der Akademie der Bildenden K\u00fcnste in M\u00fcnchen, wo er in den Kreis bekannter Maler wie Bruno Piglhein, Ludwig Thiersch und Carl Gustaf Hellqvist geriet.<\/p>\n<p>Nach seiner R\u00fcckkehr nach Berlin im Jahr 1893 widmete er sich haupts\u00e4chlich der Portr\u00e4t- und Geschichtsmalerei. Er unternahm mehrere Studienreisen nach Italien in den Jahren 1892, 1896\/1897 und 1901\/1902. Wilke engagierte sich auch in verschiedenen k\u00fcnstlerischen Vereinigungen und war regelm\u00e4\u00dfig auf den Gro\u00dfen Berliner Kunstausstellungen vertreten.<\/p>\n<p>Im Jahr 1917 erhielt er eine Einladung von Richard van Tongel nach G\u00fcstrow, um ein Auftragswerk f\u00fcr die van Tongelschen Stahlwerke zu schaffen. Dort etablierte er sich als gefragter Portr\u00e4tmaler und schuf etwa 100 Portr\u00e4ts des B\u00fcrgertums von G\u00fcstrow. 1921 wurde G\u00fcstrow seine Wahlheimat, wo er bis zu seinem Tod lebte und arbeitete.<\/p>\n<p>W\u00e4hrend seiner Zeit in Berlin konzentrierte sich Wilke vor allem auf historische Themen in seinen Werken, sp\u00e4ter wandte er sich vermehrt mecklenburgischen Landschaften zu. Das Stadtmuseum G\u00fcstrow beherbergt heute 29 seiner Gem\u00e4lde.<\/p>\n<p>Wilkes Werke wurden in verschiedenen Ausstellungen pr\u00e4sentiert, darunter die Internationale Kunst-Ausstellung in Berlin 1896, die Gro\u00dfen Berliner Kunstausstellungen zwischen 1893 und 1916 sowie Einzelausstellungen im St\u00e4dtischen Museum Rostock 1921, im Museum am Alten Garten in Schwerin 1926 und im G\u00fcstrower Museum 1928. Auch posthum wurden seine Werke weiterhin gezeigt, wie etwa in der Ausstellung zeitgen\u00f6ssischer Maler im Mecklenburgischen Landesmuseum Schwerin 1939 und einer Kabinettausstellung im Museum der Stadt G\u00fcstrow im Jahr 1994.<\/p>\n","protected":false},"excerpt":{"rendered":"<p>Heinrich Wilke (1869-1952)<br \/>\nBlatt ist auf Pappe aufgezogen, das Blatt ist wellig geworden. Zwischenzeitlich wurde das Aquarell von dem Rahmen getrennt, bedeutet die Verklebung hinten wurde entfernt.<\/p>\n","protected":false},"featured_media":2311,"template":"","meta":{"site-sidebar-layout":"default","site-content-layout":"","ast-site-content-layout":"default","site-content-style":"default","site-sidebar-style":"default","ast-global-header-display":"","ast-banner-title-visibility":"","ast-main-header-display":"","ast-hfb-above-header-display":"","ast-hfb-below-header-display":"","ast-hfb-mobile-header-display":"","site-post-title":"","ast-breadcrumbs-content":"","ast-featured-img":"","footer-sml-layout":"","ast-disable-related-posts":"","theme-transparent-header-meta":"default","adv-header-id-meta":"","stick-header-meta":"","header-above-stick-meta":"","header-main-stick-meta":"","header-below-stick-meta":"","astra-migrate-meta-layouts":"set","ast-page-background-enabled":"default","ast-page-background-meta":{"desktop":{"background-color":"var(--ast-global-color-4)","background-image":"","background-repeat":"repeat","background-position":"center center","background-size":"auto","background-attachment":"scroll","background-type":"","background-media":"","overlay-type":"","overlay-color":"","overlay-opacity":"","overlay-gradient":""},"tablet":{"background-color":"","background-image":"","background-repeat":"repeat","background-position":"center center","background-size":"auto","background-attachment":"scroll","background-type":"","background-media":"","overlay-type":"","overlay-color":"","overlay-opacity":"","overlay-gradient":""},"mobile":{"background-color":"","background-image":"","background-repeat":"repeat","background-position":"center center","background-size":"auto","background-attachment":"scroll","background-type":"","background-media":"","overlay-type":"","overlay-color":"","overlay-opacity":"","overlay-gradient":""}},"ast-content-background-meta":{"desktop":{"background-color":"var(--ast-global-color-5)","background-image":"","background-repeat":"repeat","background-position":"center center","background-size":"auto","background-attachment":"scroll","background-type":"","background-media":"","overlay-type":"","overlay-color":"","overlay-opacity":"","overlay-gradient":""},"tablet":{"background-color":"var(--ast-global-color-5)","background-image":"","background-repeat":"repeat","background-position":"center center","background-size":"auto","background-attachment":"scroll","background-type":"","background-media":"","overlay-type":"","overlay-color":"","overlay-opacity":"","overlay-gradient":""},"mobile":{"background-color":"var(--ast-global-color-5)","background-image":"","background-repeat":"repeat","background-position":"center center","background-size":"auto","background-attachment":"scroll","background-type":"","background-media":"","overlay-type":"","overlay-color":"","overlay-opacity":"","overlay-gradient":""}}},"product_brand":[],"product_cat":[52,25,179,207],"product_tag":[364,362,363,74,361,365],"class_list":{"0":"post-2310","1":"product","2":"type-product","3":"status-publish","4":"has-post-thumbnail","6":"product_cat-20th-century","7":"product_cat-deutsch","8":"product_cat-gemaelde","9":"product_cat-heinrich-wilke","10":"product_tag-art","11":"product_tag-gemalde","12":"product_tag-kunst","13":"product_tag-painting","14":"product_tag-peintures","15":"product_tag-pittura","16":"desktop-align-center","17":"tablet-align-left","18":"mobile-align-left","20":"first","21":"instock","22":"taxable","23":"shipping-taxable","24":"product-type-simple"},"_links":{"self":[{"href":"https:\/\/collection.galerie-gerdes.com\/ru\/wp-json\/wp\/v2\/product\/2310","targetHints":{"allow":["GET"]}}],"collection":[{"href":"https:\/\/collection.galerie-gerdes.com\/ru\/wp-json\/wp\/v2\/product"}],"about":[{"href":"https:\/\/collection.galerie-gerdes.com\/ru\/wp-json\/wp\/v2\/types\/product"}],"wp:featuredmedia":[{"embeddable":true,"href":"https:\/\/collection.galerie-gerdes.com\/ru\/wp-json\/wp\/v2\/media\/2311"}],"wp:attachment":[{"href":"https:\/\/collection.galerie-gerdes.com\/ru\/wp-json\/wp\/v2\/media?parent=2310"}],"wp:term":[{"taxonomy":"product_brand","embeddable":true,"href":"https:\/\/collection.galerie-gerdes.com\/ru\/wp-json\/wp\/v2\/product_brand?post=2310"},{"taxonomy":"product_cat","embeddable":true,"href":"https:\/\/collection.galerie-gerdes.com\/ru\/wp-json\/wp\/v2\/product_cat?post=2310"},{"taxonomy":"product_tag","embeddable":true,"href":"https:\/\/collection.galerie-gerdes.com\/ru\/wp-json\/wp\/v2\/product_tag?post=2310"}],"curies":[{"name":"wp","href":"https:\/\/api.w.org\/{rel}","templated":true}]}}