{"id":258649,"date":"2024-10-31T19:59:32","date_gmt":"2024-10-31T18:59:32","guid":{"rendered":"https:\/\/www.collection.galerie-gerdes.com\/?post_type=product&#038;p=258649"},"modified":"2024-12-01T14:06:20","modified_gmt":"2024-12-01T13:06:20","slug":"familie-1917-federzeichnung-von-karl-schiedermair-meggendorfer-blaetter","status":"publish","type":"product","link":"https:\/\/collection.galerie-gerdes.com\/ru\/p\/familie-1917-federzeichnung-von-karl-schiedermair-meggendorfer-blaetter\/","title":{"rendered":"Familie, 1917 | Federzeichnung von Karl Schiedermair, Meggendorfer Bl\u00e4tter"},"content":{"rendered":"<p>Karl Schiedermair (* 1901 in M\u00fcnchen) war ein deutscher Zeichner und Portr\u00e4tk\u00fcnstler, der haupts\u00e4chlich in M\u00fcnchen t\u00e4tig war. Besonders bekannt wurde er durch seine detaillierten Portr\u00e4tzeichnungen und seine Beitr\u00e4ge f\u00fcr die renommierte M\u00fcnchener K\u00fcnstlerzeitschrift <em>Jugend<\/em>. Sein Werk zeichnet sich durch Pr\u00e4zision und eine einf\u00fchlsame Darstellung der Charaktere seiner Modelle aus.<\/p>\n","protected":false},"excerpt":{"rendered":"<p>Karl Schiedermair (*1901)<\/p>\n","protected":false},"featured_media":260006,"template":"","meta":{"site-sidebar-layout":"default","site-content-layout":"","ast-site-content-layout":"default","site-content-style":"default","site-sidebar-style":"default","ast-global-header-display":"","ast-banner-title-visibility":"","ast-main-header-display":"","ast-hfb-above-header-display":"","ast-hfb-below-header-display":"","ast-hfb-mobile-header-display":"","site-post-title":"","ast-breadcrumbs-content":"","ast-featured-img":"","footer-sml-layout":"","ast-disable-related-posts":"","theme-transparent-header-meta":"default","adv-header-id-meta":"","stick-header-meta":"","header-above-stick-meta":"","header-main-stick-meta":"","header-below-stick-meta":"","astra-migrate-meta-layouts":"set","ast-page-background-enabled":"default","ast-page-background-meta":{"desktop":{"background-color":"var(--ast-global-color-4)","background-image":"","background-repeat":"repeat","background-position":"center center","background-size":"auto","background-attachment":"scroll","background-type":"","background-media":"","overlay-type":"","overlay-color":"","overlay-opacity":"","overlay-gradient":""},"tablet":{"background-color":"","background-image":"","background-repeat":"repeat","background-position":"center center","background-size":"auto","background-attachment":"scroll","background-type":"","background-media":"","overlay-type":"","overlay-color":"","overlay-opacity":"","overlay-gradient":""},"mobile":{"background-color":"","background-image":"","background-repeat":"repeat","background-position":"center center","background-size":"auto","background-attachment":"scroll","background-type":"","background-media":"","overlay-type":"","overlay-color":"","overlay-opacity":"","overlay-gradient":""}},"ast-content-background-meta":{"desktop":{"background-color":"var(--ast-global-color-5)","background-image":"","background-repeat":"repeat","background-position":"center center","background-size":"auto","background-attachment":"scroll","background-type":"","background-media":"","overlay-type":"","overlay-color":"","overlay-opacity":"","overlay-gradient":""},"tablet":{"background-color":"var(--ast-global-color-5)","background-image":"","background-repeat":"repeat","background-position":"center center","background-size":"auto","background-attachment":"scroll","background-type":"","background-media":"","overlay-type":"","overlay-color":"","overlay-opacity":"","overlay-gradient":""},"mobile":{"background-color":"var(--ast-global-color-5)","background-image":"","background-repeat":"repeat","background-position":"center center","background-size":"auto","background-attachment":"scroll","background-type":"","background-media":"","overlay-type":"","overlay-color":"","overlay-opacity":"","overlay-gradient":""}}},"product_brand":[],"product_cat":[52,25,420,179,424,14647,382,266],"product_tag":[],"class_list":{"0":"post-258649","1":"product","2":"type-product","3":"status-publish","4":"has-post-thumbnail","6":"product_cat-20th-century","7":"product_cat-deutsch","8":"product_cat-figuren","9":"product_cat-gemaelde","10":"product_cat-karikaturen","11":"product_cat-karl-schiedermair","12":"product_cat-meggendorfer-blatter","13":"product_cat-zeichnung","14":"desktop-align-center","15":"tablet-align-left","16":"mobile-align-left","18":"first","19":"instock","20":"taxable","21":"shipping-taxable","22":"product-type-simple"},"_links":{"self":[{"href":"https:\/\/collection.galerie-gerdes.com\/ru\/wp-json\/wp\/v2\/product\/258649","targetHints":{"allow":["GET"]}}],"collection":[{"href":"https:\/\/collection.galerie-gerdes.com\/ru\/wp-json\/wp\/v2\/product"}],"about":[{"href":"https:\/\/collection.galerie-gerdes.com\/ru\/wp-json\/wp\/v2\/types\/product"}],"wp:featuredmedia":[{"embeddable":true,"href":"https:\/\/collection.galerie-gerdes.com\/ru\/wp-json\/wp\/v2\/media\/260006"}],"wp:attachment":[{"href":"https:\/\/collection.galerie-gerdes.com\/ru\/wp-json\/wp\/v2\/media?parent=258649"}],"wp:term":[{"taxonomy":"product_brand","embeddable":true,"href":"https:\/\/collection.galerie-gerdes.com\/ru\/wp-json\/wp\/v2\/product_brand?post=258649"},{"taxonomy":"product_cat","embeddable":true,"href":"https:\/\/collection.galerie-gerdes.com\/ru\/wp-json\/wp\/v2\/product_cat?post=258649"},{"taxonomy":"product_tag","embeddable":true,"href":"https:\/\/collection.galerie-gerdes.com\/ru\/wp-json\/wp\/v2\/product_tag?post=258649"}],"curies":[{"name":"wp","href":"https:\/\/api.w.org\/{rel}","templated":true}]}}