{"id":298396,"date":"2024-12-29T13:00:25","date_gmt":"2024-12-29T12:00:25","guid":{"rendered":"https:\/\/www.collection.galerie-gerdes.com\/?post_type=product&#038;p=298396"},"modified":"2025-01-06T22:05:15","modified_gmt":"2025-01-06T21:05:15","slug":"schuechterne-liebe-1904-federzeichnung-entwurf-von-ferdinand-goetz-meggendorfer-blaetter","status":"publish","type":"product","link":"https:\/\/collection.galerie-gerdes.com\/ru\/p\/schuechterne-liebe-1904-federzeichnung-entwurf-von-ferdinand-goetz-meggendorfer-blaetter\/","title":{"rendered":"Sch\u00fcchterne Liebe, 1904 | Federzeichnung\/Entwurf von Ferdinand G\u00f6tz, Meggendorfer Bl\u00e4tter"},"content":{"rendered":"<p>Ferdinand G\u00f6tz (geb. 1874 in F\u00fcrth; gest. 1941 in Paris) war ein j\u00fcdischer Architekt und Kunstmaler.<\/p>\n<p>1895 zog er nach M\u00fcnchen, um an der M\u00fcnchner Kunstakademie zu studieren, unter anderem bei dem deutsch-amerikanischen K\u00fcnstler Carl von Marr. G\u00f6tz war ein vielseitiger K\u00fcnstler, der Dekore entwarf, Designerm\u00f6bel gestaltete und B\u00fchnenbilder f\u00fcr das Theater schuf. Ab 1900 arbeitete er als Illustrator f\u00fcr die deutsche Zeitschrift &#171;Jugend&#187;, die dem Jugendstil ihren Namen gab. Zudem war er von 1899 bis etwa 1928 regelm\u00e4\u00dfig als Zeichner und Karikaturist f\u00fcr die Satirebl\u00e4tter \u201eMeggendorfer Bl\u00e4tter\u201c und \u201eFliegende Bl\u00e4tter\u201c t\u00e4tig, wobei er f\u00fcr Letztere allein zwischen 1930 und 1935 etwa 80 Zeichnungen anfertigte.<\/p>\n<p>1910 war G\u00f6tz gemeinsam mit Ludwig Hohlwein an der Aufstockung und Innenausstattung des Grand Hotel Continental in M\u00fcnchen beteiligt, als ein viertes Geschoss mit 18 neuen Zimmern hinzugef\u00fcgt wurde.<\/p>\n<p>Mit der Machtergreifung der Nationalsozialisten wurde G\u00f6tz als Jude die Mitgliedschaft in der Reichskammer der Bildenden K\u00fcnste verweigert. Ab 1936 lebte er im Ausland, zuletzt in Paris, wo er 1941 vermutlich durch Selbstmord starb.<\/p>\n","protected":false},"excerpt":{"rendered":"<p>Ferdinand G\u00f6tz (1874-1941)<\/p>\n","protected":false},"featured_media":299297,"template":"","meta":{"site-sidebar-layout":"default","site-content-layout":"","ast-site-content-layout":"default","site-content-style":"default","site-sidebar-style":"default","ast-global-header-display":"","ast-banner-title-visibility":"","ast-main-header-display":"","ast-hfb-above-header-display":"","ast-hfb-below-header-display":"","ast-hfb-mobile-header-display":"","site-post-title":"","ast-breadcrumbs-content":"","ast-featured-img":"","footer-sml-layout":"","ast-disable-related-posts":"","theme-transparent-header-meta":"default","adv-header-id-meta":"","stick-header-meta":"","header-above-stick-meta":"","header-main-stick-meta":"","header-below-stick-meta":"","astra-migrate-meta-layouts":"set","ast-page-background-enabled":"default","ast-page-background-meta":{"desktop":{"background-color":"var(--ast-global-color-4)","background-image":"","background-repeat":"repeat","background-position":"center center","background-size":"auto","background-attachment":"scroll","background-type":"","background-media":"","overlay-type":"","overlay-color":"","overlay-opacity":"","overlay-gradient":""},"tablet":{"background-color":"","background-image":"","background-repeat":"repeat","background-position":"center center","background-size":"auto","background-attachment":"scroll","background-type":"","background-media":"","overlay-type":"","overlay-color":"","overlay-opacity":"","overlay-gradient":""},"mobile":{"background-color":"","background-image":"","background-repeat":"repeat","background-position":"center center","background-size":"auto","background-attachment":"scroll","background-type":"","background-media":"","overlay-type":"","overlay-color":"","overlay-opacity":"","overlay-gradient":""}},"ast-content-background-meta":{"desktop":{"background-color":"var(--ast-global-color-5)","background-image":"","background-repeat":"repeat","background-position":"center center","background-size":"auto","background-attachment":"scroll","background-type":"","background-media":"","overlay-type":"","overlay-color":"","overlay-opacity":"","overlay-gradient":""},"tablet":{"background-color":"var(--ast-global-color-5)","background-image":"","background-repeat":"repeat","background-position":"center center","background-size":"auto","background-attachment":"scroll","background-type":"","background-media":"","overlay-type":"","overlay-color":"","overlay-opacity":"","overlay-gradient":""},"mobile":{"background-color":"var(--ast-global-color-5)","background-image":"","background-repeat":"repeat","background-position":"center center","background-size":"auto","background-attachment":"scroll","background-type":"","background-media":"","overlay-type":"","overlay-color":"","overlay-opacity":"","overlay-gradient":""}}},"product_brand":[],"product_cat":[52,25,286,179,424,266],"product_tag":[364,362,363,74,361,365],"class_list":{"0":"post-298396","1":"product","2":"type-product","3":"status-publish","4":"has-post-thumbnail","6":"product_cat-20th-century","7":"product_cat-deutsch","8":"product_cat-ferdinand-gotz","9":"product_cat-gemaelde","10":"product_cat-karikaturen","11":"product_cat-zeichnung","12":"product_tag-art","13":"product_tag-gemalde","14":"product_tag-kunst","15":"product_tag-painting","16":"product_tag-peintures","17":"product_tag-pittura","18":"desktop-align-center","19":"tablet-align-left","20":"mobile-align-left","22":"first","23":"instock","24":"taxable","25":"shipping-taxable","26":"product-type-simple"},"_links":{"self":[{"href":"https:\/\/collection.galerie-gerdes.com\/ru\/wp-json\/wp\/v2\/product\/298396","targetHints":{"allow":["GET"]}}],"collection":[{"href":"https:\/\/collection.galerie-gerdes.com\/ru\/wp-json\/wp\/v2\/product"}],"about":[{"href":"https:\/\/collection.galerie-gerdes.com\/ru\/wp-json\/wp\/v2\/types\/product"}],"wp:featuredmedia":[{"embeddable":true,"href":"https:\/\/collection.galerie-gerdes.com\/ru\/wp-json\/wp\/v2\/media\/299297"}],"wp:attachment":[{"href":"https:\/\/collection.galerie-gerdes.com\/ru\/wp-json\/wp\/v2\/media?parent=298396"}],"wp:term":[{"taxonomy":"product_brand","embeddable":true,"href":"https:\/\/collection.galerie-gerdes.com\/ru\/wp-json\/wp\/v2\/product_brand?post=298396"},{"taxonomy":"product_cat","embeddable":true,"href":"https:\/\/collection.galerie-gerdes.com\/ru\/wp-json\/wp\/v2\/product_cat?post=298396"},{"taxonomy":"product_tag","embeddable":true,"href":"https:\/\/collection.galerie-gerdes.com\/ru\/wp-json\/wp\/v2\/product_tag?post=298396"}],"curies":[{"name":"wp","href":"https:\/\/api.w.org\/{rel}","templated":true}]}}