{"id":7112,"date":"2024-05-20T11:26:45","date_gmt":"2024-05-20T09:26:45","guid":{"rendered":"https:\/\/collection.galerie-gerdes.com\/?post_type=product&#038;p=7112"},"modified":"2024-09-26T17:11:12","modified_gmt":"2024-09-26T15:11:12","slug":"betende-madonna-gemaelde-von-patricius-kittner","status":"publish","type":"product","link":"https:\/\/collection.galerie-gerdes.com\/ru\/p\/betende-madonna-gemaelde-von-patricius-kittner\/","title":{"rendered":"Betende Madonna | Gem\u00e4lde von Patricius Kittner"},"content":{"rendered":"<div class=\"artist\">\n<p>Patricius Kittner (Br\u00fcnn 1809 &#8212; 1900 Hirtenberg)\u00a0wurde am 16. M\u00e4rz 1809 in Br\u00fcnn geboren. Er erhielt seine k\u00fcnstlerische Ausbildung bei dem Minoriten Leopold Korompay. Neben seiner T\u00e4tigkeit in der Statthalterei in Br\u00fcnn begann Kittner, Miniaturportr\u00e4ts zu erstellen. Im Jahr 1869 entschied er sich, seiner k\u00fcnstlerischen Leidenschaft vollends nachzugehen und zog nach Nikolsburg, wo er sich ausschlie\u00dflich der Kunst widmete.<\/p>\n<p>Kittner blieb bis 1877 in Nikolsburg und \u00fcbersiedelte dann nach Wien. Sein k\u00fcnstlerisches Schaffen umfasste haupts\u00e4chlich Miniaturbilder, aber auch Bleistiftzeichnungen, Aquarelle und gro\u00dfformatige \u00d6lbilder geh\u00f6rten zu seinem Repertoire.<\/p>\n<p>Patricius Kittner verstarb am 18. Juni 1900 in Hirtenberg. Sein Werk, das sich durch Detailtreue und technische Finesse auszeichnet, hinterlie\u00df einen bleibenden Eindruck in der Kunstwelt des 19. Jahrhunderts.<\/p>\n<\/div>\n","protected":false},"excerpt":{"rendered":"<p>Patricius Kittner (1809-1900)<br \/>\nBesch\u00e4digt<\/p>\n","protected":false},"featured_media":7129,"template":"","meta":{"site-sidebar-layout":"default","site-content-layout":"","ast-site-content-layout":"default","site-content-style":"default","site-sidebar-style":"default","ast-global-header-display":"","ast-banner-title-visibility":"","ast-main-header-display":"","ast-hfb-above-header-display":"","ast-hfb-below-header-display":"","ast-hfb-mobile-header-display":"","site-post-title":"","ast-breadcrumbs-content":"","ast-featured-img":"","footer-sml-layout":"","ast-disable-related-posts":"","theme-transparent-header-meta":"default","adv-header-id-meta":"","stick-header-meta":"","header-above-stick-meta":"","header-main-stick-meta":"","header-below-stick-meta":"","astra-migrate-meta-layouts":"set","ast-page-background-enabled":"default","ast-page-background-meta":{"desktop":{"background-color":"var(--ast-global-color-4)","background-image":"","background-repeat":"repeat","background-position":"center center","background-size":"auto","background-attachment":"scroll","background-type":"","background-media":"","overlay-type":"","overlay-color":"","overlay-opacity":"","overlay-gradient":""},"tablet":{"background-color":"","background-image":"","background-repeat":"repeat","background-position":"center center","background-size":"auto","background-attachment":"scroll","background-type":"","background-media":"","overlay-type":"","overlay-color":"","overlay-opacity":"","overlay-gradient":""},"mobile":{"background-color":"","background-image":"","background-repeat":"repeat","background-position":"center center","background-size":"auto","background-attachment":"scroll","background-type":"","background-media":"","overlay-type":"","overlay-color":"","overlay-opacity":"","overlay-gradient":""}},"ast-content-background-meta":{"desktop":{"background-color":"var(--ast-global-color-5)","background-image":"","background-repeat":"repeat","background-position":"center center","background-size":"auto","background-attachment":"scroll","background-type":"","background-media":"","overlay-type":"","overlay-color":"","overlay-opacity":"","overlay-gradient":""},"tablet":{"background-color":"var(--ast-global-color-5)","background-image":"","background-repeat":"repeat","background-position":"center center","background-size":"auto","background-attachment":"scroll","background-type":"","background-media":"","overlay-type":"","overlay-color":"","overlay-opacity":"","overlay-gradient":""},"mobile":{"background-color":"var(--ast-global-color-5)","background-image":"","background-repeat":"repeat","background-position":"center center","background-size":"auto","background-attachment":"scroll","background-type":"","background-media":"","overlay-type":"","overlay-color":"","overlay-opacity":"","overlay-gradient":""}}},"product_brand":[],"product_cat":[15,53,179,267,405],"product_tag":[],"class_list":{"0":"post-7112","1":"product","2":"type-product","3":"status-publish","4":"has-post-thumbnail","6":"product_cat-oesterreichisch","7":"product_cat-19th-century","8":"product_cat-gemaelde","9":"product_cat-oelgemaelde","10":"product_cat-patricius-kittner","11":"desktop-align-center","12":"tablet-align-left","13":"mobile-align-left","15":"first","16":"instock","17":"taxable","18":"shipping-taxable","19":"product-type-simple"},"_links":{"self":[{"href":"https:\/\/collection.galerie-gerdes.com\/ru\/wp-json\/wp\/v2\/product\/7112","targetHints":{"allow":["GET"]}}],"collection":[{"href":"https:\/\/collection.galerie-gerdes.com\/ru\/wp-json\/wp\/v2\/product"}],"about":[{"href":"https:\/\/collection.galerie-gerdes.com\/ru\/wp-json\/wp\/v2\/types\/product"}],"wp:featuredmedia":[{"embeddable":true,"href":"https:\/\/collection.galerie-gerdes.com\/ru\/wp-json\/wp\/v2\/media\/7129"}],"wp:attachment":[{"href":"https:\/\/collection.galerie-gerdes.com\/ru\/wp-json\/wp\/v2\/media?parent=7112"}],"wp:term":[{"taxonomy":"product_brand","embeddable":true,"href":"https:\/\/collection.galerie-gerdes.com\/ru\/wp-json\/wp\/v2\/product_brand?post=7112"},{"taxonomy":"product_cat","embeddable":true,"href":"https:\/\/collection.galerie-gerdes.com\/ru\/wp-json\/wp\/v2\/product_cat?post=7112"},{"taxonomy":"product_tag","embeddable":true,"href":"https:\/\/collection.galerie-gerdes.com\/ru\/wp-json\/wp\/v2\/product_tag?post=7112"}],"curies":[{"name":"wp","href":"https:\/\/api.w.org\/{rel}","templated":true}]}}