{"id":203942,"date":"2024-07-27T12:56:46","date_gmt":"2024-07-27T10:56:46","guid":{"rendered":"https:\/\/www.collection.galerie-gerdes.com\/?post_type=product&#038;p=203942"},"modified":"2024-08-10T17:29:04","modified_gmt":"2024-08-10T15:29:04","slug":"fluss-mit-bruecke-gemaelde-von-eiler-carl-soerensen","status":"publish","type":"product","link":"https:\/\/collection.galerie-gerdes.com\/sk\/p\/fluss-mit-bruecke-gemaelde-von-eiler-carl-soerensen\/","title":{"rendered":"Fluss mit Br\u00fccke | Gem\u00e4lde von Eiler Carl S\u00f6rensen"},"content":{"rendered":"<p>Eiler S\u00f6rensen wurde 1869 in Benl\u00f8se, D\u00e4nemark, geboren und verstarb 1963. Er war ein d\u00e4nischer Landschafts-, Portr\u00e4t- und Interieurmaler. Seine k\u00fcnstlerische Ausbildung erhielt er an der Akademie in Kopenhagen, wo er bei H. Gr\u00f6nvold studierte. S\u00f6rensen war bekannt f\u00fcr seine detailgetreuen Darstellungen von Landschaften, Portr\u00e4ts und Innenr\u00e4umen.<\/p>\n<p>W\u00e4hrend seiner Karriere wurden seine Werke in mehreren bedeutenden Museen ausgestellt. Zu den Museen, die Werke von Eiler S\u00f6rensen besitzen, geh\u00f6ren das Nationalmuseum in Kopenhagen, das Munch-Museum in Oslo und das Kunstmuseum in Aalborg. Seine Arbeiten sind in diesen Sammlungen repr\u00e4sentiert und zeigen die Vielfalt und Qualit\u00e4t seines k\u00fcnstlerischen Schaffens.<\/p>\n","protected":false},"excerpt":{"rendered":"<p>Eiler Carl S\u00f8rensen (1869-1963)<\/p>\n","protected":false},"featured_media":204094,"template":"","meta":{"site-sidebar-layout":"default","site-content-layout":"","ast-site-content-layout":"default","site-content-style":"default","site-sidebar-style":"default","ast-global-header-display":"","ast-banner-title-visibility":"","ast-main-header-display":"","ast-hfb-above-header-display":"","ast-hfb-below-header-display":"","ast-hfb-mobile-header-display":"","site-post-title":"","ast-breadcrumbs-content":"","ast-featured-img":"","footer-sml-layout":"","ast-disable-related-posts":"","theme-transparent-header-meta":"default","adv-header-id-meta":"","stick-header-meta":"","header-above-stick-meta":"","header-main-stick-meta":"","header-below-stick-meta":"","astra-migrate-meta-layouts":"set","ast-page-background-enabled":"default","ast-page-background-meta":{"desktop":{"background-color":"var(--ast-global-color-4)","background-image":"","background-repeat":"repeat","background-position":"center center","background-size":"auto","background-attachment":"scroll","background-type":"","background-media":"","overlay-type":"","overlay-color":"","overlay-opacity":"","overlay-gradient":""},"tablet":{"background-color":"","background-image":"","background-repeat":"repeat","background-position":"center center","background-size":"auto","background-attachment":"scroll","background-type":"","background-media":"","overlay-type":"","overlay-color":"","overlay-opacity":"","overlay-gradient":""},"mobile":{"background-color":"","background-image":"","background-repeat":"repeat","background-position":"center center","background-size":"auto","background-attachment":"scroll","background-type":"","background-media":"","overlay-type":"","overlay-color":"","overlay-opacity":"","overlay-gradient":""}},"ast-content-background-meta":{"desktop":{"background-color":"var(--ast-global-color-5)","background-image":"","background-repeat":"repeat","background-position":"center center","background-size":"auto","background-attachment":"scroll","background-type":"","background-media":"","overlay-type":"","overlay-color":"","overlay-opacity":"","overlay-gradient":""},"tablet":{"background-color":"var(--ast-global-color-5)","background-image":"","background-repeat":"repeat","background-position":"center center","background-size":"auto","background-attachment":"scroll","background-type":"","background-media":"","overlay-type":"","overlay-color":"","overlay-opacity":"","overlay-gradient":""},"mobile":{"background-color":"var(--ast-global-color-5)","background-image":"","background-repeat":"repeat","background-position":"center center","background-size":"auto","background-attachment":"scroll","background-type":"","background-media":"","overlay-type":"","overlay-color":"","overlay-opacity":"","overlay-gradient":""}}},"product_brand":[],"product_cat":[31,14299,409,267],"product_tag":[],"class_list":{"0":"post-203942","1":"product","2":"type-product","3":"status-publish","4":"has-post-thumbnail","6":"product_cat-daenisch","7":"product_cat-eiler-carl-soerensen","8":"product_cat-landschaft","9":"product_cat-oelgemaelde","10":"desktop-align-center","11":"tablet-align-left","12":"mobile-align-left","14":"first","15":"instock","16":"taxable","17":"shipping-taxable","18":"product-type-simple"},"_links":{"self":[{"href":"https:\/\/collection.galerie-gerdes.com\/sk\/wp-json\/wp\/v2\/product\/203942","targetHints":{"allow":["GET"]}}],"collection":[{"href":"https:\/\/collection.galerie-gerdes.com\/sk\/wp-json\/wp\/v2\/product"}],"about":[{"href":"https:\/\/collection.galerie-gerdes.com\/sk\/wp-json\/wp\/v2\/types\/product"}],"wp:featuredmedia":[{"embeddable":true,"href":"https:\/\/collection.galerie-gerdes.com\/sk\/wp-json\/wp\/v2\/media\/204094"}],"wp:attachment":[{"href":"https:\/\/collection.galerie-gerdes.com\/sk\/wp-json\/wp\/v2\/media?parent=203942"}],"wp:term":[{"taxonomy":"product_brand","embeddable":true,"href":"https:\/\/collection.galerie-gerdes.com\/sk\/wp-json\/wp\/v2\/product_brand?post=203942"},{"taxonomy":"product_cat","embeddable":true,"href":"https:\/\/collection.galerie-gerdes.com\/sk\/wp-json\/wp\/v2\/product_cat?post=203942"},{"taxonomy":"product_tag","embeddable":true,"href":"https:\/\/collection.galerie-gerdes.com\/sk\/wp-json\/wp\/v2\/product_tag?post=203942"}],"curies":[{"name":"wp","href":"https:\/\/api.w.org\/{rel}","templated":true}]}}