{"id":237806,"date":"2024-09-14T21:41:02","date_gmt":"2024-09-14T19:41:02","guid":{"rendered":"https:\/\/www.collection.galerie-gerdes.com\/?post_type=product&#038;p=237806"},"modified":"2024-09-24T13:50:10","modified_gmt":"2024-09-24T11:50:10","slug":"eroberung-des-weltallls-aus-sternwarte-mischtechnik-von-carl-olof-petersen-meggendorfer-blaetter","status":"publish","type":"product","link":"https:\/\/collection.galerie-gerdes.com\/sk\/p\/eroberung-des-weltallls-aus-sternwarte-mischtechnik-von-carl-olof-petersen-meggendorfer-blaetter\/","title":{"rendered":"Eroberung des Weltallls (aus Sternwarte) | Mischtechnik von Carl Olof Petersen | Meggendorfer-Bl\u00e4tter"},"content":{"rendered":"<p>Carl Olof Petersen (* 19. September 1881 in Malm\u00f6; \u2020 18. Oktober 1939 in Ulricehamn) war ein schwedischer K\u00fcnstler, Illustrator und Grafiker, der in M\u00fcnchen und Dachau t\u00e4tig war. 1903 verlie\u00df er Schweden und zog nach Dachau, wo er im Ortsteil Moosschwaige lebte. Petersen war Sch\u00fcler von Adolf H\u00f6lzel und wurde Mitglied der K\u00fcnstlerkolonie Dachau.<\/p>\n<p>Er war verheiratet mit der Berliner Sachbuchautorin Elly Petersen (geb. Hirschfeld-Le\u00dfer). Bekannt wurde er vor allem durch seine Illustrationen zahlreicher Kinderb\u00fccher und seine Arbeiten f\u00fcr die Wochenschrift <em>Jugend<\/em> sowie die Satirezeitschrift <em>Simplicissimus<\/em>. Zudem schuf er Werbeplakate und Postkarten, oft mit M\u00fcnchner Motiven, die er mit dem K\u00fcrzel &#8222;OST&#8220; signierte.<\/p>\n<p>1937 kehrte er aus gesundheitlichen Gr\u00fcnden nach Schweden zur\u00fcck. Nach seinem Tod im Jahr 1939 zog seine Frau Elly 1955 mit ihrer Freundin Carola von Crailsheim nach M\u00fcnchen, wo beide ihren Lebensabend verbrachten.<\/p>\n","protected":false},"excerpt":{"rendered":"<p>Carl Olof Petersen (1880-1939)<\/p>\n","protected":false},"featured_media":237903,"template":"","meta":{"site-sidebar-layout":"default","site-content-layout":"","ast-site-content-layout":"default","site-content-style":"default","site-sidebar-style":"default","ast-global-header-display":"","ast-banner-title-visibility":"","ast-main-header-display":"","ast-hfb-above-header-display":"","ast-hfb-below-header-display":"","ast-hfb-mobile-header-display":"","site-post-title":"","ast-breadcrumbs-content":"","ast-featured-img":"","footer-sml-layout":"","ast-disable-related-posts":"","theme-transparent-header-meta":"default","adv-header-id-meta":"","stick-header-meta":"","header-above-stick-meta":"","header-main-stick-meta":"","header-below-stick-meta":"","astra-migrate-meta-layouts":"set","ast-page-background-enabled":"default","ast-page-background-meta":{"desktop":{"background-color":"var(--ast-global-color-4)","background-image":"","background-repeat":"repeat","background-position":"center center","background-size":"auto","background-attachment":"scroll","background-type":"","background-media":"","overlay-type":"","overlay-color":"","overlay-opacity":"","overlay-gradient":""},"tablet":{"background-color":"","background-image":"","background-repeat":"repeat","background-position":"center center","background-size":"auto","background-attachment":"scroll","background-type":"","background-media":"","overlay-type":"","overlay-color":"","overlay-opacity":"","overlay-gradient":""},"mobile":{"background-color":"","background-image":"","background-repeat":"repeat","background-position":"center center","background-size":"auto","background-attachment":"scroll","background-type":"","background-media":"","overlay-type":"","overlay-color":"","overlay-opacity":"","overlay-gradient":""}},"ast-content-background-meta":{"desktop":{"background-color":"var(--ast-global-color-5)","background-image":"","background-repeat":"repeat","background-position":"center center","background-size":"auto","background-attachment":"scroll","background-type":"","background-media":"","overlay-type":"","overlay-color":"","overlay-opacity":"","overlay-gradient":""},"tablet":{"background-color":"var(--ast-global-color-5)","background-image":"","background-repeat":"repeat","background-position":"center center","background-size":"auto","background-attachment":"scroll","background-type":"","background-media":"","overlay-type":"","overlay-color":"","overlay-opacity":"","overlay-gradient":""},"mobile":{"background-color":"var(--ast-global-color-5)","background-image":"","background-repeat":"repeat","background-position":"center center","background-size":"auto","background-attachment":"scroll","background-type":"","background-media":"","overlay-type":"","overlay-color":"","overlay-opacity":"","overlay-gradient":""}}},"product_brand":[],"product_cat":[14377,424,382,14378,266],"product_tag":[],"class_list":{"0":"post-237806","1":"product","2":"type-product","3":"status-publish","4":"has-post-thumbnail","6":"product_cat-carl-olof-petersen","7":"product_cat-karikaturen","8":"product_cat-meggendorfer-blatter","9":"product_cat-swedisch","10":"product_cat-zeichnung","11":"desktop-align-center","12":"tablet-align-left","13":"mobile-align-left","15":"first","16":"instock","17":"taxable","18":"shipping-taxable","19":"product-type-simple"},"_links":{"self":[{"href":"https:\/\/collection.galerie-gerdes.com\/sk\/wp-json\/wp\/v2\/product\/237806","targetHints":{"allow":["GET"]}}],"collection":[{"href":"https:\/\/collection.galerie-gerdes.com\/sk\/wp-json\/wp\/v2\/product"}],"about":[{"href":"https:\/\/collection.galerie-gerdes.com\/sk\/wp-json\/wp\/v2\/types\/product"}],"wp:featuredmedia":[{"embeddable":true,"href":"https:\/\/collection.galerie-gerdes.com\/sk\/wp-json\/wp\/v2\/media\/237903"}],"wp:attachment":[{"href":"https:\/\/collection.galerie-gerdes.com\/sk\/wp-json\/wp\/v2\/media?parent=237806"}],"wp:term":[{"taxonomy":"product_brand","embeddable":true,"href":"https:\/\/collection.galerie-gerdes.com\/sk\/wp-json\/wp\/v2\/product_brand?post=237806"},{"taxonomy":"product_cat","embeddable":true,"href":"https:\/\/collection.galerie-gerdes.com\/sk\/wp-json\/wp\/v2\/product_cat?post=237806"},{"taxonomy":"product_tag","embeddable":true,"href":"https:\/\/collection.galerie-gerdes.com\/sk\/wp-json\/wp\/v2\/product_tag?post=237806"}],"curies":[{"name":"wp","href":"https:\/\/api.w.org\/{rel}","templated":true}]}}