{"id":271651,"date":"2024-11-09T16:14:52","date_gmt":"2024-11-09T15:14:52","guid":{"rendered":"https:\/\/www.collection.galerie-gerdes.com\/?post_type=product&#038;p=271651"},"modified":"2024-12-18T16:46:16","modified_gmt":"2024-12-18T15:46:16","slug":"hochzeitstanz-aquarell-von-margarete-schneider-reichel-meggendorfer-blaetter","status":"publish","type":"product","link":"https:\/\/collection.galerie-gerdes.com\/sk\/p\/hochzeitstanz-aquarell-von-margarete-schneider-reichel-meggendorfer-blaetter\/","title":{"rendered":"Hochzeitstanz | Aquarell von Margarete Schneider-Reichel | Meggendorfer-Bl\u00e4tter"},"content":{"rendered":"<p>Margarete Schneider-Reichel (* 22. M\u00e4rz 1891 in Passau; \u2020 4. Mai 1944 in Passau) war eine deutsche Malerin, die besonders f\u00fcr ihre Landschafts- und Portr\u00e4tmalerei bekannt wurde. Sie war die Tochter des Bankiers Franz Reichel und dessen Frau Maria, geborene Simson. Nach dem Besuch der Gisela-Schule in Niedernburg studierte sie Kunst in M\u00fcnchen. Als der Magistrat der Stadt Passau 1918 die Ausgabe von Kriegsnotgeld beschloss, wurde Schneider-Reichel zusammen mit Franz Weismann mit den k\u00fcnstlerischen Entw\u00fcrfen beauftragt.<\/p>\n<p>Im Jahr 1919 heiratete sie Ottmar Schneider, der sp\u00e4ter das Gesch\u00e4ft ihres Vaters \u00fcbernahm. Das Paar hatte zwei S\u00f6hne, die beide im Zweiten Weltkrieg fielen. Schneider-Reichel war Sch\u00fclerin von Alfred Kubin und Franz von Stuck und spezialisierte sich auf Landschaften, Portr\u00e4ts, religi\u00f6se Motive und Traumvisionen. Sie illustrierte auch Kinderb\u00fccher, vor allem f\u00fcr ihre S\u00f6hne. Ihre Werke schuf sie in einer Vielzahl von Techniken, darunter \u00d6l auf Leinwand, Aquarell, Pastell, Mischtechnik sowie Radierungen und Lithografien. Einige ihrer Arbeiten sind heute im Oberhausmuseum, im Stadtarchiv Passau und in der Kunstsammlung der Di\u00f6zese Passau zu finden.<\/p>\n<p>Politisch engagierte sich Schneider-Reichel ab dem 1. November 1930 in der NSDAP und war Gr\u00fcndungsmitglied der Passauer NSDAP-Frauengruppe, f\u00fcr die sie zun\u00e4chst als Kulturreferentin t\u00e4tig war. Von 1935 bis 1938 war sie Ortsfrauenschaftsleiterin und ab 1936 bis zu ihrem Tod Leiterin der Kreisfrauenschaft Passau. Nach ihrem Tod durch Diabetes am 4. Mai 1944 fand eine gro\u00dfe Trauerfeier mit etwa 4.000 Teilnehmern in der Nibelungenhalle statt.<\/p>\n<p>Anl\u00e4sslich ihres 70. Todestages fand 2014 eine Ausstellung \u00fcber ihr Werk mit dem Titel <em>Margarete Schneider-Reichel \u2212 Eine K\u00fcnstlerin ihrer Zeit<\/em> in der Landkreisgalerie auf Schloss Neuburg am Inn statt.<\/p>\n","protected":false},"excerpt":{"rendered":"<p>Margarete Schneider-Reichel (1891 &#8211; 1944)<\/p>\n","protected":false},"featured_media":273487,"template":"","meta":{"site-sidebar-layout":"default","site-content-layout":"","ast-site-content-layout":"default","site-content-style":"default","site-sidebar-style":"default","ast-global-header-display":"","ast-banner-title-visibility":"","ast-main-header-display":"","ast-hfb-above-header-display":"","ast-hfb-below-header-display":"","ast-hfb-mobile-header-display":"","site-post-title":"","ast-breadcrumbs-content":"","ast-featured-img":"","footer-sml-layout":"","ast-disable-related-posts":"","theme-transparent-header-meta":"default","adv-header-id-meta":"","stick-header-meta":"","header-above-stick-meta":"","header-main-stick-meta":"","header-below-stick-meta":"","astra-migrate-meta-layouts":"set","ast-page-background-enabled":"default","ast-page-background-meta":{"desktop":{"background-color":"var(--ast-global-color-4)","background-image":"","background-repeat":"repeat","background-position":"center center","background-size":"auto","background-attachment":"scroll","background-type":"","background-media":"","overlay-type":"","overlay-color":"","overlay-opacity":"","overlay-gradient":""},"tablet":{"background-color":"","background-image":"","background-repeat":"repeat","background-position":"center center","background-size":"auto","background-attachment":"scroll","background-type":"","background-media":"","overlay-type":"","overlay-color":"","overlay-opacity":"","overlay-gradient":""},"mobile":{"background-color":"","background-image":"","background-repeat":"repeat","background-position":"center center","background-size":"auto","background-attachment":"scroll","background-type":"","background-media":"","overlay-type":"","overlay-color":"","overlay-opacity":"","overlay-gradient":""}},"ast-content-background-meta":{"desktop":{"background-color":"var(--ast-global-color-5)","background-image":"","background-repeat":"repeat","background-position":"center center","background-size":"auto","background-attachment":"scroll","background-type":"","background-media":"","overlay-type":"","overlay-color":"","overlay-opacity":"","overlay-gradient":""},"tablet":{"background-color":"var(--ast-global-color-5)","background-image":"","background-repeat":"repeat","background-position":"center center","background-size":"auto","background-attachment":"scroll","background-type":"","background-media":"","overlay-type":"","overlay-color":"","overlay-opacity":"","overlay-gradient":""},"mobile":{"background-color":"var(--ast-global-color-5)","background-image":"","background-repeat":"repeat","background-position":"center center","background-size":"auto","background-attachment":"scroll","background-type":"","background-media":"","overlay-type":"","overlay-color":"","overlay-opacity":"","overlay-gradient":""}}},"product_brand":[],"product_cat":[52,265,25,179,418,424,14670,382],"product_tag":[],"class_list":{"0":"post-271651","1":"product","2":"type-product","3":"status-publish","4":"has-post-thumbnail","6":"product_cat-20th-century","7":"product_cat-aquarell","8":"product_cat-deutsch","9":"product_cat-gemaelde","10":"product_cat-genre","11":"product_cat-karikaturen","12":"product_cat-margarete-reichel","13":"product_cat-meggendorfer-blatter","14":"desktop-align-center","15":"tablet-align-left","16":"mobile-align-left","18":"first","19":"instock","20":"taxable","21":"shipping-taxable","22":"product-type-simple"},"_links":{"self":[{"href":"https:\/\/collection.galerie-gerdes.com\/sk\/wp-json\/wp\/v2\/product\/271651","targetHints":{"allow":["GET"]}}],"collection":[{"href":"https:\/\/collection.galerie-gerdes.com\/sk\/wp-json\/wp\/v2\/product"}],"about":[{"href":"https:\/\/collection.galerie-gerdes.com\/sk\/wp-json\/wp\/v2\/types\/product"}],"wp:featuredmedia":[{"embeddable":true,"href":"https:\/\/collection.galerie-gerdes.com\/sk\/wp-json\/wp\/v2\/media\/273487"}],"wp:attachment":[{"href":"https:\/\/collection.galerie-gerdes.com\/sk\/wp-json\/wp\/v2\/media?parent=271651"}],"wp:term":[{"taxonomy":"product_brand","embeddable":true,"href":"https:\/\/collection.galerie-gerdes.com\/sk\/wp-json\/wp\/v2\/product_brand?post=271651"},{"taxonomy":"product_cat","embeddable":true,"href":"https:\/\/collection.galerie-gerdes.com\/sk\/wp-json\/wp\/v2\/product_cat?post=271651"},{"taxonomy":"product_tag","embeddable":true,"href":"https:\/\/collection.galerie-gerdes.com\/sk\/wp-json\/wp\/v2\/product_tag?post=271651"}],"curies":[{"name":"wp","href":"https:\/\/api.w.org\/{rel}","templated":true}]}}