{"id":291,"date":"2023-12-23T16:18:26","date_gmt":"2023-12-23T15:18:26","guid":{"rendered":"https:\/\/collection.galerie-gerdes.com\/?post_type=product&#038;p=291"},"modified":"2024-04-24T14:06:27","modified_gmt":"2024-04-24T12:06:27","slug":"ignaz-mayer-frauenberg","status":"publish","type":"product","link":"https:\/\/collection.galerie-gerdes.com\/sk\/p\/ignaz-mayer-frauenberg\/","title":{"rendered":"Portr\u00e4t eines Mannes mit Hut von Ignaz Mayer-Frauenberg, \u00d6lgem\u00e4lde auf Holz, gerahmt"},"content":{"rendered":"<p>In dem malerischen Kirchdorf oberhalb des Isartals, namens Frauenberg, offenbart sich eine faszinierende Historie, die ihre Wurzeln tief in der Vergangenheit hat. Spuren aus der Jungsteinzeit, die \u00fcber 7000 Jahre zur\u00fcckreichen, arch\u00e4ologische Funde, Bodendenkm\u00e4ler und uralte Orts- sowie Flurnamen, all dies zeugt von der ununterbrochenen Besiedlungsgeschichte dieses Gebietes.<\/p>\n<p>&nbsp;<\/p>\n<p>Des Weiteren z\u00e4hlte das ehemalige Gemeindegebiet Frauenberg auch einige bedeutende Pers\u00f6nlichkeiten zu seinen Bewohnern. Hier lebten Namen wie Candid Huber, Clemens Brentano, der Kunstmaler Ignaz Mayer-Frauenberg, Otto der V. (bekannt als der Faule) und Konradin, der letzte Vertreter der Hohenstaufer-Dynastie.<\/p>\n","protected":false},"excerpt":{"rendered":"<p>Ignaz MAYER-FRAUENBERG (1874\u20131932), deutscher Maler<br \/>\nRahmen besch\u00e4digt.<\/p>\n","protected":false},"featured_media":293,"template":"","meta":{"site-sidebar-layout":"default","site-content-layout":"","ast-site-content-layout":"default","site-content-style":"default","site-sidebar-style":"default","ast-global-header-display":"","ast-banner-title-visibility":"","ast-main-header-display":"","ast-hfb-above-header-display":"","ast-hfb-below-header-display":"","ast-hfb-mobile-header-display":"","site-post-title":"","ast-breadcrumbs-content":"","ast-featured-img":"","footer-sml-layout":"","ast-disable-related-posts":"","theme-transparent-header-meta":"default","adv-header-id-meta":"","stick-header-meta":"","header-above-stick-meta":"","header-main-stick-meta":"","header-below-stick-meta":"","astra-migrate-meta-layouts":"set","ast-page-background-enabled":"default","ast-page-background-meta":{"desktop":{"background-color":"var(--ast-global-color-4)","background-image":"","background-repeat":"repeat","background-position":"center center","background-size":"auto","background-attachment":"scroll","background-type":"","background-media":"","overlay-type":"","overlay-color":"","overlay-opacity":"","overlay-gradient":""},"tablet":{"background-color":"","background-image":"","background-repeat":"repeat","background-position":"center center","background-size":"auto","background-attachment":"scroll","background-type":"","background-media":"","overlay-type":"","overlay-color":"","overlay-opacity":"","overlay-gradient":""},"mobile":{"background-color":"","background-image":"","background-repeat":"repeat","background-position":"center center","background-size":"auto","background-attachment":"scroll","background-type":"","background-media":"","overlay-type":"","overlay-color":"","overlay-opacity":"","overlay-gradient":""}},"ast-content-background-meta":{"desktop":{"background-color":"var(--ast-global-color-5)","background-image":"","background-repeat":"repeat","background-position":"center center","background-size":"auto","background-attachment":"scroll","background-type":"","background-media":"","overlay-type":"","overlay-color":"","overlay-opacity":"","overlay-gradient":""},"tablet":{"background-color":"var(--ast-global-color-5)","background-image":"","background-repeat":"repeat","background-position":"center center","background-size":"auto","background-attachment":"scroll","background-type":"","background-media":"","overlay-type":"","overlay-color":"","overlay-opacity":"","overlay-gradient":""},"mobile":{"background-color":"var(--ast-global-color-5)","background-image":"","background-repeat":"repeat","background-position":"center center","background-size":"auto","background-attachment":"scroll","background-type":"","background-media":"","overlay-type":"","overlay-color":"","overlay-opacity":"","overlay-gradient":""}}},"product_brand":[],"product_cat":[52,25,179,116],"product_tag":[364,362,363,74,361,365],"class_list":{"0":"post-291","1":"product","2":"type-product","3":"status-publish","4":"has-post-thumbnail","6":"product_cat-20th-century","7":"product_cat-deutsch","8":"product_cat-gemaelde","9":"product_cat-ignaz-mayer-frauenberg","10":"product_tag-art","11":"product_tag-gemalde","12":"product_tag-kunst","13":"product_tag-painting","14":"product_tag-peintures","15":"product_tag-pittura","16":"desktop-align-center","17":"tablet-align-left","18":"mobile-align-left","20":"first","21":"instock","22":"taxable","23":"shipping-taxable","24":"product-type-simple"},"_links":{"self":[{"href":"https:\/\/collection.galerie-gerdes.com\/sk\/wp-json\/wp\/v2\/product\/291","targetHints":{"allow":["GET"]}}],"collection":[{"href":"https:\/\/collection.galerie-gerdes.com\/sk\/wp-json\/wp\/v2\/product"}],"about":[{"href":"https:\/\/collection.galerie-gerdes.com\/sk\/wp-json\/wp\/v2\/types\/product"}],"wp:featuredmedia":[{"embeddable":true,"href":"https:\/\/collection.galerie-gerdes.com\/sk\/wp-json\/wp\/v2\/media\/293"}],"wp:attachment":[{"href":"https:\/\/collection.galerie-gerdes.com\/sk\/wp-json\/wp\/v2\/media?parent=291"}],"wp:term":[{"taxonomy":"product_brand","embeddable":true,"href":"https:\/\/collection.galerie-gerdes.com\/sk\/wp-json\/wp\/v2\/product_brand?post=291"},{"taxonomy":"product_cat","embeddable":true,"href":"https:\/\/collection.galerie-gerdes.com\/sk\/wp-json\/wp\/v2\/product_cat?post=291"},{"taxonomy":"product_tag","embeddable":true,"href":"https:\/\/collection.galerie-gerdes.com\/sk\/wp-json\/wp\/v2\/product_tag?post=291"}],"curies":[{"name":"wp","href":"https:\/\/api.w.org\/{rel}","templated":true}]}}