{"id":308999,"date":"2023-12-16T16:14:59","date_gmt":"2023-12-16T15:14:59","guid":{"rendered":"https:\/\/collection.galerie-gerdes.com\/produkt\/zimna-krajina-malba-willy-link\/"},"modified":"2023-12-16T16:14:59","modified_gmt":"2023-12-16T15:14:59","slug":"zimna-krajina-malba-willy-link","status":"publish","type":"product","link":"https:\/\/collection.galerie-gerdes.com\/sk\/p\/zimna-krajina-malba-willy-link\/","title":{"rendered":"Zimn\u00e1 krajina, ma\u013eba, Willy Link"},"content":{"rendered":"<p>Wilhelm (Willy) Link, ktor\u00fd sa narodil 13. okt\u00f3bra 1877 v Karlsruhe a zomrel 14. m\u00e1ja 1959 v Pforzheime, bol v\u0161estrann\u00fd nemeck\u00fd umelec, ktor\u00fd p\u00f4sobil v oblasti maliarstva, grafiky a soch\u00e1rstva.  <\/p>\n<p>Umeleck\u00e9 vzdelanie z\u00edskal v rokoch 1897 a\u017e 1903 na Kunstgewerbeschule Karlsruhe a Kunstakademie Karlsruhe, kde sa u\u010dil pod veden\u00edm Victora Weishaupta a Wilhelma Tr\u00fcbnera.<\/p>\n<p>V rokoch 1913 a\u017e 1938 p\u00f4sobil ako u\u010dite\u013e kreslenia a modelovania na zlatn\u00edckej \u0161kole v Pforzheime. Bol zn\u00e1my svojou z\u00e1\u013eubou v modelovan\u00ed kon\u00ed, preto ho prez\u00fdvali &#8222;Pferdles-Link&#8220;. <\/p>\n<p>V roku 1926 sa Wilhelm Link z\u00fa\u010dastnil na v\u00fdstave Stuttgartskej secesie s obrazom &#8222;Zehn Majoliken&#8220;. Po\u010das svojej kari\u00e9ry mal v Pforzheime aj samostatn\u00e9 v\u00fdstavy, a to v rokoch 1957 a 1982. <\/p>\n","protected":false},"excerpt":{"rendered":"<p>Wilhelm (Willy) Link (1877-1959)<br \/>\nTreba vy\u010disti\u0165.<\/p>\n","protected":false},"featured_media":7637,"template":"","meta":{"site-sidebar-layout":"default","site-content-layout":"","ast-site-content-layout":"default","site-content-style":"default","site-sidebar-style":"default","ast-global-header-display":"","ast-banner-title-visibility":"","ast-main-header-display":"","ast-hfb-above-header-display":"","ast-hfb-below-header-display":"","ast-hfb-mobile-header-display":"","site-post-title":"","ast-breadcrumbs-content":"","ast-featured-img":"","footer-sml-layout":"","ast-disable-related-posts":"","theme-transparent-header-meta":"default","adv-header-id-meta":"","stick-header-meta":"","header-above-stick-meta":"","header-main-stick-meta":"","header-below-stick-meta":"","astra-migrate-meta-layouts":"default","ast-page-background-enabled":"default","ast-page-background-meta":{"desktop":{"background-color":"var(--ast-global-color-4)","background-image":"","background-repeat":"repeat","background-position":"center center","background-size":"auto","background-attachment":"scroll","background-type":"","background-media":"","overlay-type":"","overlay-color":"","overlay-opacity":"","overlay-gradient":""},"tablet":{"background-color":"","background-image":"","background-repeat":"repeat","background-position":"center center","background-size":"auto","background-attachment":"scroll","background-type":"","background-media":"","overlay-type":"","overlay-color":"","overlay-opacity":"","overlay-gradient":""},"mobile":{"background-color":"","background-image":"","background-repeat":"repeat","background-position":"center center","background-size":"auto","background-attachment":"scroll","background-type":"","background-media":"","overlay-type":"","overlay-color":"","overlay-opacity":"","overlay-gradient":""}},"ast-content-background-meta":{"desktop":{"background-color":"var(--ast-global-color-5)","background-image":"","background-repeat":"repeat","background-position":"center center","background-size":"auto","background-attachment":"scroll","background-type":"","background-media":"","overlay-type":"","overlay-color":"","overlay-opacity":"","overlay-gradient":""},"tablet":{"background-color":"var(--ast-global-color-5)","background-image":"","background-repeat":"repeat","background-position":"center center","background-size":"auto","background-attachment":"scroll","background-type":"","background-media":"","overlay-type":"","overlay-color":"","overlay-opacity":"","overlay-gradient":""},"mobile":{"background-color":"var(--ast-global-color-5)","background-image":"","background-repeat":"repeat","background-position":"center center","background-size":"auto","background-attachment":"scroll","background-type":"","background-media":"","overlay-type":"","overlay-color":"","overlay-opacity":"","overlay-gradient":""}}},"product_brand":[],"product_cat":[745,669,671],"product_tag":[1589,1590,14762,1591,14763,1592,1593,1594,14765,14758,14759],"class_list":{"0":"post-308999","1":"product","2":"type-product","3":"status-publish","4":"has-post-thumbnail","6":"product_cat-german-sk","7":"product_cat-landschaft-sk","8":"product_cat-painting-sk","9":"product_tag-art-sk","10":"product_tag-gemalde-sk","11":"product_tag-krajina","12":"product_tag-kunst-sk","13":"product_tag-olejomalba","14":"product_tag-painting-sk","15":"product_tag-peintures-sk","16":"product_tag-pittura-sk","17":"product_tag-platno-sk","18":"product_tag-wilhelm-link-sk","19":"product_tag-zima-sk","20":"desktop-align-center","21":"tablet-align-left","22":"mobile-align-left","24":"first","25":"instock","26":"taxable","27":"shipping-taxable","28":"product-type-simple"},"_links":{"self":[{"href":"https:\/\/collection.galerie-gerdes.com\/sk\/wp-json\/wp\/v2\/product\/308999","targetHints":{"allow":["GET"]}}],"collection":[{"href":"https:\/\/collection.galerie-gerdes.com\/sk\/wp-json\/wp\/v2\/product"}],"about":[{"href":"https:\/\/collection.galerie-gerdes.com\/sk\/wp-json\/wp\/v2\/types\/product"}],"wp:featuredmedia":[{"embeddable":true,"href":"https:\/\/collection.galerie-gerdes.com\/sk\/wp-json\/wp\/v2\/media\/7637"}],"wp:attachment":[{"href":"https:\/\/collection.galerie-gerdes.com\/sk\/wp-json\/wp\/v2\/media?parent=308999"}],"wp:term":[{"taxonomy":"product_brand","embeddable":true,"href":"https:\/\/collection.galerie-gerdes.com\/sk\/wp-json\/wp\/v2\/product_brand?post=308999"},{"taxonomy":"product_cat","embeddable":true,"href":"https:\/\/collection.galerie-gerdes.com\/sk\/wp-json\/wp\/v2\/product_cat?post=308999"},{"taxonomy":"product_tag","embeddable":true,"href":"https:\/\/collection.galerie-gerdes.com\/sk\/wp-json\/wp\/v2\/product_tag?post=308999"}],"curies":[{"name":"wp","href":"https:\/\/api.w.org\/{rel}","templated":true}]}}