{"id":309029,"date":"2023-12-16T22:46:00","date_gmt":"2023-12-16T21:46:00","guid":{"rendered":"https:\/\/collection.galerie-gerdes.com\/produkt\/dedinska-hudba-kresba-adolf-muenzer-muz-s-tubou\/"},"modified":"2023-12-16T22:46:00","modified_gmt":"2023-12-16T21:46:00","slug":"dedinska-hudba-kresba-adolf-muenzer-muz-s-tubou","status":"publish","type":"product","link":"https:\/\/collection.galerie-gerdes.com\/sk\/p\/dedinska-hudba-kresba-adolf-muenzer-muz-s-tubou\/","title":{"rendered":"&#8222;Dedinsk\u00e1 hudba&#8220;, kresba, Adolf M\u00fcnzer, mu\u017e s tubou"},"content":{"rendered":"<p>Narodil sa v Plese v Hornom Sliezsku, po pred\u010dasnej smrti otca v roku 1876 str\u00e1vil detstvo v Breslau, kde nav\u0161tevoval Matthias-Gymnasium a v roku 1886 sa za\u010dal vzdel\u00e1va\u0165 u dekorat\u00edvneho maliara Georga Heintzeho. Nesk\u00f4r pokra\u010doval vo vzdel\u00e1van\u00ed na \u0160kole umeleck\u00fdch remesiel v Breslau a u\u010dili ho u\u010ditelia ako Heinrich Irmann, Paul Schobelt a Albrecht Br\u00e4uer.  <\/p>\n<p>V roku 1894 za\u010dal M\u00fcnzer \u0161tudova\u0165 na Akad\u00e9mii v\u00fdtvarn\u00fdch umen\u00ed v Mn\u00edchove, kde ho u\u010dili renomovan\u00ed umelci ako Karl Raupp a Otto Seitz. Po\u010das vojenskej slu\u017eby nast\u00fapil do maliarskej triedy Paula Hoeckera, ktor\u00fd sa intenz\u00edvne venoval ma\u013ebe v plen\u00e9ri. M\u00fcnzer tu dokonca v roku 1896 dostal svoj vlastn\u00fd majstrovsk\u00fd ateli\u00e9r.  <\/p>\n<p>V roku 1898 sa stal jedn\u00fdm z dvoch v\u00ed\u0165azov prvej s\u00fa\u0165a\u017ee Ludwiga Stollwercka o n\u00e1vrhy na zberate\u013esk\u00e9 obrazy Stollwerck s finan\u010dnou odmenou 1000 mariek. Od roku 1899 M\u00fcnzer vystavoval svoje diela v mn\u00edchovskom Glaspalaste ako \u010dlen skupiny umelcov Scholle. To viedlo aj k jeho spolupr\u00e1ci s mn\u00edchovsk\u00fdm t\u00fd\u017edenn\u00edkom &#8222;Jugend&#8220; a satirick\u00fdm \u010dasopisom &#8222;Simplicissimus&#8220;.  <\/p>\n<p>Po\u010das pobytu v Par\u00ed\u017ei v rokoch 1900 a\u017e 1902 upevnil svoj umeleck\u00fd v\u00fdvoj. V roku 1903 sa zozn\u00e1mil s Marie Therese Dree\u00dfenovou, rodenou von Vestenhofovou, s ktorou sa rok po ve\u013ekolepom \u0161kand\u00e1le o\u017eenil. Tento \u0161kand\u00e1l viedol k rozvodu pani Dree\u00dfenovej a jej man\u017eela.   <\/p>\n<p>V roku 1909 sa M\u00fcnzer stal ved\u00facim maliarskej triedy na Akad\u00e9mii umenia v D\u00fcsseldorfe, kde vyu\u010doval a\u017e do roku 1932. Po\u010das tohto obdobia vytvoril aj n\u00e1stenn\u00e9 a stropn\u00e9 ma\u013eby pre okresn\u00fa vl\u00e1du v D\u00fcsseldorfe. Po\u010das prvej svetovej vojny sl\u00fa\u017eil ako vojnov\u00fd maliar na fronte v roku 1915 a v roku 1917 sa prihl\u00e1sil ako dobrovo\u013en\u00edk, ale do bojov sa nezapojil.  <\/p>\n<p>V roku 1938 sa rodina M\u00fcnzerovcov pres\u0165ahovala do Holzhausenu pri Ammersee. M\u00fcnzerove diela boli vystaven\u00e9 v r\u00f4znych renomovan\u00fdch m\u00faze\u00e1ch a zbierkach vr\u00e1tane Neue Pinakothek v Mn\u00edchove, Wallraf-Richartz-Museum v Kol\u00edne nad R\u00fdnom, St\u00e4dtisches Kunstmuseum D\u00fcsseldorf a zbierky Kunstverein Basel. <\/p>\n<p>V rokoch 1938 a\u017e 1944 sa M\u00fcnzer akt\u00edvne z\u00fa\u010dast\u0148oval na Ve\u013ek\u00fdch nemeck\u00fdch v\u00fdstav\u00e1ch umenia, ktor\u00e9 iniciovali n\u00e1rodn\u00ed socialisti v Dome nemeck\u00e9ho umenia v Mn\u00edchove, a dokonca predal jedno dielo Adolfovi Hitlerovi. V roku 1950 vystavoval tridsa\u0165 obrazov v mn\u00edchovskom umeleckom dru\u017estve. M\u00fcnzer bol v roku 1944 zaraden\u00fd na zoznam vyznamenan\u00fdch r\u00ed\u0161skym ministerstvom \u013eudovej osvety a propagandy.  <\/p>\n<p>M\u00fcnzerov rozpr\u00e1va\u010dsk\u00fd \u0161t\u00fdl sa prejavil v jeho grafike, najm\u00e4 v jeho rozpr\u00e1vkov\u00fdch ilustr\u00e1ci\u00e1ch pre vydavate\u013estvo Scholz v Mainzi. Bol tie\u017e \u010dlenom Deutscher K\u00fcnstlerbund. <\/p>\n","protected":false},"excerpt":{"rendered":"<p>Adolf M\u00fcnzer (1870-1953)<br \/>\nZn\u00e1mky veku, pozri fotografie<\/p>\n","protected":false},"featured_media":7691,"template":"","meta":{"site-sidebar-layout":"default","site-content-layout":"","ast-site-content-layout":"default","site-content-style":"default","site-sidebar-style":"default","ast-global-header-display":"","ast-banner-title-visibility":"","ast-main-header-display":"","ast-hfb-above-header-display":"","ast-hfb-below-header-display":"","ast-hfb-mobile-header-display":"","site-post-title":"","ast-breadcrumbs-content":"","ast-featured-img":"","footer-sml-layout":"","ast-disable-related-posts":"","theme-transparent-header-meta":"default","adv-header-id-meta":"","stick-header-meta":"","header-above-stick-meta":"","header-main-stick-meta":"","header-below-stick-meta":"","astra-migrate-meta-layouts":"default","ast-page-background-enabled":"default","ast-page-background-meta":{"desktop":{"background-color":"var(--ast-global-color-4)","background-image":"","background-repeat":"repeat","background-position":"center center","background-size":"auto","background-attachment":"scroll","background-type":"","background-media":"","overlay-type":"","overlay-color":"","overlay-opacity":"","overlay-gradient":""},"tablet":{"background-color":"","background-image":"","background-repeat":"repeat","background-position":"center center","background-size":"auto","background-attachment":"scroll","background-type":"","background-media":"","overlay-type":"","overlay-color":"","overlay-opacity":"","overlay-gradient":""},"mobile":{"background-color":"","background-image":"","background-repeat":"repeat","background-position":"center center","background-size":"auto","background-attachment":"scroll","background-type":"","background-media":"","overlay-type":"","overlay-color":"","overlay-opacity":"","overlay-gradient":""}},"ast-content-background-meta":{"desktop":{"background-color":"var(--ast-global-color-5)","background-image":"","background-repeat":"repeat","background-position":"center center","background-size":"auto","background-attachment":"scroll","background-type":"","background-media":"","overlay-type":"","overlay-color":"","overlay-opacity":"","overlay-gradient":""},"tablet":{"background-color":"var(--ast-global-color-5)","background-image":"","background-repeat":"repeat","background-position":"center center","background-size":"auto","background-attachment":"scroll","background-type":"","background-media":"","overlay-type":"","overlay-color":"","overlay-opacity":"","overlay-gradient":""},"mobile":{"background-color":"var(--ast-global-color-5)","background-image":"","background-repeat":"repeat","background-position":"center center","background-size":"auto","background-attachment":"scroll","background-type":"","background-media":"","overlay-type":"","overlay-color":"","overlay-opacity":"","overlay-gradient":""}}},"product_brand":[],"product_cat":[745,671],"product_tag":[14861,1589,1590,14863,1591,14862,1592,1593,1594],"class_list":{"0":"post-309029","1":"product","2":"type-product","3":"status-publish","4":"has-post-thumbnail","6":"product_cat-german-sk","7":"product_cat-painting-sk","8":"product_tag-adolf-muenzer-sk","9":"product_tag-art-sk","10":"product_tag-gemalde-sk","11":"product_tag-kreslenie","12":"product_tag-kunst-sk","13":"product_tag-nemcina-sk","14":"product_tag-painting-sk","15":"product_tag-peintures-sk","16":"product_tag-pittura-sk","17":"desktop-align-center","18":"tablet-align-left","19":"mobile-align-left","21":"first","22":"instock","23":"taxable","24":"shipping-taxable","25":"product-type-simple"},"_links":{"self":[{"href":"https:\/\/collection.galerie-gerdes.com\/sk\/wp-json\/wp\/v2\/product\/309029","targetHints":{"allow":["GET"]}}],"collection":[{"href":"https:\/\/collection.galerie-gerdes.com\/sk\/wp-json\/wp\/v2\/product"}],"about":[{"href":"https:\/\/collection.galerie-gerdes.com\/sk\/wp-json\/wp\/v2\/types\/product"}],"wp:featuredmedia":[{"embeddable":true,"href":"https:\/\/collection.galerie-gerdes.com\/sk\/wp-json\/wp\/v2\/media\/7691"}],"wp:attachment":[{"href":"https:\/\/collection.galerie-gerdes.com\/sk\/wp-json\/wp\/v2\/media?parent=309029"}],"wp:term":[{"taxonomy":"product_brand","embeddable":true,"href":"https:\/\/collection.galerie-gerdes.com\/sk\/wp-json\/wp\/v2\/product_brand?post=309029"},{"taxonomy":"product_cat","embeddable":true,"href":"https:\/\/collection.galerie-gerdes.com\/sk\/wp-json\/wp\/v2\/product_cat?post=309029"},{"taxonomy":"product_tag","embeddable":true,"href":"https:\/\/collection.galerie-gerdes.com\/sk\/wp-json\/wp\/v2\/product_tag?post=309029"}],"curies":[{"name":"wp","href":"https:\/\/api.w.org\/{rel}","templated":true}]}}