{"id":247501,"date":"2024-10-22T22:15:25","date_gmt":"2024-10-22T20:15:25","guid":{"rendered":"https:\/\/www.collection.galerie-gerdes.com\/?post_type=product&#038;p=247501"},"modified":"2024-11-01T23:28:23","modified_gmt":"2024-11-01T22:28:23","slug":"bergsee-gemaelde-von-herbert-rothgaengel","status":"publish","type":"product","link":"https:\/\/collection.galerie-gerdes.com\/sl\/p\/bergsee-gemaelde-von-herbert-rothgaengel\/","title":{"rendered":"Bergsee | Gem\u00e4lde von Herbert Rothgaengel"},"content":{"rendered":"<p>Herbert Rothg\u00e4ngel war ein deutscher Maler, Zeichner, Illustrator und Gebrauchsgraphiker, geboren 1891 vermutlich in Berlin und aktiv bis nach 1962, ebenfalls in Berlin. Als Mitglied des Reichsverbands Bildender K\u00fcnstler Deutschlands und der Reichskammer der Bildenden K\u00fcnste war er fest in der Berliner Kunstszene verankert. Rothg\u00e4ngel widmete sich verschiedenen Kunstformen, darunter Malerei und Illustration, und schuf Arbeiten sowohl f\u00fcr den k\u00fcnstlerischen als auch f\u00fcr den kommerziellen Gebrauch. Sein Schaffen fiel in eine Zeit tiefgreifender Umw\u00e4lzungen in Deutschland, doch er blieb in Berlin t\u00e4tig und konnte bis in die 1960er Jahre hinein als K\u00fcnstler wirken.<\/p>\n","protected":false},"excerpt":{"rendered":"<p>Herbert Rothgaengel (act. 1926-1962)<\/p>\n","protected":false},"featured_media":248462,"template":"","meta":{"site-sidebar-layout":"default","site-content-layout":"","ast-site-content-layout":"default","site-content-style":"default","site-sidebar-style":"default","ast-global-header-display":"","ast-banner-title-visibility":"","ast-main-header-display":"","ast-hfb-above-header-display":"","ast-hfb-below-header-display":"","ast-hfb-mobile-header-display":"","site-post-title":"","ast-breadcrumbs-content":"","ast-featured-img":"","footer-sml-layout":"","ast-disable-related-posts":"","theme-transparent-header-meta":"default","adv-header-id-meta":"","stick-header-meta":"","header-above-stick-meta":"","header-main-stick-meta":"","header-below-stick-meta":"","astra-migrate-meta-layouts":"set","ast-page-background-enabled":"default","ast-page-background-meta":{"desktop":{"background-color":"var(--ast-global-color-4)","background-image":"","background-repeat":"repeat","background-position":"center center","background-size":"auto","background-attachment":"scroll","background-type":"","background-media":"","overlay-type":"","overlay-color":"","overlay-opacity":"","overlay-gradient":""},"tablet":{"background-color":"","background-image":"","background-repeat":"repeat","background-position":"center center","background-size":"auto","background-attachment":"scroll","background-type":"","background-media":"","overlay-type":"","overlay-color":"","overlay-opacity":"","overlay-gradient":""},"mobile":{"background-color":"","background-image":"","background-repeat":"repeat","background-position":"center center","background-size":"auto","background-attachment":"scroll","background-type":"","background-media":"","overlay-type":"","overlay-color":"","overlay-opacity":"","overlay-gradient":""}},"ast-content-background-meta":{"desktop":{"background-color":"var(--ast-global-color-5)","background-image":"","background-repeat":"repeat","background-position":"center center","background-size":"auto","background-attachment":"scroll","background-type":"","background-media":"","overlay-type":"","overlay-color":"","overlay-opacity":"","overlay-gradient":""},"tablet":{"background-color":"var(--ast-global-color-5)","background-image":"","background-repeat":"repeat","background-position":"center center","background-size":"auto","background-attachment":"scroll","background-type":"","background-media":"","overlay-type":"","overlay-color":"","overlay-opacity":"","overlay-gradient":""},"mobile":{"background-color":"var(--ast-global-color-5)","background-image":"","background-repeat":"repeat","background-position":"center center","background-size":"auto","background-attachment":"scroll","background-type":"","background-media":"","overlay-type":"","overlay-color":"","overlay-opacity":"","overlay-gradient":""}}},"product_brand":[],"product_cat":[52,25,179,14399,409,267],"product_tag":[],"class_list":{"0":"post-247501","1":"product","2":"type-product","3":"status-publish","4":"has-post-thumbnail","6":"product_cat-20th-century","7":"product_cat-deutsch","8":"product_cat-gemaelde","9":"product_cat-herbert-rothgaengel","10":"product_cat-landschaft","11":"product_cat-oelgemaelde","12":"desktop-align-center","13":"tablet-align-left","14":"mobile-align-left","16":"first","17":"instock","18":"taxable","19":"shipping-taxable","20":"product-type-simple"},"_links":{"self":[{"href":"https:\/\/collection.galerie-gerdes.com\/sl\/wp-json\/wp\/v2\/product\/247501","targetHints":{"allow":["GET"]}}],"collection":[{"href":"https:\/\/collection.galerie-gerdes.com\/sl\/wp-json\/wp\/v2\/product"}],"about":[{"href":"https:\/\/collection.galerie-gerdes.com\/sl\/wp-json\/wp\/v2\/types\/product"}],"wp:featuredmedia":[{"embeddable":true,"href":"https:\/\/collection.galerie-gerdes.com\/sl\/wp-json\/wp\/v2\/media\/248462"}],"wp:attachment":[{"href":"https:\/\/collection.galerie-gerdes.com\/sl\/wp-json\/wp\/v2\/media?parent=247501"}],"wp:term":[{"taxonomy":"product_brand","embeddable":true,"href":"https:\/\/collection.galerie-gerdes.com\/sl\/wp-json\/wp\/v2\/product_brand?post=247501"},{"taxonomy":"product_cat","embeddable":true,"href":"https:\/\/collection.galerie-gerdes.com\/sl\/wp-json\/wp\/v2\/product_cat?post=247501"},{"taxonomy":"product_tag","embeddable":true,"href":"https:\/\/collection.galerie-gerdes.com\/sl\/wp-json\/wp\/v2\/product_tag?post=247501"}],"curies":[{"name":"wp","href":"https:\/\/api.w.org\/{rel}","templated":true}]}}