{"id":308998,"date":"2023-12-16T16:14:59","date_gmt":"2023-12-16T15:14:59","guid":{"rendered":"https:\/\/collection.galerie-gerdes.com\/produkt\/zimska-pokrajina-slika-willy-link\/"},"modified":"2023-12-16T16:14:59","modified_gmt":"2023-12-16T15:14:59","slug":"zimska-pokrajina-slika-willy-link","status":"publish","type":"product","link":"https:\/\/collection.galerie-gerdes.com\/sl\/p\/zimska-pokrajina-slika-willy-link\/","title":{"rendered":"Zimska pokrajina, slika, Willy Link"},"content":{"rendered":"<p>Wilhelm (Willy) Link, rojen 13. oktobra 1877 v Karlsruheju in umrl 14. maja 1959 v Pforzheimu, je bil vsestranski nem\u0161ki umetnik, ki je ustvarjal na podro\u010dju slikarstva, grafike in kiparstva.  <\/p>\n<p>Med letoma 1897 in 1903 se je umetni\u0161ko izobra\u017eeval na Kunstgewerbeschule Karlsruhe in Kunstakademie Karlsruhe, kjer se je u\u010dil pri Victorju Weishauptu in Wilhelmu Tr\u00fcbnerju.<\/p>\n<p>Med letoma 1913 in 1938 je delal kot u\u010ditelj risanja in modeliranja na zlatarski \u0161oli v Pforzheimu. Znan je bil po svoji strasti do modeliranja konj, zato so ga klicali &#8220;Pferdles-Link&#8221;. <\/p>\n<p>Leta 1926 je Wilhelm Link s sliko &#8220;Zehn Majoliken&#8221; sodeloval na razstavi stuttgartske secesije. V svoji karieri je imel tudi samostojni razstavi v Pforzheimu, in sicer leta 1957 in 1982. <\/p>\n","protected":false},"excerpt":{"rendered":"<p>Wilhelm (Willy) Link (1877-1959)<br \/>\nTreba je o\u010distiti.<\/p>\n","protected":false},"featured_media":7638,"template":"","meta":{"site-sidebar-layout":"default","site-content-layout":"","ast-site-content-layout":"default","site-content-style":"default","site-sidebar-style":"default","ast-global-header-display":"","ast-banner-title-visibility":"","ast-main-header-display":"","ast-hfb-above-header-display":"","ast-hfb-below-header-display":"","ast-hfb-mobile-header-display":"","site-post-title":"","ast-breadcrumbs-content":"","ast-featured-img":"","footer-sml-layout":"","ast-disable-related-posts":"","theme-transparent-header-meta":"default","adv-header-id-meta":"","stick-header-meta":"","header-above-stick-meta":"","header-main-stick-meta":"","header-below-stick-meta":"","astra-migrate-meta-layouts":"default","ast-page-background-enabled":"default","ast-page-background-meta":{"desktop":{"background-color":"var(--ast-global-color-4)","background-image":"","background-repeat":"repeat","background-position":"center center","background-size":"auto","background-attachment":"scroll","background-type":"","background-media":"","overlay-type":"","overlay-color":"","overlay-opacity":"","overlay-gradient":""},"tablet":{"background-color":"","background-image":"","background-repeat":"repeat","background-position":"center center","background-size":"auto","background-attachment":"scroll","background-type":"","background-media":"","overlay-type":"","overlay-color":"","overlay-opacity":"","overlay-gradient":""},"mobile":{"background-color":"","background-image":"","background-repeat":"repeat","background-position":"center center","background-size":"auto","background-attachment":"scroll","background-type":"","background-media":"","overlay-type":"","overlay-color":"","overlay-opacity":"","overlay-gradient":""}},"ast-content-background-meta":{"desktop":{"background-color":"var(--ast-global-color-5)","background-image":"","background-repeat":"repeat","background-position":"center center","background-size":"auto","background-attachment":"scroll","background-type":"","background-media":"","overlay-type":"","overlay-color":"","overlay-opacity":"","overlay-gradient":""},"tablet":{"background-color":"var(--ast-global-color-5)","background-image":"","background-repeat":"repeat","background-position":"center center","background-size":"auto","background-attachment":"scroll","background-type":"","background-media":"","overlay-type":"","overlay-color":"","overlay-opacity":"","overlay-gradient":""},"mobile":{"background-color":"var(--ast-global-color-5)","background-image":"","background-repeat":"repeat","background-position":"center center","background-size":"auto","background-attachment":"scroll","background-type":"","background-media":"","overlay-type":"","overlay-color":"","overlay-opacity":"","overlay-gradient":""}}},"product_brand":[],"product_cat":[747,675,677],"product_tag":[1597,1598,1599,1600,1601,1602,14757,14753,14755,14750,14751],"class_list":{"0":"post-308998","1":"product","2":"type-product","3":"status-publish","4":"has-post-thumbnail","6":"product_cat-german-sl","7":"product_cat-landschaft-sl","8":"product_cat-painting-sl","9":"product_tag-art-sl","10":"product_tag-gemalde-sl","11":"product_tag-kunst-sl","12":"product_tag-painting-sl","13":"product_tag-peintures-sl","14":"product_tag-pittura-sl","15":"product_tag-platno","16":"product_tag-pokrajina","17":"product_tag-slika-z-oljem","18":"product_tag-wilhelm-link-sl","19":"product_tag-zima","20":"desktop-align-center","21":"tablet-align-left","22":"mobile-align-left","24":"first","25":"instock","26":"taxable","27":"shipping-taxable","28":"product-type-simple"},"_links":{"self":[{"href":"https:\/\/collection.galerie-gerdes.com\/sl\/wp-json\/wp\/v2\/product\/308998","targetHints":{"allow":["GET"]}}],"collection":[{"href":"https:\/\/collection.galerie-gerdes.com\/sl\/wp-json\/wp\/v2\/product"}],"about":[{"href":"https:\/\/collection.galerie-gerdes.com\/sl\/wp-json\/wp\/v2\/types\/product"}],"wp:featuredmedia":[{"embeddable":true,"href":"https:\/\/collection.galerie-gerdes.com\/sl\/wp-json\/wp\/v2\/media\/7638"}],"wp:attachment":[{"href":"https:\/\/collection.galerie-gerdes.com\/sl\/wp-json\/wp\/v2\/media?parent=308998"}],"wp:term":[{"taxonomy":"product_brand","embeddable":true,"href":"https:\/\/collection.galerie-gerdes.com\/sl\/wp-json\/wp\/v2\/product_brand?post=308998"},{"taxonomy":"product_cat","embeddable":true,"href":"https:\/\/collection.galerie-gerdes.com\/sl\/wp-json\/wp\/v2\/product_cat?post=308998"},{"taxonomy":"product_tag","embeddable":true,"href":"https:\/\/collection.galerie-gerdes.com\/sl\/wp-json\/wp\/v2\/product_tag?post=308998"}],"curies":[{"name":"wp","href":"https:\/\/api.w.org\/{rel}","templated":true}]}}