{"id":327311,"date":"2025-09-23T14:51:23","date_gmt":"2025-09-23T12:51:23","guid":{"rendered":"https:\/\/collection.galerie-gerdes.com\/?post_type=product&#038;p=327311"},"modified":"2025-09-23T14:51:23","modified_gmt":"2025-09-23T12:51:23","slug":"karikatur-teil-1-zeichnung-von-hans-brasch-meggendorfer-blaetter","status":"publish","type":"product","link":"https:\/\/collection.galerie-gerdes.com\/sl\/p\/karikatur-teil-1-zeichnung-von-hans-brasch-meggendorfer-blaetter\/","title":{"rendered":"Karikatur Teil 1 | Zeichnung von Hans Brasch | Meggendorfer Bl\u00e4tter"},"content":{"rendered":"<p>Hans Brasch (*2. April 1882 in Karlsruhe; \u202013. Mai 1973 in Murrhardt bei Stuttgart) war ein deutscher Maler und Vertreter des Expressionismus.<\/p>\n<p>Nach einer Ausbildung zum Dekorationsmaler im v\u00e4terlichen Betrieb studierte er von 1898 bis 1900 an der Kunstgewerbeschule Karlsruhe sowie anschlie\u00dfend an der Staatlichen Akademie der Bildenden K\u00fcnste bei Ludwig Schmid-Reutte, Friedrich Fehr, Walter Conz und Hans Thoma, dessen Meistersch\u00fcler er von 1904 bis 1908 war. Weitere Studienaufenthalte f\u00fchrten ihn nach Paris und Genf, wo er bei Ferdinand Hodler arbeitete. 1913 lebte er kurzzeitig in Mannheim, heiratete Emmy Wiedersheim, geborene Brassert, und zog nach Frankfurt am Main. Dort teilte er ein Atelier mit August Babberger und Rudolf Gudden im Haus Lichtenstein am R\u00f6merberg.<\/p>\n<p>Von 1914 bis 1918 diente Brasch im Ersten Weltkrieg. Im Jahr 1920 erwarb er ein Schwarzwaldhaus in Au\u00dferurberg bei Sankt Blasien, das zu einem Mittelpunkt seiner k\u00fcnstlerischen Arbeit wurde. Auch seine K\u00fcnstlerfreunde Rudolf Gudden, Richard Hoffmann und August Babberger lie\u00dfen sich in der N\u00e4he nieder. Ab Mitte der 1920er Jahre pr\u00e4gten der Aufenthalt im S\u00fcdschwarzwald, Goethes Farbenlehre und die Anthroposophie zunehmend sein Schaffen. 1930 \u00fcbersiedelte er mit seiner Familie nach Stuttgart.<\/p>\n<p>Im Zuge der Aktion \u201eEntartete Kunst\u201c wurden 1937 sechs seiner expressionistischen Werke aus \u00f6ffentlichen Sammlungen beschlagnahmt.<\/p>\n<p>Brasch arbeitete vor allem in der Landschafts- und Portr\u00e4tmalerei sowie im Bereich der Aquarellkunst, die er ab Mitte der 1920er Jahre zu einem zentralen Ausdrucksmittel entwickelte. Seine Motive reichten von Hochgebirgs- und Seenlandschaften bis zu Blumenbildern und Portr\u00e4ts, darunter das des Physiologen Wilhelm Trendelenburg. Bedeutende Werke im \u00f6ffentlichen Raum sind die Ausmalung des Empfangssaales im Bahnhof Bad Orb (1925\/26), die Fresken im Treppenhaus der Papierfabrik Scheufelen in Lenningen, eine Weltkarte in einem Privathaus in Kressbronn am Bodensee sowie ein Glasfenster in der Wielandschule Sielmingen.<\/p>\n<p>Sein k\u00fcnstlerischer Nachlass befindet sich seit 2020 im Hans-Thoma-Kunstmuseum in Bernau im Schwarzwald. Werke Braschs sind au\u00dferdem im St\u00e4del Museum in Frankfurt, in der Kunsthalle Karlsruhe und in der Kunsthalle Mannheim vertreten.<\/p>\n","protected":false},"excerpt":{"rendered":"<p>Hans Brasch (1882 &#8211; 1973)<\/p>\n","protected":false},"featured_media":328047,"template":"","meta":{"site-sidebar-layout":"default","site-content-layout":"","ast-site-content-layout":"default","site-content-style":"default","site-sidebar-style":"default","ast-global-header-display":"","ast-banner-title-visibility":"","ast-main-header-display":"","ast-hfb-above-header-display":"","ast-hfb-below-header-display":"","ast-hfb-mobile-header-display":"","site-post-title":"","ast-breadcrumbs-content":"","ast-featured-img":"","footer-sml-layout":"","ast-disable-related-posts":"","theme-transparent-header-meta":"default","adv-header-id-meta":"","stick-header-meta":"","header-above-stick-meta":"","header-main-stick-meta":"","header-below-stick-meta":"","astra-migrate-meta-layouts":"set","ast-page-background-enabled":"default","ast-page-background-meta":{"desktop":{"background-color":"var(--ast-global-color-4)","background-image":"","background-repeat":"repeat","background-position":"center center","background-size":"auto","background-attachment":"scroll","background-type":"","background-media":"","overlay-type":"","overlay-color":"","overlay-opacity":"","overlay-gradient":""},"tablet":{"background-color":"","background-image":"","background-repeat":"repeat","background-position":"center center","background-size":"auto","background-attachment":"scroll","background-type":"","background-media":"","overlay-type":"","overlay-color":"","overlay-opacity":"","overlay-gradient":""},"mobile":{"background-color":"","background-image":"","background-repeat":"repeat","background-position":"center center","background-size":"auto","background-attachment":"scroll","background-type":"","background-media":"","overlay-type":"","overlay-color":"","overlay-opacity":"","overlay-gradient":""}},"ast-content-background-meta":{"desktop":{"background-color":"var(--ast-global-color-5)","background-image":"","background-repeat":"repeat","background-position":"center center","background-size":"auto","background-attachment":"scroll","background-type":"","background-media":"","overlay-type":"","overlay-color":"","overlay-opacity":"","overlay-gradient":""},"tablet":{"background-color":"var(--ast-global-color-5)","background-image":"","background-repeat":"repeat","background-position":"center center","background-size":"auto","background-attachment":"scroll","background-type":"","background-media":"","overlay-type":"","overlay-color":"","overlay-opacity":"","overlay-gradient":""},"mobile":{"background-color":"var(--ast-global-color-5)","background-image":"","background-repeat":"repeat","background-position":"center center","background-size":"auto","background-attachment":"scroll","background-type":"","background-media":"","overlay-type":"","overlay-color":"","overlay-opacity":"","overlay-gradient":""}}},"product_brand":[],"product_cat":[15266],"product_tag":[],"class_list":{"0":"post-327311","1":"product","2":"type-product","3":"status-publish","4":"has-post-thumbnail","6":"product_cat-hans-brasch","7":"desktop-align-center","8":"tablet-align-left","9":"mobile-align-left","11":"first","12":"instock","13":"taxable","14":"shipping-taxable","15":"product-type-simple"},"_links":{"self":[{"href":"https:\/\/collection.galerie-gerdes.com\/sl\/wp-json\/wp\/v2\/product\/327311","targetHints":{"allow":["GET"]}}],"collection":[{"href":"https:\/\/collection.galerie-gerdes.com\/sl\/wp-json\/wp\/v2\/product"}],"about":[{"href":"https:\/\/collection.galerie-gerdes.com\/sl\/wp-json\/wp\/v2\/types\/product"}],"wp:featuredmedia":[{"embeddable":true,"href":"https:\/\/collection.galerie-gerdes.com\/sl\/wp-json\/wp\/v2\/media\/328047"}],"wp:attachment":[{"href":"https:\/\/collection.galerie-gerdes.com\/sl\/wp-json\/wp\/v2\/media?parent=327311"}],"wp:term":[{"taxonomy":"product_brand","embeddable":true,"href":"https:\/\/collection.galerie-gerdes.com\/sl\/wp-json\/wp\/v2\/product_brand?post=327311"},{"taxonomy":"product_cat","embeddable":true,"href":"https:\/\/collection.galerie-gerdes.com\/sl\/wp-json\/wp\/v2\/product_cat?post=327311"},{"taxonomy":"product_tag","embeddable":true,"href":"https:\/\/collection.galerie-gerdes.com\/sl\/wp-json\/wp\/v2\/product_tag?post=327311"}],"curies":[{"name":"wp","href":"https:\/\/api.w.org\/{rel}","templated":true}]}}