{"id":3480,"date":"2024-02-29T14:13:24","date_gmt":"2024-02-29T13:13:24","guid":{"rendered":"https:\/\/collection.galerie-gerdes.com\/?post_type=product&#038;p=3480"},"modified":"2024-05-21T13:05:07","modified_gmt":"2024-05-21T11:05:07","slug":"schaeferin-auf-wiese-gemaelde-von-rudolf-geyer","status":"publish","type":"product","link":"https:\/\/collection.galerie-gerdes.com\/sl\/p\/schaeferin-auf-wiese-gemaelde-von-rudolf-geyer\/","title":{"rendered":"Sch\u00e4ferin auf Wiese, Gem\u00e4lde von Rudolf Geyer"},"content":{"rendered":"<p>Rudolf Geyer, geboren am 24. J\u00e4nner 1884 in Wien und gestorben am 3. Juni 1972 ebenda, war ein \u00f6sterreichischer Grafikdesigner.<\/p>\n<p>Seine Ausbildung absolvierte Geyer von 1904 bis 1909 an der Wiener Kunstgewerbeschule und setzte sein Studium von 1909 bis 1913 an der Akademie der bildenden K\u00fcnste Wien bei Franz Rumpler fort. Bereits im Jahr 1906 wurden Schriftentw\u00fcrfe von Geyer von seinem Lehrer Rudolf von Larisch ver\u00f6ffentlicht. Als Mitglied des \u00d6sterreichischen Werkbunds war er aktiv im Bereich der buchk\u00fcnstlerischen Entw\u00fcrfe f\u00fcr verschiedene Verlage t\u00e4tig. Zus\u00e4tzlich gestaltete er Gebrauchsgrafiken f\u00fcr die Wiener Werkst\u00e4tte.<\/p>\n<p>Im Jahr 1934 trat er der illegalen NSDAP und der SA bei und beantragte am 3. Juni 1938 offiziell die Mitgliedschaft in der Partei, wobei er r\u00fcckwirkend zum 1. Mai desselben Jahres aufgenommen wurde (Mitgliedsnummer 6.336.115). Rudolf Geyer wurde auf dem Wiener Zentralfriedhof beigesetzt.<\/p>\n","protected":false},"excerpt":{"rendered":"<p>Rudolf Geyer (1884 &#8211; 1972)<\/p>\n","protected":false},"featured_media":3481,"template":"","meta":{"site-sidebar-layout":"default","site-content-layout":"","ast-site-content-layout":"default","site-content-style":"default","site-sidebar-style":"default","ast-global-header-display":"","ast-banner-title-visibility":"","ast-main-header-display":"","ast-hfb-above-header-display":"","ast-hfb-below-header-display":"","ast-hfb-mobile-header-display":"","site-post-title":"","ast-breadcrumbs-content":"","ast-featured-img":"","footer-sml-layout":"","ast-disable-related-posts":"","theme-transparent-header-meta":"default","adv-header-id-meta":"","stick-header-meta":"","header-above-stick-meta":"","header-main-stick-meta":"","header-below-stick-meta":"","astra-migrate-meta-layouts":"set","ast-page-background-enabled":"default","ast-page-background-meta":{"desktop":{"background-color":"var(--ast-global-color-4)","background-image":"","background-repeat":"repeat","background-position":"center center","background-size":"auto","background-attachment":"scroll","background-type":"","background-media":"","overlay-type":"","overlay-color":"","overlay-opacity":"","overlay-gradient":""},"tablet":{"background-color":"","background-image":"","background-repeat":"repeat","background-position":"center center","background-size":"auto","background-attachment":"scroll","background-type":"","background-media":"","overlay-type":"","overlay-color":"","overlay-opacity":"","overlay-gradient":""},"mobile":{"background-color":"","background-image":"","background-repeat":"repeat","background-position":"center center","background-size":"auto","background-attachment":"scroll","background-type":"","background-media":"","overlay-type":"","overlay-color":"","overlay-opacity":"","overlay-gradient":""}},"ast-content-background-meta":{"desktop":{"background-color":"var(--ast-global-color-5)","background-image":"","background-repeat":"repeat","background-position":"center center","background-size":"auto","background-attachment":"scroll","background-type":"","background-media":"","overlay-type":"","overlay-color":"","overlay-opacity":"","overlay-gradient":""},"tablet":{"background-color":"var(--ast-global-color-5)","background-image":"","background-repeat":"repeat","background-position":"center center","background-size":"auto","background-attachment":"scroll","background-type":"","background-media":"","overlay-type":"","overlay-color":"","overlay-opacity":"","overlay-gradient":""},"mobile":{"background-color":"var(--ast-global-color-5)","background-image":"","background-repeat":"repeat","background-position":"center center","background-size":"auto","background-attachment":"scroll","background-type":"","background-media":"","overlay-type":"","overlay-color":"","overlay-opacity":"","overlay-gradient":""}}},"product_brand":[],"product_cat":[52,179,409,239],"product_tag":[364,362,363,74,361,365],"class_list":{"0":"post-3480","1":"product","2":"type-product","3":"status-publish","4":"has-post-thumbnail","6":"product_cat-20th-century","7":"product_cat-gemaelde","8":"product_cat-landschaft","9":"product_cat-rudolf-geyer","10":"product_tag-art","11":"product_tag-gemalde","12":"product_tag-kunst","13":"product_tag-painting","14":"product_tag-peintures","15":"product_tag-pittura","16":"desktop-align-center","17":"tablet-align-left","18":"mobile-align-left","20":"first","21":"instock","22":"taxable","23":"shipping-taxable","24":"product-type-simple"},"_links":{"self":[{"href":"https:\/\/collection.galerie-gerdes.com\/sl\/wp-json\/wp\/v2\/product\/3480","targetHints":{"allow":["GET"]}}],"collection":[{"href":"https:\/\/collection.galerie-gerdes.com\/sl\/wp-json\/wp\/v2\/product"}],"about":[{"href":"https:\/\/collection.galerie-gerdes.com\/sl\/wp-json\/wp\/v2\/types\/product"}],"wp:featuredmedia":[{"embeddable":true,"href":"https:\/\/collection.galerie-gerdes.com\/sl\/wp-json\/wp\/v2\/media\/3481"}],"wp:attachment":[{"href":"https:\/\/collection.galerie-gerdes.com\/sl\/wp-json\/wp\/v2\/media?parent=3480"}],"wp:term":[{"taxonomy":"product_brand","embeddable":true,"href":"https:\/\/collection.galerie-gerdes.com\/sl\/wp-json\/wp\/v2\/product_brand?post=3480"},{"taxonomy":"product_cat","embeddable":true,"href":"https:\/\/collection.galerie-gerdes.com\/sl\/wp-json\/wp\/v2\/product_cat?post=3480"},{"taxonomy":"product_tag","embeddable":true,"href":"https:\/\/collection.galerie-gerdes.com\/sl\/wp-json\/wp\/v2\/product_tag?post=3480"}],"curies":[{"name":"wp","href":"https:\/\/api.w.org\/{rel}","templated":true}]}}