{"id":3509,"date":"2024-02-29T15:36:37","date_gmt":"2024-02-29T14:36:37","guid":{"rendered":"https:\/\/collection.galerie-gerdes.com\/?post_type=product&#038;p=3509"},"modified":"2024-09-26T18:41:46","modified_gmt":"2024-09-26T16:41:46","slug":"portraet-farbkreise-technik-eric-massolder","status":"publish","type":"product","link":"https:\/\/collection.galerie-gerdes.com\/sl\/p\/portraet-farbkreise-technik-eric-massolder\/","title":{"rendered":"Portr\u00e4t, Farbkreise Technik, Eric MASSOLDER"},"content":{"rendered":"<p>Eric Massholder wurde 1960 in Heidelberg, im S\u00fcdwesten Deutschlands, geboren. Er lebt und arbeitet an der C\u00f4te d&#8217;Azur.<\/p>\n<p>In seiner Jugend entdeckte Massholder das, was er &#8220;die Alchemie der Malerei&#8221; nennt, und interessierte sich f\u00fcr die Kunst verschiedener Kulturen. Er reiste und studierte in Marokko, Sizilien, Griechenland, der T\u00fcrkei und Indien, eine Erfahrung, die sein Werk tiefgreifend beeinflusst hat.<\/p>\n<p>Sein Aufenthalt in Frankreich begann im Haus seiner Gro\u00dfmutter m\u00fctterlicherseits an der C\u00f4te d&#8217;Azur, und die Region wurde 1981, dem Jahr, in dem er sein Studium in der Villa Arson in Nizza begann, zu seinem Lebensmittelpunkt. Zwischen 1987 und 1989 h\u00e4lt er sich dank des Kunsth\u00e4ndlers Fr\u00e9d\u00e9ric Nocera in Paris auf, der ihm ein Atelier und eine Wohnung in Vaugirard zur Verf\u00fcgung stellt. W\u00e4hrend dieser Zeit hatte er die Gelegenheit, f\u00fcr Anne Lettr\u00e9e zu arbeiten, bevor er nach S\u00fcdfrankreich zur\u00fcckkehrte.<\/p>\n<p>Massholder l\u00e4sst sich von den K\u00fcnstlern des fr\u00fchen 20. Jahrhunderts und den gro\u00dfen Meistern wie Van Gogh, Picasso und Dali inspirieren und stellt immer wieder neue Verbindungen zwischen ihnen her. In seinen eigenen Worten: &#8220;Ich wollte Picasso die Hand von Dali geben. Dieser Wunsch ist die St\u00e4rke meiner Arbeit&#8221;.<\/p>\n<p>Massholder beherrscht eine Reihe von Techniken, von der Malerei \u00fcber die Bildhauerei und die Zeichnung bis hin zur Druckgrafik, und entfaltet in seinem Werk eine Vielfalt von Stilen, vom Primitivismus bis zum Surrealismus. Er ist deutsch-franz\u00f6sischer und italienischer Abstammung und verdankt seinen Expressionismus seinem deutschen Vater, seinen Impressionismus seiner franz\u00f6sischen Mutter und seine Liebe zur Renaissance seinem florentinischen Gro\u00dfvater.<\/p>\n<p>Sein Werk offenbart ein originelles, seltsames und faszinierendes Universum, das sich durch die Verwendung einer vielf\u00e4ltigen Palette und verschiedener Techniken wie \u00d6l, Pastell und Tusche st\u00e4ndig neu erfindet.<\/p>\n<p>Massholders Werke kristallisieren seine Sehns\u00fcchte, \u00c4ngste und Tr\u00e4ume durch eine Reihe von sehr unterschiedlichen Themen heraus. Diese wiederkehrenden Themen haben die Form von symbolischen und allegorischen Zeichen wie das Dreieck, die Sonne, der Mond, der Fisch, der Pfau, die Pyramide und die Sphinx. Leben und Tod werden in Form von Eiern und Totenk\u00f6pfen angedeutet. Auf diese Weise baut Massholder ein regelrechtes ikonografisches Vokabular auf, das die Irrungen und Wirrungen der Gesellschaft erforscht und in dem seine Bilder wie Sprichw\u00f6rter anklingen. Der Hai, der die Gefr\u00e4\u00dfigkeit der Gesch\u00e4ftswelt mit sexueller Macht gleichsetzt, und das Dollarmonster, das die todbringende Welt der internationalen Finanzwelt anprangert, sind perfekte Beispiele.<\/p>\n<p>Im Laufe seiner Karriere hat Massholder mehrere Serien entwickelt, die sich auf historische Figuren, Kultst\u00e4tten oder bedeutende literarische Texte beziehen. Er l\u00e4sst sich von Vincent van Goghs Briefen an seinen Bruder Theo, dem geschichtstr\u00e4chtigen Berg Monte Verit\u00e0 und Werken wie Dantes G\u00f6ttlicher Kom\u00f6die, Homers Ilias und Odyssee oder Goethes Die gr\u00fcne Schlange und die sch\u00f6ne Lilie inspirieren.<\/p>\n<p>Seine Werke wurden in verschiedenen St\u00e4dten Europas ausgestellt: Heidelberg, Berlin, Frankfurt, M\u00fcnchen, N\u00fcrnberg, Br\u00fcssel, Gent, Lausanne, Venedig, Paris, Stra\u00dfburg, Nizza und Monaco. Im Jahr 1997 gewann er den Spezialpreis der Jury des Montreux Arts Festival. Seine luxuri\u00f6se limitierte Auflage von Illustrationen zu van Goghs Briefen ist Teil der Archive renommierter Museen wie dem MAMAC in Nizza und dem Centre Georges Pompidou in Paris.<\/p>\n<blockquote class=\"wp-embedded-content\" data-secret=\"tI7j1FSD9e\"><p><a href=\"https:\/\/ericmassholder.art\/\">Home<\/a><\/p><\/blockquote>\n<p><iframe loading=\"lazy\" class=\"wp-embedded-content\" sandbox=\"allow-scripts\" security=\"restricted\" style=\"position: absolute; clip: rect(1px, 1px, 1px, 1px);\" title=\"&#8220;Home&#8221; &#8212; Eric Massholder\" src=\"https:\/\/ericmassholder.art\/embed\/#?secret=UiAEcL5PRF#?secret=tI7j1FSD9e\" data-secret=\"tI7j1FSD9e\" width=\"500\" height=\"282\" frameborder=\"0\" marginwidth=\"0\" marginheight=\"0\" scrolling=\"no\"><\/iframe><\/p>\n","protected":false},"excerpt":{"rendered":"<p>Eric MASSHOLDER (1960)<\/p>\n","protected":false},"featured_media":3542,"template":"","meta":{"site-sidebar-layout":"default","site-content-layout":"","ast-site-content-layout":"default","site-content-style":"default","site-sidebar-style":"default","ast-global-header-display":"","ast-banner-title-visibility":"","ast-main-header-display":"","ast-hfb-above-header-display":"","ast-hfb-below-header-display":"","ast-hfb-mobile-header-display":"","site-post-title":"","ast-breadcrumbs-content":"","ast-featured-img":"","footer-sml-layout":"","ast-disable-related-posts":"","theme-transparent-header-meta":"default","adv-header-id-meta":"","stick-header-meta":"","header-above-stick-meta":"","header-main-stick-meta":"","header-below-stick-meta":"","astra-migrate-meta-layouts":"set","ast-page-background-enabled":"default","ast-page-background-meta":{"desktop":{"background-color":"var(--ast-global-color-4)","background-image":"","background-repeat":"repeat","background-position":"center center","background-size":"auto","background-attachment":"scroll","background-type":"","background-media":"","overlay-type":"","overlay-color":"","overlay-opacity":"","overlay-gradient":""},"tablet":{"background-color":"","background-image":"","background-repeat":"repeat","background-position":"center center","background-size":"auto","background-attachment":"scroll","background-type":"","background-media":"","overlay-type":"","overlay-color":"","overlay-opacity":"","overlay-gradient":""},"mobile":{"background-color":"","background-image":"","background-repeat":"repeat","background-position":"center center","background-size":"auto","background-attachment":"scroll","background-type":"","background-media":"","overlay-type":"","overlay-color":"","overlay-opacity":"","overlay-gradient":""}},"ast-content-background-meta":{"desktop":{"background-color":"var(--ast-global-color-5)","background-image":"","background-repeat":"repeat","background-position":"center center","background-size":"auto","background-attachment":"scroll","background-type":"","background-media":"","overlay-type":"","overlay-color":"","overlay-opacity":"","overlay-gradient":""},"tablet":{"background-color":"var(--ast-global-color-5)","background-image":"","background-repeat":"repeat","background-position":"center center","background-size":"auto","background-attachment":"scroll","background-type":"","background-media":"","overlay-type":"","overlay-color":"","overlay-opacity":"","overlay-gradient":""},"mobile":{"background-color":"var(--ast-global-color-5)","background-image":"","background-repeat":"repeat","background-position":"center center","background-size":"auto","background-attachment":"scroll","background-type":"","background-media":"","overlay-type":"","overlay-color":"","overlay-opacity":"","overlay-gradient":""}}},"product_brand":[],"product_cat":[52,25,241,65,179],"product_tag":[364,362,363,74,361,365],"class_list":{"0":"post-3509","1":"product","2":"type-product","3":"status-publish","4":"has-post-thumbnail","6":"product_cat-20th-century","7":"product_cat-deutsch","8":"product_cat-eric-massolder","9":"product_cat-franzoesisch","10":"product_cat-gemaelde","11":"product_tag-art","12":"product_tag-gemalde","13":"product_tag-kunst","14":"product_tag-painting","15":"product_tag-peintures","16":"product_tag-pittura","17":"desktop-align-center","18":"tablet-align-left","19":"mobile-align-left","21":"first","22":"instock","23":"taxable","24":"shipping-taxable","25":"product-type-simple"},"_links":{"self":[{"href":"https:\/\/collection.galerie-gerdes.com\/sl\/wp-json\/wp\/v2\/product\/3509","targetHints":{"allow":["GET"]}}],"collection":[{"href":"https:\/\/collection.galerie-gerdes.com\/sl\/wp-json\/wp\/v2\/product"}],"about":[{"href":"https:\/\/collection.galerie-gerdes.com\/sl\/wp-json\/wp\/v2\/types\/product"}],"wp:featuredmedia":[{"embeddable":true,"href":"https:\/\/collection.galerie-gerdes.com\/sl\/wp-json\/wp\/v2\/media\/3542"}],"wp:attachment":[{"href":"https:\/\/collection.galerie-gerdes.com\/sl\/wp-json\/wp\/v2\/media?parent=3509"}],"wp:term":[{"taxonomy":"product_brand","embeddable":true,"href":"https:\/\/collection.galerie-gerdes.com\/sl\/wp-json\/wp\/v2\/product_brand?post=3509"},{"taxonomy":"product_cat","embeddable":true,"href":"https:\/\/collection.galerie-gerdes.com\/sl\/wp-json\/wp\/v2\/product_cat?post=3509"},{"taxonomy":"product_tag","embeddable":true,"href":"https:\/\/collection.galerie-gerdes.com\/sl\/wp-json\/wp\/v2\/product_tag?post=3509"}],"curies":[{"name":"wp","href":"https:\/\/api.w.org\/{rel}","templated":true}]}}