{"id":4471,"date":"2024-03-21T17:47:26","date_gmt":"2024-03-21T16:47:26","guid":{"rendered":"https:\/\/collection.galerie-gerdes.com\/?post_type=product&#038;p=4471"},"modified":"2024-09-16T12:08:31","modified_gmt":"2024-09-16T10:08:31","slug":"der-heilige-georg-der-drachentoter-1895-friedrich-bodenmuller","status":"publish","type":"product","link":"https:\/\/collection.galerie-gerdes.com\/sl\/p\/der-heilige-georg-der-drachentoter-1895-friedrich-bodenmuller\/","title":{"rendered":"Der Heilige Georg, der Drachent\u00f6ter, 1895, Friedrich Bodenm\u00fcller"},"content":{"rendered":"<p>Geboren am 11. August 1845 in der k\u00fcnstlerischen Atmosph\u00e4re M\u00fcnchens, war Friedrich Bodenm\u00fcller von Kindesbeinen an von den Farben und Pinselstrichen fasziniert. Als Sohn eines angesehenen Malers erblickte er das Licht der Welt und sollte selbst bald zu einem bedeutenden K\u00fcnstler heranwachsen.<\/p>\n<p>Als Bruder des talentierten Malers Alphons Bodenm\u00fcller wurde Friedrich in die Welt der Kunst hineingeboren. Seine Reise begann an der renommierten M\u00fcnchner Kunstakademie im Jahr 1861, wo er unter der Anleitung des angesehenen Lehrers Josef Schlotthauer sein Handwerk perfektionierte.<\/p>\n<p>In den Jahren, die folgten, widmete sich Bodenm\u00fcller vor allem biblischen Szenen und Genregem\u00e4lden, wobei er die menschliche Erfahrung und das spirituelle Erbe in seinen Werken zum Ausdruck brachte. Doch das Leben hatte noch andere Pl\u00e4ne f\u00fcr ihn.<\/p>\n<p>Im Juli 1870 entschloss sich Friedrich gemeinsam mit seinem Bruder Otto, sich freiwillig der bayerischen Armee anzuschlie\u00dfen, und nahm am Deutsch-Franz\u00f6sischen Krieg von 1870\/71 teil. Als Offizier erlebte er die Schrecken des Krieges hautnah und fand Inspiration f\u00fcr seine sp\u00e4teren Werke in den Schlachten und Stra\u00dfenk\u00e4mpfen jener Zeit.<\/p>\n<p>Die Leinwand wurde seine B\u00fchne, auf der er die Episoden des Krieges festhielt &#8211; sei es der Stra\u00dfenkampf in Versailles, eine Episode aus der Schlacht von Sedan oder die bayerischen Truppen in der Schlacht von W\u00f6rth. Doch seine k\u00fcnstlerische Vision kannte keine Grenzen.<\/p>\n<p>Bodenm\u00fcllers Werke umfassten auch phantastisch-allegorische Motive, wie seine &#8220;Phantasien zu Beethovens Cissmollsonate&#8221;, die die Grenzen zwischen Realit\u00e4t und Imagination verschwimmen lie\u00dfen. Ab den 1880er Jahren kehrte er jedoch zunehmend zur Genre- und Historienmalerei zur\u00fcck, wo er seine F\u00e4higkeiten als Geschichtenerz\u00e4hler und Chronist der menschlichen Seele zum Ausdruck brachte.<\/p>\n","protected":false},"excerpt":{"rendered":"<p>Friedrich Bodenm\u00fcller (M\u00fcnchen 1845 \u2013 1913 Venedig)<\/p>\n","protected":false},"featured_media":4475,"template":"","meta":{"site-sidebar-layout":"default","site-content-layout":"","ast-site-content-layout":"default","site-content-style":"default","site-sidebar-style":"default","ast-global-header-display":"","ast-banner-title-visibility":"","ast-main-header-display":"","ast-hfb-above-header-display":"","ast-hfb-below-header-display":"","ast-hfb-mobile-header-display":"","site-post-title":"","ast-breadcrumbs-content":"","ast-featured-img":"","footer-sml-layout":"","ast-disable-related-posts":"","theme-transparent-header-meta":"default","adv-header-id-meta":"","stick-header-meta":"","header-above-stick-meta":"","header-main-stick-meta":"","header-below-stick-meta":"","astra-migrate-meta-layouts":"set","ast-page-background-enabled":"default","ast-page-background-meta":{"desktop":{"background-color":"var(--ast-global-color-4)","background-image":"","background-repeat":"repeat","background-position":"center center","background-size":"auto","background-attachment":"scroll","background-type":"","background-media":"","overlay-type":"","overlay-color":"","overlay-opacity":"","overlay-gradient":""},"tablet":{"background-color":"","background-image":"","background-repeat":"repeat","background-position":"center center","background-size":"auto","background-attachment":"scroll","background-type":"","background-media":"","overlay-type":"","overlay-color":"","overlay-opacity":"","overlay-gradient":""},"mobile":{"background-color":"","background-image":"","background-repeat":"repeat","background-position":"center center","background-size":"auto","background-attachment":"scroll","background-type":"","background-media":"","overlay-type":"","overlay-color":"","overlay-opacity":"","overlay-gradient":""}},"ast-content-background-meta":{"desktop":{"background-color":"var(--ast-global-color-5)","background-image":"","background-repeat":"repeat","background-position":"center center","background-size":"auto","background-attachment":"scroll","background-type":"","background-media":"","overlay-type":"","overlay-color":"","overlay-opacity":"","overlay-gradient":""},"tablet":{"background-color":"var(--ast-global-color-5)","background-image":"","background-repeat":"repeat","background-position":"center center","background-size":"auto","background-attachment":"scroll","background-type":"","background-media":"","overlay-type":"","overlay-color":"","overlay-opacity":"","overlay-gradient":""},"mobile":{"background-color":"var(--ast-global-color-5)","background-image":"","background-repeat":"repeat","background-position":"center center","background-size":"auto","background-attachment":"scroll","background-type":"","background-media":"","overlay-type":"","overlay-color":"","overlay-opacity":"","overlay-gradient":""}}},"product_brand":[],"product_cat":[53,25,284,179,267],"product_tag":[364,362,363,74,361,365,14383,14382],"class_list":{"0":"post-4471","1":"product","2":"type-product","3":"status-publish","4":"has-post-thumbnail","6":"product_cat-19th-century","7":"product_cat-deutsch","8":"product_cat-friedrich-bodenmuller","9":"product_cat-gemaelde","10":"product_cat-oelgemaelde","11":"product_tag-art","12":"product_tag-gemalde","13":"product_tag-kunst","14":"product_tag-painting","15":"product_tag-peintures","16":"product_tag-pittura","17":"product_tag-sehr-gross","18":"product_tag-speditionsversand","19":"desktop-align-center","20":"tablet-align-left","21":"mobile-align-left","23":"first","24":"instock","25":"taxable","26":"shipping-taxable","27":"product-type-simple"},"_links":{"self":[{"href":"https:\/\/collection.galerie-gerdes.com\/sl\/wp-json\/wp\/v2\/product\/4471","targetHints":{"allow":["GET"]}}],"collection":[{"href":"https:\/\/collection.galerie-gerdes.com\/sl\/wp-json\/wp\/v2\/product"}],"about":[{"href":"https:\/\/collection.galerie-gerdes.com\/sl\/wp-json\/wp\/v2\/types\/product"}],"wp:featuredmedia":[{"embeddable":true,"href":"https:\/\/collection.galerie-gerdes.com\/sl\/wp-json\/wp\/v2\/media\/4475"}],"wp:attachment":[{"href":"https:\/\/collection.galerie-gerdes.com\/sl\/wp-json\/wp\/v2\/media?parent=4471"}],"wp:term":[{"taxonomy":"product_brand","embeddable":true,"href":"https:\/\/collection.galerie-gerdes.com\/sl\/wp-json\/wp\/v2\/product_brand?post=4471"},{"taxonomy":"product_cat","embeddable":true,"href":"https:\/\/collection.galerie-gerdes.com\/sl\/wp-json\/wp\/v2\/product_cat?post=4471"},{"taxonomy":"product_tag","embeddable":true,"href":"https:\/\/collection.galerie-gerdes.com\/sl\/wp-json\/wp\/v2\/product_tag?post=4471"}],"curies":[{"name":"wp","href":"https:\/\/api.w.org\/{rel}","templated":true}]}}