{"id":5784,"date":"2024-04-22T09:58:15","date_gmt":"2024-04-22T07:58:15","guid":{"rendered":"https:\/\/collection.galerie-gerdes.com\/?post_type=product&#038;p=5784"},"modified":"2024-06-12T13:30:34","modified_gmt":"2024-06-12T11:30:34","slug":"parklandschaft-kohlezeichnung-von-peter-koch","status":"publish","type":"product","link":"https:\/\/collection.galerie-gerdes.com\/sl\/p\/parklandschaft-kohlezeichnung-von-peter-koch\/","title":{"rendered":"Parklandschaft, Kohlezeichnung von Peter Koch"},"content":{"rendered":"<p>Peter Koch wurde am 8. Oktober 1874 im Benjental bei Deidesheim geboren und verstarb am 10. August 1956 in Gimmeldingen. Er war ein deutscher Maler, der besonders f\u00fcr seine fig\u00fcrlichen Werke und sp\u00e4teren Landschaftsgem\u00e4lde bekannt war.<\/p>\n<p>Sein Geburtshaus war die &#8220;Obere M\u00fchle&#8221; im Benjental, wo sein Vater als Wappenschmied arbeitete. Nach dem Besuch einer Malschule studierte er an der Akademie der Bildenden K\u00fcnste in M\u00fcnchen, wo er unter anderem bei den Professoren Gabriel von Hackl und Carl von Marr lernte.<\/p>\n<p>Nach einer Weiterbildung bei Heinrich von Z\u00fcgel arbeitete Koch in verschiedenen deutschen St\u00e4dten sowie in der Schweiz. Seine Bekanntheit wuchs durch Ausstellungen in M\u00fcnchen (1908), der Berliner Secession (1911\/12), Basel (1912) und Mannheim (1913). Im Juni 1914 verlie\u00df er Deutschland und verbrachte acht Jahre in den USA, wo er sich der Society of Independent Artists anschloss.<\/p>\n<p>1922 kehrte Koch nach Deutschland zur\u00fcck und lie\u00df sich in Gimmeldingen nieder, wo er auch als B\u00fcrgermeister t\u00e4tig war und 1954 zum Ehrenb\u00fcrger ernannt wurde. Seine fr\u00fchen Arbeiten konzentrierten sich haupts\u00e4chlich auf fig\u00fcrliche Darstellungen, w\u00e4hrend er sp\u00e4ter vermehrt Landschaften malte.<\/p>\n","protected":false},"excerpt":{"rendered":"<p>Peter Koch (1874-1956)<\/p>\n","protected":false},"featured_media":5813,"template":"","meta":{"site-sidebar-layout":"default","site-content-layout":"","ast-site-content-layout":"default","site-content-style":"default","site-sidebar-style":"default","ast-global-header-display":"","ast-banner-title-visibility":"","ast-main-header-display":"","ast-hfb-above-header-display":"","ast-hfb-below-header-display":"","ast-hfb-mobile-header-display":"","site-post-title":"","ast-breadcrumbs-content":"","ast-featured-img":"","footer-sml-layout":"","ast-disable-related-posts":"","theme-transparent-header-meta":"default","adv-header-id-meta":"","stick-header-meta":"","header-above-stick-meta":"","header-main-stick-meta":"","header-below-stick-meta":"","astra-migrate-meta-layouts":"set","ast-page-background-enabled":"default","ast-page-background-meta":{"desktop":{"background-color":"var(--ast-global-color-4)","background-image":"","background-repeat":"repeat","background-position":"center center","background-size":"auto","background-attachment":"scroll","background-type":"","background-media":"","overlay-type":"","overlay-color":"","overlay-opacity":"","overlay-gradient":""},"tablet":{"background-color":"","background-image":"","background-repeat":"repeat","background-position":"center center","background-size":"auto","background-attachment":"scroll","background-type":"","background-media":"","overlay-type":"","overlay-color":"","overlay-opacity":"","overlay-gradient":""},"mobile":{"background-color":"","background-image":"","background-repeat":"repeat","background-position":"center center","background-size":"auto","background-attachment":"scroll","background-type":"","background-media":"","overlay-type":"","overlay-color":"","overlay-opacity":"","overlay-gradient":""}},"ast-content-background-meta":{"desktop":{"background-color":"var(--ast-global-color-5)","background-image":"","background-repeat":"repeat","background-position":"center center","background-size":"auto","background-attachment":"scroll","background-type":"","background-media":"","overlay-type":"","overlay-color":"","overlay-opacity":"","overlay-gradient":""},"tablet":{"background-color":"var(--ast-global-color-5)","background-image":"","background-repeat":"repeat","background-position":"center center","background-size":"auto","background-attachment":"scroll","background-type":"","background-media":"","overlay-type":"","overlay-color":"","overlay-opacity":"","overlay-gradient":""},"mobile":{"background-color":"var(--ast-global-color-5)","background-image":"","background-repeat":"repeat","background-position":"center center","background-size":"auto","background-attachment":"scroll","background-type":"","background-media":"","overlay-type":"","overlay-color":"","overlay-opacity":"","overlay-gradient":""}}},"product_brand":[],"product_cat":[52,25,179,409,354,266],"product_tag":[364,362,363,74,361,365],"class_list":{"0":"post-5784","1":"product","2":"type-product","3":"status-publish","4":"has-post-thumbnail","6":"product_cat-20th-century","7":"product_cat-deutsch","8":"product_cat-gemaelde","9":"product_cat-landschaft","10":"product_cat-peter-koch","11":"product_cat-zeichnung","12":"product_tag-art","13":"product_tag-gemalde","14":"product_tag-kunst","15":"product_tag-painting","16":"product_tag-peintures","17":"product_tag-pittura","18":"desktop-align-center","19":"tablet-align-left","20":"mobile-align-left","22":"first","23":"instock","24":"taxable","25":"shipping-taxable","26":"product-type-simple"},"_links":{"self":[{"href":"https:\/\/collection.galerie-gerdes.com\/sl\/wp-json\/wp\/v2\/product\/5784","targetHints":{"allow":["GET"]}}],"collection":[{"href":"https:\/\/collection.galerie-gerdes.com\/sl\/wp-json\/wp\/v2\/product"}],"about":[{"href":"https:\/\/collection.galerie-gerdes.com\/sl\/wp-json\/wp\/v2\/types\/product"}],"wp:featuredmedia":[{"embeddable":true,"href":"https:\/\/collection.galerie-gerdes.com\/sl\/wp-json\/wp\/v2\/media\/5813"}],"wp:attachment":[{"href":"https:\/\/collection.galerie-gerdes.com\/sl\/wp-json\/wp\/v2\/media?parent=5784"}],"wp:term":[{"taxonomy":"product_brand","embeddable":true,"href":"https:\/\/collection.galerie-gerdes.com\/sl\/wp-json\/wp\/v2\/product_brand?post=5784"},{"taxonomy":"product_cat","embeddable":true,"href":"https:\/\/collection.galerie-gerdes.com\/sl\/wp-json\/wp\/v2\/product_cat?post=5784"},{"taxonomy":"product_tag","embeddable":true,"href":"https:\/\/collection.galerie-gerdes.com\/sl\/wp-json\/wp\/v2\/product_tag?post=5784"}],"curies":[{"name":"wp","href":"https:\/\/api.w.org\/{rel}","templated":true}]}}