{"id":208922,"date":"2024-08-02T11:42:04","date_gmt":"2024-08-02T09:42:04","guid":{"rendered":"https:\/\/www.collection.galerie-gerdes.com\/?post_type=product&#038;p=208922"},"modified":"2024-09-16T12:00:21","modified_gmt":"2024-09-16T10:00:21","slug":"interieur-mit-drei-stuehlen-und-petroleumleuchte-gemaelde-von-leo-vanis","status":"publish","type":"product","link":"https:\/\/collection.galerie-gerdes.com\/sv\/p\/interieur-mit-drei-stuehlen-und-petroleumleuchte-gemaelde-von-leo-vanis\/","title":{"rendered":"\u201eInterieur mit drei St\u00fchlen und Petroleumleuchte\u201c | Gem\u00e4lde von Leo VANIS"},"content":{"rendered":"<p>Leo Vani\u0161 (9. November 1936, Bratislava \u2013 2005, Prachatice) war ein tschechoslowakischer und tschechischer bildender K\u00fcnstler und Universit\u00e4tsdozent. Er arbeitete als K\u00fcnstler, Kunstkurator und Hochschullehrer. W\u00e4hrend seines gesamten Berufslebens unterrichtete er Schrift, Malerei und dekorative Komposition an der P\u00e4dagogischen und Philosophischen Fakult\u00e4t der Karls-Universit\u00e4t in Prag sowie am P\u00e4dagogischen Institut in Brand\u00fds nad Labem.<\/p>\n<p>Nach seinem Abitur am La-Guardia-Realgymnasium in Prag 7, am Strossmayer-Platz, studierte er bildende Kunst sowie darstellende Geometrie und Mathematik an der P\u00e4dagogischen Hochschule in Prag bei den nationalen K\u00fcnstlern Professor Cyril Bouda, Professor Karel Lidick\u00fd und Martin Salcman. Er war auch als Sekret\u00e4r des Lehrstuhls f\u00fcr Kunsterziehung an der P\u00e4dagogischen Fakult\u00e4t der Karls-Universit\u00e4t in Prag t\u00e4tig, zusammen mit C. Bouda, M. Salcman, Jarom\u00edr U\u017edil, Miroslav M\u00ed\u010dek und Z. S\u00fdkora. W\u00e4hrend seiner T\u00e4tigkeit entstanden Hochschulskripte und Lehrb\u00fccher f\u00fcr Universit\u00e4ten und Grundschulen, wie zum Beispiel &#8221;Methodik des Arbeitsunterrichts&#8221; (mit H. Barto\u0161ov\u00e1), &#8221;Methodik des Sachunterrichts und der Heimatkunde&#8221; (mit V. Mejst\u0159\u00edk) und &#8221;Moderne technische Mittel im Unterricht&#8221; (mit R. Palou\u0161, dem sp\u00e4teren Rektor der Karls-Universit\u00e4t).<\/p>\n<p>Leo Vani\u0161 war als K\u00fcnstler beim Tschechischen Fonds f\u00fcr bildende Kunst, beim Verband der tschechischen bildenden K\u00fcnstler und bei D\u00edlo registriert. Er hatte seine erste Einzelausstellung in der Galerie Zlat\u00e1 lilie in Prag 1, am Mal\u00e9 n\u00e1m\u011bst\u00ed, und nahm 1988 am Salon der Prager bildenden K\u00fcnstler im Kulturpalast (heute V\u00fdstavi\u0161t\u011b Praha) teil. Er gestaltete Ausstellungen wie &#8221;25 Jahre Agroprojekt&#8221; und &#8221;Anthropologie der Mutterschaft&#8221;. Unter dem Einfluss von Paul C\u00e9zanne begann er zu malen und entwickelte sich allm\u00e4hlich unter dem Einfluss avantgardistischer Gruppen. Er ist in den &#8221;Signaturen tschechischer und slowakischer bildender K\u00fcnstler&#8221; sowie im &#8221;W\u00f6rterbuch tschechischer und slowakischer bildender K\u00fcnstler, Band XIX (V-Vik)&#8221; verzeichnet.<\/p>\n<p>Als Typograf und Kurator war er an der Ausstellung von Prof. Jaroslav Bure\u0161 &#8221;Landschaften 1970\u20131976&#8221; in der Galerie des Tschechoslowakischen Schriftstellerverbandes in Prag sowie an mehreren Ausstellungen von Helena Vani\u0161ov\u00e1 beteiligt.<\/p>\n<p>Sein Sohn Leo Vani\u0161 ist ebenfalls bildender K\u00fcnstler.<\/p>\n","protected":false},"excerpt":{"rendered":"<p>Leo VANIS (1936-2005)<\/p>\n","protected":false},"featured_media":209382,"template":"","meta":{"site-sidebar-layout":"default","site-content-layout":"","ast-site-content-layout":"default","site-content-style":"default","site-sidebar-style":"default","ast-global-header-display":"","ast-banner-title-visibility":"","ast-main-header-display":"","ast-hfb-above-header-display":"","ast-hfb-below-header-display":"","ast-hfb-mobile-header-display":"","site-post-title":"","ast-breadcrumbs-content":"","ast-featured-img":"","footer-sml-layout":"","ast-disable-related-posts":"","theme-transparent-header-meta":"default","adv-header-id-meta":"","stick-header-meta":"","header-above-stick-meta":"","header-main-stick-meta":"","header-below-stick-meta":"","astra-migrate-meta-layouts":"set","ast-page-background-enabled":"default","ast-page-background-meta":{"desktop":{"background-color":"var(--ast-global-color-4)","background-image":"","background-repeat":"repeat","background-position":"center center","background-size":"auto","background-attachment":"scroll","background-type":"","background-media":"","overlay-type":"","overlay-color":"","overlay-opacity":"","overlay-gradient":""},"tablet":{"background-color":"","background-image":"","background-repeat":"repeat","background-position":"center center","background-size":"auto","background-attachment":"scroll","background-type":"","background-media":"","overlay-type":"","overlay-color":"","overlay-opacity":"","overlay-gradient":""},"mobile":{"background-color":"","background-image":"","background-repeat":"repeat","background-position":"center center","background-size":"auto","background-attachment":"scroll","background-type":"","background-media":"","overlay-type":"","overlay-color":"","overlay-opacity":"","overlay-gradient":""}},"ast-content-background-meta":{"desktop":{"background-color":"var(--ast-global-color-5)","background-image":"","background-repeat":"repeat","background-position":"center center","background-size":"auto","background-attachment":"scroll","background-type":"","background-media":"","overlay-type":"","overlay-color":"","overlay-opacity":"","overlay-gradient":""},"tablet":{"background-color":"var(--ast-global-color-5)","background-image":"","background-repeat":"repeat","background-position":"center center","background-size":"auto","background-attachment":"scroll","background-type":"","background-media":"","overlay-type":"","overlay-color":"","overlay-opacity":"","overlay-gradient":""},"mobile":{"background-color":"var(--ast-global-color-5)","background-image":"","background-repeat":"repeat","background-position":"center center","background-size":"auto","background-attachment":"scroll","background-type":"","background-media":"","overlay-type":"","overlay-color":"","overlay-opacity":"","overlay-gradient":""}}},"product_brand":[],"product_cat":[14307],"product_tag":[14383,14382],"class_list":{"0":"post-208922","1":"product","2":"type-product","3":"status-publish","4":"has-post-thumbnail","6":"product_cat-leo-vanis-d-aeltere","7":"product_tag-sehr-gross","8":"product_tag-speditionsversand","9":"desktop-align-center","10":"tablet-align-left","11":"mobile-align-left","13":"first","14":"instock","15":"taxable","16":"shipping-taxable","17":"product-type-simple"},"_links":{"self":[{"href":"https:\/\/collection.galerie-gerdes.com\/sv\/wp-json\/wp\/v2\/product\/208922","targetHints":{"allow":["GET"]}}],"collection":[{"href":"https:\/\/collection.galerie-gerdes.com\/sv\/wp-json\/wp\/v2\/product"}],"about":[{"href":"https:\/\/collection.galerie-gerdes.com\/sv\/wp-json\/wp\/v2\/types\/product"}],"wp:featuredmedia":[{"embeddable":true,"href":"https:\/\/collection.galerie-gerdes.com\/sv\/wp-json\/wp\/v2\/media\/209382"}],"wp:attachment":[{"href":"https:\/\/collection.galerie-gerdes.com\/sv\/wp-json\/wp\/v2\/media?parent=208922"}],"wp:term":[{"taxonomy":"product_brand","embeddable":true,"href":"https:\/\/collection.galerie-gerdes.com\/sv\/wp-json\/wp\/v2\/product_brand?post=208922"},{"taxonomy":"product_cat","embeddable":true,"href":"https:\/\/collection.galerie-gerdes.com\/sv\/wp-json\/wp\/v2\/product_cat?post=208922"},{"taxonomy":"product_tag","embeddable":true,"href":"https:\/\/collection.galerie-gerdes.com\/sv\/wp-json\/wp\/v2\/product_tag?post=208922"}],"curies":[{"name":"wp","href":"https:\/\/api.w.org\/{rel}","templated":true}]}}