{"id":217757,"date":"2024-08-05T19:01:14","date_gmt":"2024-08-05T17:01:14","guid":{"rendered":"https:\/\/www.collection.galerie-gerdes.com\/?post_type=product&#038;p=217757"},"modified":"2024-08-17T15:02:30","modified_gmt":"2024-08-17T13:02:30","slug":"landschaft-mit-bachlauf-gemaelde-von-felix-eisengraeber","status":"publish","type":"product","link":"https:\/\/collection.galerie-gerdes.com\/sv\/p\/landschaft-mit-bachlauf-gemaelde-von-felix-eisengraeber\/","title":{"rendered":"Landschaft mit Bachlauf | Gem\u00e4lde von Felix Eisengr\u00e4ber"},"content":{"rendered":"<p>Karl Felix Eisengr\u00e4ber (* 7. M\u00e4rz 1874 in Leipzig; \u2020 29. April 1940 in M\u00fcnchen) war ein deutscher Maler und Grafiker.<\/p>\n<p>Eisengr\u00e4ber begann seine k\u00fcnstlerische Ausbildung an der Kunstakademie Leipzig unter der Leitung von Ludwig Nieper. Anschlie\u00dfend setzte er sein Studium an der Akademie der Bildenden K\u00fcnste in M\u00fcnchen fort, wo er von Ludwig von Herterich und Paul Hoecker unterrichtet wurde. Nach dem Tod des Malers Anton A\u017ebe leitete Eisengr\u00e4ber gemeinsam mit Paul Weinhold dessen Kunstschule bis zum Jahr 1913 weiter . Er war Mitglied der Luitpold-Gruppe, einer Abspaltung der M\u00fcnchner K\u00fcnstlergenossenschaft, und der K\u00fcnstlervereinigung &#8221;Die Unabh\u00e4ngigen&#8221; .<\/p>\n<p>In seinen fr\u00fchen Jahren entwarf Eisengr\u00e4ber Bucheinb\u00e4nde im Jugendstil f\u00fcr den Verlag S. Fischer und den Kommissionsbuchh\u00e4ndler Friedrich Volckmar. Dabei signierte er seine Werke h\u00e4ufig mit dem Monogramm &#8221;FE&#8221; .<\/p>\n<p>Sein k\u00fcnstlerisches Werk umfasst vor allem Portr\u00e4ts und Landschaften, wobei er sich h\u00e4ufig von der Umgebung M\u00fcnchens, dem Chiemsee und Tirol inspirieren lie\u00df. Eisengr\u00e4bers Malstil war stark von der impressionistischen Technik gepr\u00e4gt.<\/p>\n","protected":false},"excerpt":{"rendered":"<p>Karl Felix Eisengr\u00e4ber (1874 &#8211; 1940)<\/p>\n","protected":false},"featured_media":218178,"template":"","meta":{"site-sidebar-layout":"default","site-content-layout":"","ast-site-content-layout":"default","site-content-style":"default","site-sidebar-style":"default","ast-global-header-display":"","ast-banner-title-visibility":"","ast-main-header-display":"","ast-hfb-above-header-display":"","ast-hfb-below-header-display":"","ast-hfb-mobile-header-display":"","site-post-title":"","ast-breadcrumbs-content":"","ast-featured-img":"","footer-sml-layout":"","ast-disable-related-posts":"","theme-transparent-header-meta":"default","adv-header-id-meta":"","stick-header-meta":"","header-above-stick-meta":"","header-main-stick-meta":"","header-below-stick-meta":"","astra-migrate-meta-layouts":"set","ast-page-background-enabled":"default","ast-page-background-meta":{"desktop":{"background-color":"var(--ast-global-color-4)","background-image":"","background-repeat":"repeat","background-position":"center center","background-size":"auto","background-attachment":"scroll","background-type":"","background-media":"","overlay-type":"","overlay-color":"","overlay-opacity":"","overlay-gradient":""},"tablet":{"background-color":"","background-image":"","background-repeat":"repeat","background-position":"center center","background-size":"auto","background-attachment":"scroll","background-type":"","background-media":"","overlay-type":"","overlay-color":"","overlay-opacity":"","overlay-gradient":""},"mobile":{"background-color":"","background-image":"","background-repeat":"repeat","background-position":"center center","background-size":"auto","background-attachment":"scroll","background-type":"","background-media":"","overlay-type":"","overlay-color":"","overlay-opacity":"","overlay-gradient":""}},"ast-content-background-meta":{"desktop":{"background-color":"var(--ast-global-color-5)","background-image":"","background-repeat":"repeat","background-position":"center center","background-size":"auto","background-attachment":"scroll","background-type":"","background-media":"","overlay-type":"","overlay-color":"","overlay-opacity":"","overlay-gradient":""},"tablet":{"background-color":"var(--ast-global-color-5)","background-image":"","background-repeat":"repeat","background-position":"center center","background-size":"auto","background-attachment":"scroll","background-type":"","background-media":"","overlay-type":"","overlay-color":"","overlay-opacity":"","overlay-gradient":""},"mobile":{"background-color":"var(--ast-global-color-5)","background-image":"","background-repeat":"repeat","background-position":"center center","background-size":"auto","background-attachment":"scroll","background-type":"","background-media":"","overlay-type":"","overlay-color":"","overlay-opacity":"","overlay-gradient":""}}},"product_brand":[],"product_cat":[14325],"product_tag":[],"class_list":{"0":"post-217757","1":"product","2":"type-product","3":"status-publish","4":"has-post-thumbnail","6":"product_cat-felix-eisengraeber","7":"desktop-align-center","8":"tablet-align-left","9":"mobile-align-left","11":"first","12":"instock","13":"taxable","14":"shipping-taxable","15":"product-type-simple"},"_links":{"self":[{"href":"https:\/\/collection.galerie-gerdes.com\/sv\/wp-json\/wp\/v2\/product\/217757","targetHints":{"allow":["GET"]}}],"collection":[{"href":"https:\/\/collection.galerie-gerdes.com\/sv\/wp-json\/wp\/v2\/product"}],"about":[{"href":"https:\/\/collection.galerie-gerdes.com\/sv\/wp-json\/wp\/v2\/types\/product"}],"wp:featuredmedia":[{"embeddable":true,"href":"https:\/\/collection.galerie-gerdes.com\/sv\/wp-json\/wp\/v2\/media\/218178"}],"wp:attachment":[{"href":"https:\/\/collection.galerie-gerdes.com\/sv\/wp-json\/wp\/v2\/media?parent=217757"}],"wp:term":[{"taxonomy":"product_brand","embeddable":true,"href":"https:\/\/collection.galerie-gerdes.com\/sv\/wp-json\/wp\/v2\/product_brand?post=217757"},{"taxonomy":"product_cat","embeddable":true,"href":"https:\/\/collection.galerie-gerdes.com\/sv\/wp-json\/wp\/v2\/product_cat?post=217757"},{"taxonomy":"product_tag","embeddable":true,"href":"https:\/\/collection.galerie-gerdes.com\/sv\/wp-json\/wp\/v2\/product_tag?post=217757"}],"curies":[{"name":"wp","href":"https:\/\/api.w.org\/{rel}","templated":true}]}}