{"id":220811,"date":"2024-08-09T10:22:48","date_gmt":"2024-08-09T08:22:48","guid":{"rendered":"https:\/\/www.collection.galerie-gerdes.com\/?post_type=product&#038;p=220811"},"modified":"2024-09-26T17:16:29","modified_gmt":"2024-09-26T15:16:29","slug":"see-landschaft-gemaelde-von-elise-daimler","status":"publish","type":"product","link":"https:\/\/collection.galerie-gerdes.com\/sv\/p\/see-landschaft-gemaelde-von-elise-daimler\/","title":{"rendered":"See-Landschaft | Gem\u00e4lde von Elise Daimler"},"content":{"rendered":"<p>Elise Daimler (13. Juni 1875 \u2013 11. Dezember 1956 in Stuttgart) war eine deutsche Malerin und Grafikerin.<\/p>\n<p>Elise Daimler begann ihre k\u00fcnstlerische Laufbahn im Hause des Landschaftsmalers Albert Kappis, mit dessen Tochter Emma Bechtle-Kappis sie lebenslang eine enge Freundschaft verband. Von 1901 bis 1906 studierte sie an der K\u00f6niglich W\u00fcrttembergischen Kunstschule (heute Staatliche Akademie der Bildenden K\u00fcnste Stuttgart) in der Damenklasse von Gustav Igler. Anschlie\u00dfend setzte sie ihre Ausbildung von 1906 bis 1908 an der Damenakademie des M\u00fcnchner K\u00fcnstlerinnenvereins unter der Leitung von Angelo Jank fort und absolvierte 1914 einen Studienaufenthalt in Paris. Daimler unternahm zahlreiche Studienreisen, darunter eine in die Niederlande mit dem Impressionisten Christian Landenberger. Gemeinsam mit der Malerin Clara R\u00fchle verbrachte sie viele Sommer im Haus des W\u00fcrttembergischen Malerinnenvereins in Anhausen, dem sie 1907 beitrat. Ihre Werke umfassen Landschaften, Stillleben und Portr\u00e4ts.<\/p>\n<p>Von 1934 bis 1940 lebte Daimler in der Atelierwohnung des sogenannten Malerinnenhauses des W\u00fcrttembergischen Malerinnenvereins in der Eugenstra\u00dfe 17. Der Verein wurde 1933 gleichgeschaltet, und bei den Neuwahlen am 16. Mai 1934 wurde Daimler zur zweiten Vorsitzenden gew\u00e4hlt. Zu diesem Zeitpunkt war sie, ebenso wie die zur Vorsitzenden gew\u00e4hlte Clara R\u00fchle, Mitglied der NSDAP. Nach dem Zweiten Weltkrieg mussten alle Vorstandsmitglieder auf Anordnung der amerikanischen Milit\u00e4rregierung ihre \u00c4mter niederlegen. Daimler beteiligte sich an der Bildung eines provisorischen Arbeitsausschusses, um die Zukunft des Vereins zu gestalten. Die Neugr\u00fcndung als Bund Bildender K\u00fcnstlerinnen W\u00fcrttembergs e. V. wurde im November 1945 offiziell best\u00e4tigt.<\/p>\n<p>Im Sommer 1955 brachte eine Ausstellung mit Werken von Elise Daimler, Emma Bechtle-Kappis und Maria Krauskopf den Verein wieder in das Bewusstsein der Stadt. Daimler blieb bis zu ihrem Tod Mitglied des Vereins. Au\u00dferdem war sie zehn Jahre lang Mitglied im K\u00fcnstlerinnen-Verein M\u00fcnchen (KVM), zw\u00f6lf Jahre im Frauenkunstverband, Ortsgruppe Stuttgart (FKV), sowie im Verband Bildender K\u00fcnstler und K\u00fcnstlerinnen Baden-W\u00fcrttemberg (VBKW).<\/p>\n","protected":false},"excerpt":{"rendered":"<p>Elise Daimler (1875 \u2013 1956)<br \/>\nWohl Leinwand auf Pappe, Pappe mit Leinwand gewellt.<br \/>\nGem\u00e4lde sollte gereinigt werden<\/p>\n","protected":false},"featured_media":221001,"template":"","meta":{"site-sidebar-layout":"default","site-content-layout":"","ast-site-content-layout":"default","site-content-style":"default","site-sidebar-style":"default","ast-global-header-display":"","ast-banner-title-visibility":"","ast-main-header-display":"","ast-hfb-above-header-display":"","ast-hfb-below-header-display":"","ast-hfb-mobile-header-display":"","site-post-title":"","ast-breadcrumbs-content":"","ast-featured-img":"","footer-sml-layout":"","ast-disable-related-posts":"","theme-transparent-header-meta":"default","adv-header-id-meta":"","stick-header-meta":"","header-above-stick-meta":"","header-main-stick-meta":"","header-below-stick-meta":"","astra-migrate-meta-layouts":"set","ast-page-background-enabled":"default","ast-page-background-meta":{"desktop":{"background-color":"var(--ast-global-color-4)","background-image":"","background-repeat":"repeat","background-position":"center center","background-size":"auto","background-attachment":"scroll","background-type":"","background-media":"","overlay-type":"","overlay-color":"","overlay-opacity":"","overlay-gradient":""},"tablet":{"background-color":"","background-image":"","background-repeat":"repeat","background-position":"center center","background-size":"auto","background-attachment":"scroll","background-type":"","background-media":"","overlay-type":"","overlay-color":"","overlay-opacity":"","overlay-gradient":""},"mobile":{"background-color":"","background-image":"","background-repeat":"repeat","background-position":"center center","background-size":"auto","background-attachment":"scroll","background-type":"","background-media":"","overlay-type":"","overlay-color":"","overlay-opacity":"","overlay-gradient":""}},"ast-content-background-meta":{"desktop":{"background-color":"var(--ast-global-color-5)","background-image":"","background-repeat":"repeat","background-position":"center center","background-size":"auto","background-attachment":"scroll","background-type":"","background-media":"","overlay-type":"","overlay-color":"","overlay-opacity":"","overlay-gradient":""},"tablet":{"background-color":"var(--ast-global-color-5)","background-image":"","background-repeat":"repeat","background-position":"center center","background-size":"auto","background-attachment":"scroll","background-type":"","background-media":"","overlay-type":"","overlay-color":"","overlay-opacity":"","overlay-gradient":""},"mobile":{"background-color":"var(--ast-global-color-5)","background-image":"","background-repeat":"repeat","background-position":"center center","background-size":"auto","background-attachment":"scroll","background-type":"","background-media":"","overlay-type":"","overlay-color":"","overlay-opacity":"","overlay-gradient":""}}},"product_brand":[],"product_cat":[14335],"product_tag":[],"class_list":{"0":"post-220811","1":"product","2":"type-product","3":"status-publish","4":"has-post-thumbnail","6":"product_cat-elise-daimler","7":"desktop-align-center","8":"tablet-align-left","9":"mobile-align-left","11":"first","12":"instock","13":"taxable","14":"shipping-taxable","15":"product-type-simple"},"_links":{"self":[{"href":"https:\/\/collection.galerie-gerdes.com\/sv\/wp-json\/wp\/v2\/product\/220811","targetHints":{"allow":["GET"]}}],"collection":[{"href":"https:\/\/collection.galerie-gerdes.com\/sv\/wp-json\/wp\/v2\/product"}],"about":[{"href":"https:\/\/collection.galerie-gerdes.com\/sv\/wp-json\/wp\/v2\/types\/product"}],"wp:featuredmedia":[{"embeddable":true,"href":"https:\/\/collection.galerie-gerdes.com\/sv\/wp-json\/wp\/v2\/media\/221001"}],"wp:attachment":[{"href":"https:\/\/collection.galerie-gerdes.com\/sv\/wp-json\/wp\/v2\/media?parent=220811"}],"wp:term":[{"taxonomy":"product_brand","embeddable":true,"href":"https:\/\/collection.galerie-gerdes.com\/sv\/wp-json\/wp\/v2\/product_brand?post=220811"},{"taxonomy":"product_cat","embeddable":true,"href":"https:\/\/collection.galerie-gerdes.com\/sv\/wp-json\/wp\/v2\/product_cat?post=220811"},{"taxonomy":"product_tag","embeddable":true,"href":"https:\/\/collection.galerie-gerdes.com\/sv\/wp-json\/wp\/v2\/product_tag?post=220811"}],"curies":[{"name":"wp","href":"https:\/\/api.w.org\/{rel}","templated":true}]}}