{"id":230066,"date":"2024-08-28T22:19:52","date_gmt":"2024-08-28T20:19:52","guid":{"rendered":"https:\/\/www.collection.galerie-gerdes.com\/?post_type=product&#038;p=230066"},"modified":"2024-09-03T20:43:46","modified_gmt":"2024-09-03T18:43:46","slug":"gemaelde-schafhirtin-in-herbstlandschaft-gemaelde-von-randolph-wehn","status":"publish","type":"product","link":"https:\/\/collection.galerie-gerdes.com\/sv\/p\/gemaelde-schafhirtin-in-herbstlandschaft-gemaelde-von-randolph-wehn\/","title":{"rendered":"Gem\u00e4lde Schafhirtin in Herbstlandschaft | Gem\u00e4lde von Randolph Wehn"},"content":{"rendered":"<p>Randolf Wehn (* 1911 in M\u00fcnchen; \u2020 1987 ebenda) war ein deutscher Landschaftsmaler, dessen Werke international gehandelt werden. Er studierte an der Akademie in M\u00fcnchen bei Professor Peter Kalman und setzte seine Ausbildung in Venedig bei Professor Belluzzi fort. Seit 1936 war Wehn als freischaffender K\u00fcnstler in M\u00fcnchen t\u00e4tig. Seine Bilder sind in verschiedenen deutschen Museen sowie in Ministerien und Rath\u00e4usern ausgestellt. Wehn verstarb 1987 in seiner Heimatstadt M\u00fcnchen.<\/p>\n","protected":false},"excerpt":{"rendered":"<p>Randolf Wehn (1911 &#8211; 1987)<br \/>\nRahmen leicht besch\u00e4digt<\/p>\n","protected":false},"featured_media":232831,"template":"","meta":{"site-sidebar-layout":"default","site-content-layout":"","ast-site-content-layout":"default","site-content-style":"default","site-sidebar-style":"default","ast-global-header-display":"","ast-banner-title-visibility":"","ast-main-header-display":"","ast-hfb-above-header-display":"","ast-hfb-below-header-display":"","ast-hfb-mobile-header-display":"","site-post-title":"","ast-breadcrumbs-content":"","ast-featured-img":"","footer-sml-layout":"","ast-disable-related-posts":"","theme-transparent-header-meta":"default","adv-header-id-meta":"","stick-header-meta":"","header-above-stick-meta":"","header-main-stick-meta":"","header-below-stick-meta":"","astra-migrate-meta-layouts":"set","ast-page-background-enabled":"default","ast-page-background-meta":{"desktop":{"background-color":"var(--ast-global-color-4)","background-image":"","background-repeat":"repeat","background-position":"center center","background-size":"auto","background-attachment":"scroll","background-type":"","background-media":"","overlay-type":"","overlay-color":"","overlay-opacity":"","overlay-gradient":""},"tablet":{"background-color":"","background-image":"","background-repeat":"repeat","background-position":"center center","background-size":"auto","background-attachment":"scroll","background-type":"","background-media":"","overlay-type":"","overlay-color":"","overlay-opacity":"","overlay-gradient":""},"mobile":{"background-color":"","background-image":"","background-repeat":"repeat","background-position":"center center","background-size":"auto","background-attachment":"scroll","background-type":"","background-media":"","overlay-type":"","overlay-color":"","overlay-opacity":"","overlay-gradient":""}},"ast-content-background-meta":{"desktop":{"background-color":"var(--ast-global-color-5)","background-image":"","background-repeat":"repeat","background-position":"center center","background-size":"auto","background-attachment":"scroll","background-type":"","background-media":"","overlay-type":"","overlay-color":"","overlay-opacity":"","overlay-gradient":""},"tablet":{"background-color":"var(--ast-global-color-5)","background-image":"","background-repeat":"repeat","background-position":"center center","background-size":"auto","background-attachment":"scroll","background-type":"","background-media":"","overlay-type":"","overlay-color":"","overlay-opacity":"","overlay-gradient":""},"mobile":{"background-color":"var(--ast-global-color-5)","background-image":"","background-repeat":"repeat","background-position":"center center","background-size":"auto","background-attachment":"scroll","background-type":"","background-media":"","overlay-type":"","overlay-color":"","overlay-opacity":"","overlay-gradient":""}}},"product_brand":[],"product_cat":[14358],"product_tag":[],"class_list":{"0":"post-230066","1":"product","2":"type-product","3":"status-publish","4":"has-post-thumbnail","6":"product_cat-randolf-wehn","7":"desktop-align-center","8":"tablet-align-left","9":"mobile-align-left","11":"first","12":"instock","13":"taxable","14":"shipping-taxable","15":"product-type-simple"},"_links":{"self":[{"href":"https:\/\/collection.galerie-gerdes.com\/sv\/wp-json\/wp\/v2\/product\/230066","targetHints":{"allow":["GET"]}}],"collection":[{"href":"https:\/\/collection.galerie-gerdes.com\/sv\/wp-json\/wp\/v2\/product"}],"about":[{"href":"https:\/\/collection.galerie-gerdes.com\/sv\/wp-json\/wp\/v2\/types\/product"}],"wp:featuredmedia":[{"embeddable":true,"href":"https:\/\/collection.galerie-gerdes.com\/sv\/wp-json\/wp\/v2\/media\/232831"}],"wp:attachment":[{"href":"https:\/\/collection.galerie-gerdes.com\/sv\/wp-json\/wp\/v2\/media?parent=230066"}],"wp:term":[{"taxonomy":"product_brand","embeddable":true,"href":"https:\/\/collection.galerie-gerdes.com\/sv\/wp-json\/wp\/v2\/product_brand?post=230066"},{"taxonomy":"product_cat","embeddable":true,"href":"https:\/\/collection.galerie-gerdes.com\/sv\/wp-json\/wp\/v2\/product_cat?post=230066"},{"taxonomy":"product_tag","embeddable":true,"href":"https:\/\/collection.galerie-gerdes.com\/sv\/wp-json\/wp\/v2\/product_tag?post=230066"}],"curies":[{"name":"wp","href":"https:\/\/api.w.org\/{rel}","templated":true}]}}