{"id":245,"date":"2023-12-22T13:41:45","date_gmt":"2023-12-22T12:41:45","guid":{"rendered":"https:\/\/collection.galerie-gerdes.com\/?post_type=product&#038;p=245"},"modified":"2024-04-24T14:06:35","modified_gmt":"2024-04-24T12:06:35","slug":"portraet-einer-dame-mit-federhut-1881","status":"publish","type":"product","link":"https:\/\/collection.galerie-gerdes.com\/sv\/p\/portraet-einer-dame-mit-federhut-1881\/","title":{"rendered":"Portr\u00e4t einer Dame mit Federhut, Josef Kinzel, 1881, Gem\u00e4lde auf Holz"},"content":{"rendered":"<p>Josef Kinzel, geboren am 4. Mai 1852 in Lobenstein in \u00d6sterreichisch-Schlesien und verstorben am 4. August 1925 in Spitz an der Donau, war ein \u00f6sterreichischer K\u00fcnstler, der sich der Landschafts- und Genremalerei verschrieben hatte.<\/p>\n<p>Seine k\u00fcnstlerische Ausbildung f\u00fchrte ihn zur Akademie der Bildenden K\u00fcnste in Wien, wo er unter der Anleitung von Eduard von Engerth, Karl von Blaas, Carl Wurzinger und August Eisenmenger studierte. Ab dem 25. Oktober 1879 setzte er sein Studium an der K\u00f6niglichen Akademie der K\u00fcnste in M\u00fcnchen fort, unter der Aufsicht von Alois Gabl und Otto Seitz.<\/p>\n<p>Im Jahr 1883 wurde er zum Mitglied des Wiener K\u00fcnstlerhauses berufen. Ab dem Jahr 1900 begann er seine Erkundung der nieder\u00f6sterreichischen Wachau, beginnend in Joching und sp\u00e4ter in Wei\u00dfenkirchen ab 1905 sowie schlie\u00dflich in Spitz an der Donau ab 1919.<\/p>\n<p>Kinzel konzentrierte sich haupts\u00e4chlich auf die Genremalerei, obwohl er auch Landschaftsbilder schuf. Eine breite Ver\u00f6ffentlichung seiner Werke erfolgte in Form von Holzschnitten.<\/p>\n<p>Seine k\u00fcnstlerische Leistung wurde durch die Verleihung der kleinen Goldenen Staatsmedaille im Jahr 1903 anerkannt, und er erhielt 1910 den renommierten Drasche-Preis.<\/p>\n<p>Nicht zu vergessen ist seine Tochter Elisabeth Hermine (Liesl) Kinzel, die am 18. Mai 1886 in Wien geboren wurde und am 19. Juli 1961 in Spitz an der Donau verstarb. Sie folgte den Fu\u00dfstapfen ihres Vaters und wurde ebenfalls eine talentierte Malerin.<\/p>\n","protected":false},"excerpt":{"rendered":"<p>Josef Kinzel (1852-1925)<br \/>\nEinzelne Abplatzer, Rahmen stark besch\u00e4digt.<\/p>\n","protected":false},"featured_media":246,"template":"","meta":{"site-sidebar-layout":"default","site-content-layout":"","ast-site-content-layout":"default","site-content-style":"default","site-sidebar-style":"default","ast-global-header-display":"","ast-banner-title-visibility":"","ast-main-header-display":"","ast-hfb-above-header-display":"","ast-hfb-below-header-display":"","ast-hfb-mobile-header-display":"","site-post-title":"","ast-breadcrumbs-content":"","ast-featured-img":"","footer-sml-layout":"","ast-disable-related-posts":"","theme-transparent-header-meta":"default","adv-header-id-meta":"","stick-header-meta":"","header-above-stick-meta":"","header-main-stick-meta":"","header-below-stick-meta":"","astra-migrate-meta-layouts":"set","ast-page-background-enabled":"default","ast-page-background-meta":{"desktop":{"background-color":"var(--ast-global-color-4)","background-image":"","background-repeat":"repeat","background-position":"center center","background-size":"auto","background-attachment":"scroll","background-type":"","background-media":"","overlay-type":"","overlay-color":"","overlay-opacity":"","overlay-gradient":""},"tablet":{"background-color":"","background-image":"","background-repeat":"repeat","background-position":"center center","background-size":"auto","background-attachment":"scroll","background-type":"","background-media":"","overlay-type":"","overlay-color":"","overlay-opacity":"","overlay-gradient":""},"mobile":{"background-color":"","background-image":"","background-repeat":"repeat","background-position":"center center","background-size":"auto","background-attachment":"scroll","background-type":"","background-media":"","overlay-type":"","overlay-color":"","overlay-opacity":"","overlay-gradient":""}},"ast-content-background-meta":{"desktop":{"background-color":"var(--ast-global-color-5)","background-image":"","background-repeat":"repeat","background-position":"center center","background-size":"auto","background-attachment":"scroll","background-type":"","background-media":"","overlay-type":"","overlay-color":"","overlay-opacity":"","overlay-gradient":""},"tablet":{"background-color":"var(--ast-global-color-5)","background-image":"","background-repeat":"repeat","background-position":"center center","background-size":"auto","background-attachment":"scroll","background-type":"","background-media":"","overlay-type":"","overlay-color":"","overlay-opacity":"","overlay-gradient":""},"mobile":{"background-color":"var(--ast-global-color-5)","background-image":"","background-repeat":"repeat","background-position":"center center","background-size":"auto","background-attachment":"scroll","background-type":"","background-media":"","overlay-type":"","overlay-color":"","overlay-opacity":"","overlay-gradient":""}}},"product_brand":[],"product_cat":[15,53,179,103],"product_tag":[364,362,363,74,361,365],"class_list":{"0":"post-245","1":"product","2":"type-product","3":"status-publish","4":"has-post-thumbnail","6":"product_cat-oesterreichisch","7":"product_cat-19th-century","8":"product_cat-gemaelde","9":"product_cat-josef-kinzel","10":"product_tag-art","11":"product_tag-gemalde","12":"product_tag-kunst","13":"product_tag-painting","14":"product_tag-peintures","15":"product_tag-pittura","16":"desktop-align-center","17":"tablet-align-left","18":"mobile-align-left","20":"first","21":"instock","22":"taxable","23":"shipping-taxable","24":"product-type-simple"},"_links":{"self":[{"href":"https:\/\/collection.galerie-gerdes.com\/sv\/wp-json\/wp\/v2\/product\/245","targetHints":{"allow":["GET"]}}],"collection":[{"href":"https:\/\/collection.galerie-gerdes.com\/sv\/wp-json\/wp\/v2\/product"}],"about":[{"href":"https:\/\/collection.galerie-gerdes.com\/sv\/wp-json\/wp\/v2\/types\/product"}],"wp:featuredmedia":[{"embeddable":true,"href":"https:\/\/collection.galerie-gerdes.com\/sv\/wp-json\/wp\/v2\/media\/246"}],"wp:attachment":[{"href":"https:\/\/collection.galerie-gerdes.com\/sv\/wp-json\/wp\/v2\/media?parent=245"}],"wp:term":[{"taxonomy":"product_brand","embeddable":true,"href":"https:\/\/collection.galerie-gerdes.com\/sv\/wp-json\/wp\/v2\/product_brand?post=245"},{"taxonomy":"product_cat","embeddable":true,"href":"https:\/\/collection.galerie-gerdes.com\/sv\/wp-json\/wp\/v2\/product_cat?post=245"},{"taxonomy":"product_tag","embeddable":true,"href":"https:\/\/collection.galerie-gerdes.com\/sv\/wp-json\/wp\/v2\/product_tag?post=245"}],"curies":[{"name":"wp","href":"https:\/\/api.w.org\/{rel}","templated":true}]}}