{"id":309011,"date":"2023-12-16T16:14:59","date_gmt":"2023-12-16T15:14:59","guid":{"rendered":"https:\/\/collection.galerie-gerdes.com\/produkt\/vinterlandskap-maalning-av-willy-link\/"},"modified":"2023-12-16T16:14:59","modified_gmt":"2023-12-16T15:14:59","slug":"vinterlandskap-maalning-av-willy-link","status":"publish","type":"product","link":"https:\/\/collection.galerie-gerdes.com\/sv\/p\/vinterlandskap-maalning-av-willy-link\/","title":{"rendered":"Vinterlandskap, m\u00e5lning av Willy Link"},"content":{"rendered":"<p>Wilhelm (Willy) Link, f\u00f6dd den 13 oktober 1877 i Karlsruhe och d\u00f6d den 14 maj 1959 i Pforzheim, var en m\u00e5ngsidig tysk konstn\u00e4r som arbetade med m\u00e5leri, grafik och skulptur.  <\/p>\n<p>Hans konstn\u00e4rliga utbildning \u00e4gde rum 1897-1903 vid Kunstgewerbeschule Karlsruhe och Kunstakademie Karlsruhe, d\u00e4r han l\u00e4rde sig under ledning av Victor Weishaupt och Wilhelm Tr\u00fcbner.<\/p>\n<p>Under \u00e5ren 1913-1938 arbetade han som l\u00e4rare i teckning och modellering vid guldsmedsskolan i Pforzheim. Han var k\u00e4nd f\u00f6r sin passion f\u00f6r att modellera h\u00e4star och fick smeknamnet &#8221;Pferdles-Link&#8221;. <\/p>\n<p>\u00c5r 1926 deltog Wilhelm Link i Stuttgart Secessions utst\u00e4llning med m\u00e5lningen &#8221;Zehn Majoliken&#8221;. Han hade ocks\u00e5 separatutst\u00e4llningar i Pforzheim under sin karri\u00e4r, 1957 och 1982. <\/p>\n","protected":false},"excerpt":{"rendered":"<p>Wilhelm (Willy) Link (1877-1959)<br \/>\nB\u00f6r st\u00e4das.<\/p>\n","protected":false},"featured_media":7640,"template":"","meta":{"site-sidebar-layout":"default","site-content-layout":"","ast-site-content-layout":"default","site-content-style":"default","site-sidebar-style":"default","ast-global-header-display":"","ast-banner-title-visibility":"","ast-main-header-display":"","ast-hfb-above-header-display":"","ast-hfb-below-header-display":"","ast-hfb-mobile-header-display":"","site-post-title":"","ast-breadcrumbs-content":"","ast-featured-img":"","footer-sml-layout":"","ast-disable-related-posts":"","theme-transparent-header-meta":"default","adv-header-id-meta":"","stick-header-meta":"","header-above-stick-meta":"","header-main-stick-meta":"","header-below-stick-meta":"","astra-migrate-meta-layouts":"default","ast-page-background-enabled":"default","ast-page-background-meta":{"desktop":{"background-color":"var(--ast-global-color-4)","background-image":"","background-repeat":"repeat","background-position":"center center","background-size":"auto","background-attachment":"scroll","background-type":"","background-media":"","overlay-type":"","overlay-color":"","overlay-opacity":"","overlay-gradient":""},"tablet":{"background-color":"","background-image":"","background-repeat":"repeat","background-position":"center center","background-size":"auto","background-attachment":"scroll","background-type":"","background-media":"","overlay-type":"","overlay-color":"","overlay-opacity":"","overlay-gradient":""},"mobile":{"background-color":"","background-image":"","background-repeat":"repeat","background-position":"center center","background-size":"auto","background-attachment":"scroll","background-type":"","background-media":"","overlay-type":"","overlay-color":"","overlay-opacity":"","overlay-gradient":""}},"ast-content-background-meta":{"desktop":{"background-color":"var(--ast-global-color-5)","background-image":"","background-repeat":"repeat","background-position":"center center","background-size":"auto","background-attachment":"scroll","background-type":"","background-media":"","overlay-type":"","overlay-color":"","overlay-opacity":"","overlay-gradient":""},"tablet":{"background-color":"var(--ast-global-color-5)","background-image":"","background-repeat":"repeat","background-position":"center center","background-size":"auto","background-attachment":"scroll","background-type":"","background-media":"","overlay-type":"","overlay-color":"","overlay-opacity":"","overlay-gradient":""},"mobile":{"background-color":"var(--ast-global-color-5)","background-image":"","background-repeat":"repeat","background-position":"center center","background-size":"auto","background-attachment":"scroll","background-type":"","background-media":"","overlay-type":"","overlay-color":"","overlay-opacity":"","overlay-gradient":""}}},"product_brand":[],"product_cat":[751,687,689],"product_tag":[1613,14804,1614,1615,14801,14803,1616,1617,1618,14800,14798],"class_list":{"0":"post-309011","1":"product","2":"type-product","3":"status-publish","4":"has-post-thumbnail","6":"product_cat-german-sv","7":"product_cat-landschaft-sv","8":"product_cat-painting-sv","9":"product_tag-art-sv","10":"product_tag-canvas-sv","11":"product_tag-gemalde-sv","12":"product_tag-kunst-sv","13":"product_tag-landskap","14":"product_tag-oljemaalning","15":"product_tag-painting-sv","16":"product_tag-peintures-sv","17":"product_tag-pittura-sv","18":"product_tag-vinter","19":"product_tag-wilhelm-link-sv","20":"desktop-align-center","21":"tablet-align-left","22":"mobile-align-left","24":"first","25":"instock","26":"taxable","27":"shipping-taxable","28":"product-type-simple"},"_links":{"self":[{"href":"https:\/\/collection.galerie-gerdes.com\/sv\/wp-json\/wp\/v2\/product\/309011","targetHints":{"allow":["GET"]}}],"collection":[{"href":"https:\/\/collection.galerie-gerdes.com\/sv\/wp-json\/wp\/v2\/product"}],"about":[{"href":"https:\/\/collection.galerie-gerdes.com\/sv\/wp-json\/wp\/v2\/types\/product"}],"wp:featuredmedia":[{"embeddable":true,"href":"https:\/\/collection.galerie-gerdes.com\/sv\/wp-json\/wp\/v2\/media\/7640"}],"wp:attachment":[{"href":"https:\/\/collection.galerie-gerdes.com\/sv\/wp-json\/wp\/v2\/media?parent=309011"}],"wp:term":[{"taxonomy":"product_brand","embeddable":true,"href":"https:\/\/collection.galerie-gerdes.com\/sv\/wp-json\/wp\/v2\/product_brand?post=309011"},{"taxonomy":"product_cat","embeddable":true,"href":"https:\/\/collection.galerie-gerdes.com\/sv\/wp-json\/wp\/v2\/product_cat?post=309011"},{"taxonomy":"product_tag","embeddable":true,"href":"https:\/\/collection.galerie-gerdes.com\/sv\/wp-json\/wp\/v2\/product_tag?post=309011"}],"curies":[{"name":"wp","href":"https:\/\/api.w.org\/{rel}","templated":true}]}}