{"id":309064,"date":"2023-12-16T16:23:37","date_gmt":"2023-12-16T15:23:37","guid":{"rendered":"https:\/\/collection.galerie-gerdes.com\/produkt\/danskt-landskap-hus-vid-sjoen-maalning-av-achton-friis\/"},"modified":"2023-12-16T16:23:37","modified_gmt":"2023-12-16T15:23:37","slug":"danskt-landskap-hus-vid-sjoen-maalning-av-achton-friis","status":"publish","type":"product","link":"https:\/\/collection.galerie-gerdes.com\/sv\/p\/danskt-landskap-hus-vid-sjoen-maalning-av-achton-friis\/","title":{"rendered":"Danskt landskap, hus vid sj\u00f6n, m\u00e5lning av Achton Friis"},"content":{"rendered":"<p>Achton Johannes Friis (1871-1939) var en v\u00e4lk\u00e4nd m\u00e5lare och illustrat\u00f6r. Han f\u00f6ddes den 5 september 1871 i Trustrup, Lyngby Sogn, Randers Amt och dog den 17 december 1939 i K\u00f6penhamn. Hans mor, Maren F. Fries, var dotter till en lantbrukare och gifte sig med violinisten Martha Elster i K\u00f6penhamn den 15 december 1909. Martha var f\u00f6dd i samma stad den 17 september 1879 och dog i Frederiksberg den 28 februari 1966. Hon var dotter till kapten Chr. Gregers E. och Lovise Augusta Petersen, som var f\u00f6rm\u00f6gna.    <\/p>\n<p>Achton Friis var en m\u00e5ngsidig man som kombinerade en bondes egenskaper med ett aristokratiskt upptr\u00e4dande. Denna unika blandning gjorde det m\u00f6jligt f\u00f6r honom att leva ett liv som var b\u00e5de h\u00e4ngivet och exceptionellt meningsfullt, trots att han inte var s\u00e4rskilt beg\u00e5vad inom n\u00e5got omr\u00e5de. Under den danska expeditionen med Mylius-Erichsen uppt\u00e4ckte han sin talang som f\u00f6rfattare och bildkonstn\u00e4r, djupt ber\u00f6rd av landskapen p\u00e5 Gr\u00f6nlands nord\u00f6stra kust. Han skapade en serie levande och imponerande landskapsm\u00e5lningar samt etsade och m\u00e5lade portr\u00e4tt av bland andra sin v\u00e4n J\u00f8rgen Br\u00f8nlund. Dessa verk \u00e5tergavs i Mylius-Erichsens b\u00f6cker om Gr\u00f6nland.    <\/p>\n<p>F\u00f6rutom sina konstn\u00e4rliga bidrag skrev och illustrerade Friis ocks\u00e5 reseskildringar, som i boken &#8221;Arctic Hunter&#8221;. Hans verkliga g\u00e5va var dock att f\u00e5nga Danmarks m\u00e5ngskiftande sk\u00f6nhet genom en konstn\u00e4rs \u00f6gon. Hans verk &#8221;Danskarnas \u00f6ar  <\/p>\n","protected":false},"excerpt":{"rendered":"<p>Achton Johannes Friis (1871-1939)<br \/>\nEnstaka f\u00e4rgf\u00f6rluster, repor, bucklor<\/p>\n","protected":false},"featured_media":7667,"template":"","meta":{"site-sidebar-layout":"default","site-content-layout":"","ast-site-content-layout":"default","site-content-style":"default","site-sidebar-style":"default","ast-global-header-display":"","ast-banner-title-visibility":"","ast-main-header-display":"","ast-hfb-above-header-display":"","ast-hfb-below-header-display":"","ast-hfb-mobile-header-display":"","site-post-title":"","ast-breadcrumbs-content":"","ast-featured-img":"","footer-sml-layout":"","ast-disable-related-posts":"","theme-transparent-header-meta":"default","adv-header-id-meta":"","stick-header-meta":"","header-above-stick-meta":"","header-main-stick-meta":"","header-below-stick-meta":"","astra-migrate-meta-layouts":"default","ast-page-background-enabled":"default","ast-page-background-meta":{"desktop":{"background-color":"var(--ast-global-color-4)","background-image":"","background-repeat":"repeat","background-position":"center center","background-size":"auto","background-attachment":"scroll","background-type":"","background-media":"","overlay-type":"","overlay-color":"","overlay-opacity":"","overlay-gradient":""},"tablet":{"background-color":"","background-image":"","background-repeat":"repeat","background-position":"center center","background-size":"auto","background-attachment":"scroll","background-type":"","background-media":"","overlay-type":"","overlay-color":"","overlay-opacity":"","overlay-gradient":""},"mobile":{"background-color":"","background-image":"","background-repeat":"repeat","background-position":"center center","background-size":"auto","background-attachment":"scroll","background-type":"","background-media":"","overlay-type":"","overlay-color":"","overlay-opacity":"","overlay-gradient":""}},"ast-content-background-meta":{"desktop":{"background-color":"var(--ast-global-color-5)","background-image":"","background-repeat":"repeat","background-position":"center center","background-size":"auto","background-attachment":"scroll","background-type":"","background-media":"","overlay-type":"","overlay-color":"","overlay-opacity":"","overlay-gradient":""},"tablet":{"background-color":"var(--ast-global-color-5)","background-image":"","background-repeat":"repeat","background-position":"center center","background-size":"auto","background-attachment":"scroll","background-type":"","background-media":"","overlay-type":"","overlay-color":"","overlay-opacity":"","overlay-gradient":""},"mobile":{"background-color":"var(--ast-global-color-5)","background-image":"","background-repeat":"repeat","background-position":"center center","background-size":"auto","background-attachment":"scroll","background-type":"","background-media":"","overlay-type":"","overlay-color":"","overlay-opacity":"","overlay-gradient":""}}},"product_brand":[],"product_cat":[2727,687,689],"product_tag":[1613,14933,14930,1614,1615,14929,14931,1616,1617,1618],"class_list":{"0":"post-309064","1":"product","2":"type-product","3":"status-publish","4":"has-post-thumbnail","6":"product_cat-danish-sv","7":"product_cat-landschaft-sv","8":"product_cat-painting-sv","9":"product_tag-art-sv","10":"product_tag-canvas-sv-2","11":"product_tag-dansk","12":"product_tag-gemalde-sv","13":"product_tag-kunst-sv","14":"product_tag-landskap-sv","15":"product_tag-oljemaalning-sv","16":"product_tag-painting-sv","17":"product_tag-peintures-sv","18":"product_tag-pittura-sv","19":"desktop-align-center","20":"tablet-align-left","21":"mobile-align-left","23":"first","24":"instock","25":"taxable","26":"shipping-taxable","27":"product-type-simple"},"_links":{"self":[{"href":"https:\/\/collection.galerie-gerdes.com\/sv\/wp-json\/wp\/v2\/product\/309064","targetHints":{"allow":["GET"]}}],"collection":[{"href":"https:\/\/collection.galerie-gerdes.com\/sv\/wp-json\/wp\/v2\/product"}],"about":[{"href":"https:\/\/collection.galerie-gerdes.com\/sv\/wp-json\/wp\/v2\/types\/product"}],"wp:featuredmedia":[{"embeddable":true,"href":"https:\/\/collection.galerie-gerdes.com\/sv\/wp-json\/wp\/v2\/media\/7667"}],"wp:attachment":[{"href":"https:\/\/collection.galerie-gerdes.com\/sv\/wp-json\/wp\/v2\/media?parent=309064"}],"wp:term":[{"taxonomy":"product_brand","embeddable":true,"href":"https:\/\/collection.galerie-gerdes.com\/sv\/wp-json\/wp\/v2\/product_brand?post=309064"},{"taxonomy":"product_cat","embeddable":true,"href":"https:\/\/collection.galerie-gerdes.com\/sv\/wp-json\/wp\/v2\/product_cat?post=309064"},{"taxonomy":"product_tag","embeddable":true,"href":"https:\/\/collection.galerie-gerdes.com\/sv\/wp-json\/wp\/v2\/product_tag?post=309064"}],"curies":[{"name":"wp","href":"https:\/\/api.w.org\/{rel}","templated":true}]}}