{"id":320,"date":"2023-12-24T11:18:08","date_gmt":"2023-12-24T10:18:08","guid":{"rendered":"https:\/\/collection.galerie-gerdes.com\/?post_type=product&#038;p=320"},"modified":"2024-04-24T14:06:23","modified_gmt":"2024-04-24T12:06:23","slug":"rudolf-riemerschmid","status":"publish","type":"product","link":"https:\/\/collection.galerie-gerdes.com\/sv\/p\/rudolf-riemerschmid\/","title":{"rendered":"Portr\u00e4t eines M\u00e4dchen, Rudolf Riemerschmid, Mischtechnik (Druck, Tempera), signiert (in nasser Farbe)"},"content":{"rendered":"<p>Ein deutscher K\u00fcnstler, der im Jugendstil arbeitete, wurde am 2. November 1873 in M\u00fcnchen geboren und verstarb dort im Jahr 1953. Er war der dritte Sohn von Heinrich Riemerschmid (1836\u20131883), einem Chemiker, und Marie Josepha (1844\u20131915). Letztere war die einzige Tochter des M\u00fcnchner Generalmusikdirektors Franz Lachner (1803\u20131890). Heinrich Riemerschmid war ein Sohn von Anton Riemerschmid (1802\u20131878), einem Spirituosenfabrikanten und bayerischen Politiker. Er arbeitete, ebenso wie sein Bruder Eduard (1835\u20131894), in der Familienfabrik. Eduard war der Vater des sp\u00e4teren Architekten und M\u00f6beldesigners Richard Riemerschmid (1868\u20131957). Es kommt gelegentlich zu Verwechslungen bei der Zuordnung von Kunstwerken zu den beiden talentierten Verwandten.<\/p>\n<p>&nbsp;<\/p>\n<p>Nach seinem Kunststudium an der Kunstakademie Karlsruhe bei Friedrich Fehr kehrte Rudolf Riemerschmid nach M\u00fcnchen zur\u00fcck und schloss sich der M\u00fcnchner Sezession an. Er war regelm\u00e4\u00dfig auf den j\u00e4hrlichen Ausstellungen dieser K\u00fcnstlervereinigung vertreten. In den Jahren zwischen 1904 und 1920 trug er zur Zeitschrift &#8221;Die Jugend&#8221; bei, dem Publikationsorgan der M\u00fcnchner Jugendstil-Bewegung, deren f\u00fchrenden Vertretern er angeh\u00f6rte.<\/p>\n<p>&nbsp;<\/p>\n<p>In den 1920er-Jahren musste er seine k\u00fcnstlerische Laufbahn aufgeben, bedingt durch eine Kopfverletzung, die er w\u00e4hrend seiner Dienstzeit als Artillerist im Ersten Weltkrieg erlitten hatte. Diese Verletzung f\u00fchrte zu einer fortschreitenden Erblindung. Infolgedessen ist das Werk des K\u00fcnstlers recht begrenzt. Rudolf Riemerschmid verstarb im Alter von achtzig Jahren in seiner Heimatstadt M\u00fcnchen.<\/p>\n<p>&nbsp;<\/p>\n<p>Er hat eine vergleichsweise kleine Anzahl von Gem\u00e4lden hinterlassen, die er durch das Verflechten seiner Initialen monogrammierte. Seine Motivwahl war oft traditionell, h\u00e4ufig portr\u00e4tierte er junge Frauen oder Gruppen spielender oder tanzender Kinder. Sp\u00e4ter in seiner Karriere griff er vermehrt auf die Formen des Jugendstils zur\u00fcck.<\/p>\n","protected":false},"excerpt":{"rendered":"<p>Rudolf Riemerschmid (1873-1953)<\/p>\n","protected":false},"featured_media":321,"template":"","meta":{"site-sidebar-layout":"default","site-content-layout":"","ast-site-content-layout":"default","site-content-style":"default","site-sidebar-style":"default","ast-global-header-display":"","ast-banner-title-visibility":"","ast-main-header-display":"","ast-hfb-above-header-display":"","ast-hfb-below-header-display":"","ast-hfb-mobile-header-display":"","site-post-title":"","ast-breadcrumbs-content":"","ast-featured-img":"","footer-sml-layout":"","ast-disable-related-posts":"","theme-transparent-header-meta":"default","adv-header-id-meta":"","stick-header-meta":"","header-above-stick-meta":"","header-main-stick-meta":"","header-below-stick-meta":"","astra-migrate-meta-layouts":"set","ast-page-background-enabled":"default","ast-page-background-meta":{"desktop":{"background-color":"var(--ast-global-color-4)","background-image":"","background-repeat":"repeat","background-position":"center center","background-size":"auto","background-attachment":"scroll","background-type":"","background-media":"","overlay-type":"","overlay-color":"","overlay-opacity":"","overlay-gradient":""},"tablet":{"background-color":"","background-image":"","background-repeat":"repeat","background-position":"center center","background-size":"auto","background-attachment":"scroll","background-type":"","background-media":"","overlay-type":"","overlay-color":"","overlay-opacity":"","overlay-gradient":""},"mobile":{"background-color":"","background-image":"","background-repeat":"repeat","background-position":"center center","background-size":"auto","background-attachment":"scroll","background-type":"","background-media":"","overlay-type":"","overlay-color":"","overlay-opacity":"","overlay-gradient":""}},"ast-content-background-meta":{"desktop":{"background-color":"var(--ast-global-color-5)","background-image":"","background-repeat":"repeat","background-position":"center center","background-size":"auto","background-attachment":"scroll","background-type":"","background-media":"","overlay-type":"","overlay-color":"","overlay-opacity":"","overlay-gradient":""},"tablet":{"background-color":"var(--ast-global-color-5)","background-image":"","background-repeat":"repeat","background-position":"center center","background-size":"auto","background-attachment":"scroll","background-type":"","background-media":"","overlay-type":"","overlay-color":"","overlay-opacity":"","overlay-gradient":""},"mobile":{"background-color":"var(--ast-global-color-5)","background-image":"","background-repeat":"repeat","background-position":"center center","background-size":"auto","background-attachment":"scroll","background-type":"","background-media":"","overlay-type":"","overlay-color":"","overlay-opacity":"","overlay-gradient":""}}},"product_brand":[],"product_cat":[179,125],"product_tag":[364,362,363,74,361,365],"class_list":{"0":"post-320","1":"product","2":"type-product","3":"status-publish","4":"has-post-thumbnail","6":"product_cat-gemaelde","7":"product_cat-rudolf-riemerschmid","8":"product_tag-art","9":"product_tag-gemalde","10":"product_tag-kunst","11":"product_tag-painting","12":"product_tag-peintures","13":"product_tag-pittura","14":"desktop-align-center","15":"tablet-align-left","16":"mobile-align-left","18":"first","19":"instock","20":"taxable","21":"shipping-taxable","22":"product-type-simple"},"_links":{"self":[{"href":"https:\/\/collection.galerie-gerdes.com\/sv\/wp-json\/wp\/v2\/product\/320","targetHints":{"allow":["GET"]}}],"collection":[{"href":"https:\/\/collection.galerie-gerdes.com\/sv\/wp-json\/wp\/v2\/product"}],"about":[{"href":"https:\/\/collection.galerie-gerdes.com\/sv\/wp-json\/wp\/v2\/types\/product"}],"wp:featuredmedia":[{"embeddable":true,"href":"https:\/\/collection.galerie-gerdes.com\/sv\/wp-json\/wp\/v2\/media\/321"}],"wp:attachment":[{"href":"https:\/\/collection.galerie-gerdes.com\/sv\/wp-json\/wp\/v2\/media?parent=320"}],"wp:term":[{"taxonomy":"product_brand","embeddable":true,"href":"https:\/\/collection.galerie-gerdes.com\/sv\/wp-json\/wp\/v2\/product_brand?post=320"},{"taxonomy":"product_cat","embeddable":true,"href":"https:\/\/collection.galerie-gerdes.com\/sv\/wp-json\/wp\/v2\/product_cat?post=320"},{"taxonomy":"product_tag","embeddable":true,"href":"https:\/\/collection.galerie-gerdes.com\/sv\/wp-json\/wp\/v2\/product_tag?post=320"}],"curies":[{"name":"wp","href":"https:\/\/api.w.org\/{rel}","templated":true}]}}