{"id":320861,"date":"2025-08-04T17:46:25","date_gmt":"2025-08-04T15:46:25","guid":{"rendered":"https:\/\/collection.galerie-gerdes.com\/?post_type=product&#038;p=320861"},"modified":"2025-08-04T17:46:25","modified_gmt":"2025-08-04T15:46:25","slug":"am-klavier-1903-tuschfeder-zeichnung-von-max-mandl-meggendorfer-blaetter-muenchen","status":"publish","type":"product","link":"https:\/\/collection.galerie-gerdes.com\/sv\/p\/am-klavier-1903-tuschfeder-zeichnung-von-max-mandl-meggendorfer-blaetter-muenchen\/","title":{"rendered":"Am Klavier, 1903 | Tuschfeder-Zeichnung von Max Mandl, Meggendorfer-Bl\u00e4tter M\u00fcnchen"},"content":{"rendered":"<p>Max Mandl (*2. Februar 1864 in Hermannstadt, Siebenb\u00fcrgen; \u202019. Februar 1939 in M\u00fcnchen) war ein \u00f6sterreichisch-ungarischer, sp\u00e4ter in Deutschland t\u00e4tiger Maler, Grafiker und Reklamezeichner.<\/p>\n<p>Nach ersten k\u00fcnstlerischen Stationen in Budapest lie\u00df sich Mandl sp\u00e4ter in M\u00fcnchen nieder, wo er den Gro\u00dfteil seines Schaffens entwickelte. Er arbeitete unter anderem als Illustrator und Zeichner f\u00fcr den renommierten M\u00fcnchner Verlag Braun &amp; Schneider, der f\u00fcr seine aufwendig gestalteten Druckwerke bekannt war.<\/p>\n<p>Zudem war Max Mandl als Mitarbeiter f\u00fcr die humoristisch-satirische Zeitschrift Die Fliegenden Bl\u00e4tter t\u00e4tig, eine der bekanntesten Publikationen des 19. und fr\u00fchen 20. Jahrhunderts im deutschsprachigen Raum, ebenso f\u00fcr die Meggendorfer Bl\u00e4tter. Sein k\u00fcnstlerisches Spektrum reichte von Illustrationen und Karikaturen bis hin zu Reklamegrafik und freien Arbeiten im Bereich Malerei.<\/p>\n<p>Mandls Werk steht exemplarisch f\u00fcr die k\u00fcnstlerische Verbindung von Bildkunst und angewandter Grafik in der \u00dcbergangszeit vom Historismus zur fr\u00fchen Moderne. Er verstarb 1939 in M\u00fcnchen.<\/p>\n","protected":false},"excerpt":{"rendered":"<p>Max Mandl (1864 &#8211; 1939)<\/p>\n","protected":false},"featured_media":321997,"template":"","meta":{"site-sidebar-layout":"default","site-content-layout":"","ast-site-content-layout":"default","site-content-style":"default","site-sidebar-style":"default","ast-global-header-display":"","ast-banner-title-visibility":"","ast-main-header-display":"","ast-hfb-above-header-display":"","ast-hfb-below-header-display":"","ast-hfb-mobile-header-display":"","site-post-title":"","ast-breadcrumbs-content":"","ast-featured-img":"","footer-sml-layout":"","ast-disable-related-posts":"","theme-transparent-header-meta":"default","adv-header-id-meta":"","stick-header-meta":"","header-above-stick-meta":"","header-main-stick-meta":"","header-below-stick-meta":"","astra-migrate-meta-layouts":"set","ast-page-background-enabled":"default","ast-page-background-meta":{"desktop":{"background-color":"var(--ast-global-color-4)","background-image":"","background-repeat":"repeat","background-position":"center center","background-size":"auto","background-attachment":"scroll","background-type":"","background-media":"","overlay-type":"","overlay-color":"","overlay-opacity":"","overlay-gradient":""},"tablet":{"background-color":"","background-image":"","background-repeat":"repeat","background-position":"center center","background-size":"auto","background-attachment":"scroll","background-type":"","background-media":"","overlay-type":"","overlay-color":"","overlay-opacity":"","overlay-gradient":""},"mobile":{"background-color":"","background-image":"","background-repeat":"repeat","background-position":"center center","background-size":"auto","background-attachment":"scroll","background-type":"","background-media":"","overlay-type":"","overlay-color":"","overlay-opacity":"","overlay-gradient":""}},"ast-content-background-meta":{"desktop":{"background-color":"var(--ast-global-color-5)","background-image":"","background-repeat":"repeat","background-position":"center center","background-size":"auto","background-attachment":"scroll","background-type":"","background-media":"","overlay-type":"","overlay-color":"","overlay-opacity":"","overlay-gradient":""},"tablet":{"background-color":"var(--ast-global-color-5)","background-image":"","background-repeat":"repeat","background-position":"center center","background-size":"auto","background-attachment":"scroll","background-type":"","background-media":"","overlay-type":"","overlay-color":"","overlay-opacity":"","overlay-gradient":""},"mobile":{"background-color":"var(--ast-global-color-5)","background-image":"","background-repeat":"repeat","background-position":"center center","background-size":"auto","background-attachment":"scroll","background-type":"","background-media":"","overlay-type":"","overlay-color":"","overlay-opacity":"","overlay-gradient":""}}},"product_brand":[],"product_cat":[15260],"product_tag":[],"class_list":{"0":"post-320861","1":"product","2":"type-product","3":"status-publish","4":"has-post-thumbnail","6":"product_cat-max-mandl","7":"desktop-align-center","8":"tablet-align-left","9":"mobile-align-left","11":"first","12":"instock","13":"taxable","14":"shipping-taxable","15":"product-type-simple"},"_links":{"self":[{"href":"https:\/\/collection.galerie-gerdes.com\/sv\/wp-json\/wp\/v2\/product\/320861","targetHints":{"allow":["GET"]}}],"collection":[{"href":"https:\/\/collection.galerie-gerdes.com\/sv\/wp-json\/wp\/v2\/product"}],"about":[{"href":"https:\/\/collection.galerie-gerdes.com\/sv\/wp-json\/wp\/v2\/types\/product"}],"wp:featuredmedia":[{"embeddable":true,"href":"https:\/\/collection.galerie-gerdes.com\/sv\/wp-json\/wp\/v2\/media\/321997"}],"wp:attachment":[{"href":"https:\/\/collection.galerie-gerdes.com\/sv\/wp-json\/wp\/v2\/media?parent=320861"}],"wp:term":[{"taxonomy":"product_brand","embeddable":true,"href":"https:\/\/collection.galerie-gerdes.com\/sv\/wp-json\/wp\/v2\/product_brand?post=320861"},{"taxonomy":"product_cat","embeddable":true,"href":"https:\/\/collection.galerie-gerdes.com\/sv\/wp-json\/wp\/v2\/product_cat?post=320861"},{"taxonomy":"product_tag","embeddable":true,"href":"https:\/\/collection.galerie-gerdes.com\/sv\/wp-json\/wp\/v2\/product_tag?post=320861"}],"curies":[{"name":"wp","href":"https:\/\/api.w.org\/{rel}","templated":true}]}}