{"id":348,"date":"2023-12-25T09:57:09","date_gmt":"2023-12-25T08:57:09","guid":{"rendered":"https:\/\/collection.galerie-gerdes.com\/?post_type=product&#038;p=348"},"modified":"2024-04-24T14:06:18","modified_gmt":"2024-04-24T12:06:18","slug":"vor-sonnenaufgang","status":"publish","type":"product","link":"https:\/\/collection.galerie-gerdes.com\/sv\/p\/vor-sonnenaufgang\/","title":{"rendered":"&#8221;Vor Sonnenaufgang&#8221;, Paul G\u00f6tz-R\u00e4cknitz, Jagd-Gem\u00e4lde, J\u00e4ger-Portr\u00e4t"},"content":{"rendered":"<p>Paul G\u00f6tz, ein renommierter deutscher K\u00fcnstler, der in den Bereichen Malerei, Illustration, Lithografie und P\u00e4dagogik t\u00e4tig war, wurde im Jahr 1873 in Dresden-R\u00e4cknitz geboren und verstarb 1952 in M\u00fcnchen. Seine k\u00fcnstlerische Ausbildung begann er im Zeitraum von 1895 bis 1897 an der Kunstgewerbeschule in Dresden. Anschlie\u00dfend setzte er seine Studien an der Privatschule M. Weinhold in M\u00fcnchen fort. Im Jahr 1904 nahm er sein Studium an der M\u00fcnchner Akademie unter der Anleitung von Ludwig von Herterich auf. G\u00f6tz unternahm ausgedehnte Studienreisen, darunter nach Italien und Tirol, um seine k\u00fcnstlerische Expertise zu erweitern.<\/p>\n<p>&nbsp;<\/p>\n<p>Dar\u00fcber hinaus war Paul G\u00f6tz Mitglied im Reichsverband Bildender K\u00fcnstler Deutschlands und der M\u00fcnchner K\u00fcnstlergenossenschaft. Sein k\u00fcnstlerisches Schaffen fand vorwiegend in M\u00fcnchen statt, wo er eine bedeutende Rolle in der Kunstszene seiner Zeit spielte.<\/p>\n","protected":false},"excerpt":{"rendered":"<p>Paul G\u00d6TZ-R\u00c4CKNITZ (1873-1952)<br \/>\nSollte gereinigt werden.<\/p>\n","protected":false},"featured_media":349,"template":"","meta":{"site-sidebar-layout":"default","site-content-layout":"","ast-site-content-layout":"default","site-content-style":"default","site-sidebar-style":"default","ast-global-header-display":"","ast-banner-title-visibility":"","ast-main-header-display":"","ast-hfb-above-header-display":"","ast-hfb-below-header-display":"","ast-hfb-mobile-header-display":"","site-post-title":"","ast-breadcrumbs-content":"","ast-featured-img":"","footer-sml-layout":"","ast-disable-related-posts":"","theme-transparent-header-meta":"default","adv-header-id-meta":"","stick-header-meta":"","header-above-stick-meta":"","header-main-stick-meta":"","header-below-stick-meta":"","astra-migrate-meta-layouts":"set","ast-page-background-enabled":"default","ast-page-background-meta":{"desktop":{"background-color":"var(--ast-global-color-4)","background-image":"","background-repeat":"repeat","background-position":"center center","background-size":"auto","background-attachment":"scroll","background-type":"","background-media":"","overlay-type":"","overlay-color":"","overlay-opacity":"","overlay-gradient":""},"tablet":{"background-color":"","background-image":"","background-repeat":"repeat","background-position":"center center","background-size":"auto","background-attachment":"scroll","background-type":"","background-media":"","overlay-type":"","overlay-color":"","overlay-opacity":"","overlay-gradient":""},"mobile":{"background-color":"","background-image":"","background-repeat":"repeat","background-position":"center center","background-size":"auto","background-attachment":"scroll","background-type":"","background-media":"","overlay-type":"","overlay-color":"","overlay-opacity":"","overlay-gradient":""}},"ast-content-background-meta":{"desktop":{"background-color":"var(--ast-global-color-5)","background-image":"","background-repeat":"repeat","background-position":"center center","background-size":"auto","background-attachment":"scroll","background-type":"","background-media":"","overlay-type":"","overlay-color":"","overlay-opacity":"","overlay-gradient":""},"tablet":{"background-color":"var(--ast-global-color-5)","background-image":"","background-repeat":"repeat","background-position":"center center","background-size":"auto","background-attachment":"scroll","background-type":"","background-media":"","overlay-type":"","overlay-color":"","overlay-opacity":"","overlay-gradient":""},"mobile":{"background-color":"var(--ast-global-color-5)","background-image":"","background-repeat":"repeat","background-position":"center center","background-size":"auto","background-attachment":"scroll","background-type":"","background-media":"","overlay-type":"","overlay-color":"","overlay-opacity":"","overlay-gradient":""}}},"product_brand":[],"product_cat":[52,25,179,135],"product_tag":[364,362,363,74,361,365],"class_list":{"0":"post-348","1":"product","2":"type-product","3":"status-publish","4":"has-post-thumbnail","6":"product_cat-20th-century","7":"product_cat-deutsch","8":"product_cat-gemaelde","9":"product_cat-paul-goetz-raecknitz","10":"product_tag-art","11":"product_tag-gemalde","12":"product_tag-kunst","13":"product_tag-painting","14":"product_tag-peintures","15":"product_tag-pittura","16":"desktop-align-center","17":"tablet-align-left","18":"mobile-align-left","20":"first","21":"instock","22":"taxable","23":"shipping-taxable","24":"product-type-simple"},"_links":{"self":[{"href":"https:\/\/collection.galerie-gerdes.com\/sv\/wp-json\/wp\/v2\/product\/348","targetHints":{"allow":["GET"]}}],"collection":[{"href":"https:\/\/collection.galerie-gerdes.com\/sv\/wp-json\/wp\/v2\/product"}],"about":[{"href":"https:\/\/collection.galerie-gerdes.com\/sv\/wp-json\/wp\/v2\/types\/product"}],"wp:featuredmedia":[{"embeddable":true,"href":"https:\/\/collection.galerie-gerdes.com\/sv\/wp-json\/wp\/v2\/media\/349"}],"wp:attachment":[{"href":"https:\/\/collection.galerie-gerdes.com\/sv\/wp-json\/wp\/v2\/media?parent=348"}],"wp:term":[{"taxonomy":"product_brand","embeddable":true,"href":"https:\/\/collection.galerie-gerdes.com\/sv\/wp-json\/wp\/v2\/product_brand?post=348"},{"taxonomy":"product_cat","embeddable":true,"href":"https:\/\/collection.galerie-gerdes.com\/sv\/wp-json\/wp\/v2\/product_cat?post=348"},{"taxonomy":"product_tag","embeddable":true,"href":"https:\/\/collection.galerie-gerdes.com\/sv\/wp-json\/wp\/v2\/product_tag?post=348"}],"curies":[{"name":"wp","href":"https:\/\/api.w.org\/{rel}","templated":true}]}}