{"id":4887,"date":"2024-04-04T23:12:49","date_gmt":"2024-04-04T21:12:49","guid":{"rendered":"https:\/\/collection.galerie-gerdes.com\/?post_type=product&#038;p=4887"},"modified":"2024-09-26T17:12:54","modified_gmt":"2024-09-26T15:12:54","slug":"portrat-adelheid-emanuel-geb-spier-coln-1862-gemalde-von-karl-rickelt","status":"publish","type":"product","link":"https:\/\/collection.galerie-gerdes.com\/sv\/p\/portrat-adelheid-emanuel-geb-spier-coln-1862-gemalde-von-karl-rickelt\/","title":{"rendered":"Portr\u00e4t Adelheid Emanuel (geb. Spier, C\u00f6ln 1862), Gem\u00e4lde von Karl RICKELT um 1900"},"content":{"rendered":"<p>Karl Rickelt wurde am 25. September 1857 in Lippstadt geboren und verstarb am 24. Januar 1944 in M\u00fcnchen. Er war ein deutscher Kunstmaler und Illustrator.<\/p>\n<p>Nach seiner ersten k\u00fcnstlerischen Ausbildung in Lippstadt und M\u00fcnster zog Rickelt im Jahr 1877 nach M\u00fcnchen, um dort die Kunstschule zu besuchen. Im April 1878 wurde er Sch\u00fcler von Ludwig von L\u00f6fftz an der Akademie der Bildenden K\u00fcnste. In den Eintr\u00e4gen des Matrikel-Buchs von 1878 der Akademie ist Karl Rickelt mit dem Eintrittsdatum 30. April 1878 verzeichnet. 1911 heiratete er Maria Lauff (1866\u20131949) in Berlin.<\/p>\n<p>Rickelt war Mitglied der M\u00fcnchner K\u00fcnstlergenossenschaft sowie des Reichsverbands Bildender K\u00fcnstler Deutschlands in Berlin. Er war bekannt f\u00fcr seine Genrebilder und Illustrationen. Rickelt wurde als der flei\u00dfigste und beliebteste &#8221;F\u00fchrer-Maler&#8221; bezeichnet. Zwischen 1923 und 1944 malte er 29 Portr\u00e4ts von Adolf Hitler in verschiedenen Posen. Als Anerkennung f\u00fcr seine Arbeit \u00fcberreichte ihm Gauleiter Paul Giesler 1942 die Goethe-Medaille f\u00fcr Kunst und Wissenschaft, die vom F\u00fchrer verliehen wurde. Ein weiteres Portr\u00e4t von Adolf Hitler, gemalt von Rickelt, wurde der Gemeinde Solln als Geschenk \u00fcberreicht, mit einem Schild am Rahmen, das den Text tr\u00e4gt: &#8221;Ehrengabe der Gemeinde Solln f\u00fcr Oberb\u00fcrgermeister Pg. Karl Fiehler anl\u00e4sslich der Eingemeindung von Solln in die Hauptstadt der Bewegung am 1.12.1938&#8221;.<\/p>\n<p>Seine Grabst\u00e4tte befindet sich auf dem K\u00f6lner Friedhof Melaten (Flur 42 Nr. 5).<\/p>\n","protected":false},"excerpt":{"rendered":"<p>Karl RICKELT (1857-1944)<\/p>\n","protected":false},"featured_media":4888,"template":"","meta":{"site-sidebar-layout":"default","site-content-layout":"","ast-site-content-layout":"default","site-content-style":"default","site-sidebar-style":"default","ast-global-header-display":"","ast-banner-title-visibility":"","ast-main-header-display":"","ast-hfb-above-header-display":"","ast-hfb-below-header-display":"","ast-hfb-mobile-header-display":"","site-post-title":"","ast-breadcrumbs-content":"","ast-featured-img":"","footer-sml-layout":"","ast-disable-related-posts":"","theme-transparent-header-meta":"default","adv-header-id-meta":"","stick-header-meta":"","header-above-stick-meta":"","header-main-stick-meta":"","header-below-stick-meta":"","astra-migrate-meta-layouts":"set","ast-page-background-enabled":"default","ast-page-background-meta":{"desktop":{"background-color":"var(--ast-global-color-4)","background-image":"","background-repeat":"repeat","background-position":"center center","background-size":"auto","background-attachment":"scroll","background-type":"","background-media":"","overlay-type":"","overlay-color":"","overlay-opacity":"","overlay-gradient":""},"tablet":{"background-color":"","background-image":"","background-repeat":"repeat","background-position":"center center","background-size":"auto","background-attachment":"scroll","background-type":"","background-media":"","overlay-type":"","overlay-color":"","overlay-opacity":"","overlay-gradient":""},"mobile":{"background-color":"","background-image":"","background-repeat":"repeat","background-position":"center center","background-size":"auto","background-attachment":"scroll","background-type":"","background-media":"","overlay-type":"","overlay-color":"","overlay-opacity":"","overlay-gradient":""}},"ast-content-background-meta":{"desktop":{"background-color":"var(--ast-global-color-5)","background-image":"","background-repeat":"repeat","background-position":"center center","background-size":"auto","background-attachment":"scroll","background-type":"","background-media":"","overlay-type":"","overlay-color":"","overlay-opacity":"","overlay-gradient":""},"tablet":{"background-color":"var(--ast-global-color-5)","background-image":"","background-repeat":"repeat","background-position":"center center","background-size":"auto","background-attachment":"scroll","background-type":"","background-media":"","overlay-type":"","overlay-color":"","overlay-opacity":"","overlay-gradient":""},"mobile":{"background-color":"var(--ast-global-color-5)","background-image":"","background-repeat":"repeat","background-position":"center center","background-size":"auto","background-attachment":"scroll","background-type":"","background-media":"","overlay-type":"","overlay-color":"","overlay-opacity":"","overlay-gradient":""}}},"product_brand":[],"product_cat":[53,52,25,179,308,267],"product_tag":[364,362,363,74,361,365],"class_list":{"0":"post-4887","1":"product","2":"type-product","3":"status-publish","4":"has-post-thumbnail","6":"product_cat-19th-century","7":"product_cat-20th-century","8":"product_cat-deutsch","9":"product_cat-gemaelde","10":"product_cat-karl-rickelt","11":"product_cat-oelgemaelde","12":"product_tag-art","13":"product_tag-gemalde","14":"product_tag-kunst","15":"product_tag-painting","16":"product_tag-peintures","17":"product_tag-pittura","18":"desktop-align-center","19":"tablet-align-left","20":"mobile-align-left","22":"first","23":"instock","24":"taxable","25":"shipping-taxable","26":"product-type-simple"},"_links":{"self":[{"href":"https:\/\/collection.galerie-gerdes.com\/sv\/wp-json\/wp\/v2\/product\/4887","targetHints":{"allow":["GET"]}}],"collection":[{"href":"https:\/\/collection.galerie-gerdes.com\/sv\/wp-json\/wp\/v2\/product"}],"about":[{"href":"https:\/\/collection.galerie-gerdes.com\/sv\/wp-json\/wp\/v2\/types\/product"}],"wp:featuredmedia":[{"embeddable":true,"href":"https:\/\/collection.galerie-gerdes.com\/sv\/wp-json\/wp\/v2\/media\/4888"}],"wp:attachment":[{"href":"https:\/\/collection.galerie-gerdes.com\/sv\/wp-json\/wp\/v2\/media?parent=4887"}],"wp:term":[{"taxonomy":"product_brand","embeddable":true,"href":"https:\/\/collection.galerie-gerdes.com\/sv\/wp-json\/wp\/v2\/product_brand?post=4887"},{"taxonomy":"product_cat","embeddable":true,"href":"https:\/\/collection.galerie-gerdes.com\/sv\/wp-json\/wp\/v2\/product_cat?post=4887"},{"taxonomy":"product_tag","embeddable":true,"href":"https:\/\/collection.galerie-gerdes.com\/sv\/wp-json\/wp\/v2\/product_tag?post=4887"}],"curies":[{"name":"wp","href":"https:\/\/api.w.org\/{rel}","templated":true}]}}