{"id":4929,"date":"2024-04-05T10:40:45","date_gmt":"2024-04-05T08:40:45","guid":{"rendered":"https:\/\/collection.galerie-gerdes.com\/?post_type=product&#038;p=4929"},"modified":"2024-04-24T14:01:10","modified_gmt":"2024-04-24T12:01:10","slug":"veitshochheimer-tor-gemalde-von-peter-emil-recher","status":"publish","type":"product","link":"https:\/\/collection.galerie-gerdes.com\/sv\/p\/veitshochheimer-tor-gemalde-von-peter-emil-recher\/","title":{"rendered":"Veitsh\u00f6chheimer Tor, Gem\u00e4lde von Peter Emil Recher"},"content":{"rendered":"<p>Peter Emil Recher wurde am 29. Juni 1879 in Heilbronn geboren und verstarb am 26. Mai 1948 in Urfeld. Er war ein renommierter deutscher Lithograf und Maler, dessen Werke vor allem von den Impressionisten beeinflusst waren und die majest\u00e4tische alpine Landschaft der Schweiz und Bayerns einfingen.<\/p>\n<p>Recher, Sohn eines Schweizers und einer Badenerin, absolvierte nach seinem Schulabschluss eine Ausbildung zum Lithografen. Anschlie\u00dfend studierte er ab 1904 an der Akademie der bildenden K\u00fcnste in Stuttgart. Seine Leidenschaft f\u00fcr die Kunst f\u00fchrte ihn auf Studienreisen durch verschiedene L\u00e4nder West- und S\u00fcdeuropas sowie Nordafrikas, bevor er sich schlie\u00dflich in Lissabon niederlie\u00df. Dort wurde er 1910 an der Escola Academica zum Professor ernannt.<\/p>\n<p>Nach drei Jahren kehrte Recher nach Deutschland zur\u00fcck und lie\u00df sich als freischaffender Maler in Urfeld am Walchensee nieder. Dort lernte er Hermine Kellermann kennen, die Tochter des Akademieprofessors und Hofpianisten Berthold Kellermann. Die beiden heirateten am 7. Juli 1914 und lebten von 1915 bis 1919 in M\u00fcnchen, bevor sie sich schlie\u00dflich in Feldbach am Z\u00fcrichsee niederlie\u00dfen.<\/p>\n","protected":false},"excerpt":{"rendered":"<p>Peter Emil Recher (1879-1948)<\/p>\n","protected":false},"featured_media":4937,"template":"","meta":{"site-sidebar-layout":"default","site-content-layout":"","ast-site-content-layout":"default","site-content-style":"default","site-sidebar-style":"default","ast-global-header-display":"","ast-banner-title-visibility":"","ast-main-header-display":"","ast-hfb-above-header-display":"","ast-hfb-below-header-display":"","ast-hfb-mobile-header-display":"","site-post-title":"","ast-breadcrumbs-content":"","ast-featured-img":"","footer-sml-layout":"","ast-disable-related-posts":"","theme-transparent-header-meta":"default","adv-header-id-meta":"","stick-header-meta":"","header-above-stick-meta":"","header-main-stick-meta":"","header-below-stick-meta":"","astra-migrate-meta-layouts":"set","ast-page-background-enabled":"default","ast-page-background-meta":{"desktop":{"background-color":"var(--ast-global-color-4)","background-image":"","background-repeat":"repeat","background-position":"center center","background-size":"auto","background-attachment":"scroll","background-type":"","background-media":"","overlay-type":"","overlay-color":"","overlay-opacity":"","overlay-gradient":""},"tablet":{"background-color":"","background-image":"","background-repeat":"repeat","background-position":"center center","background-size":"auto","background-attachment":"scroll","background-type":"","background-media":"","overlay-type":"","overlay-color":"","overlay-opacity":"","overlay-gradient":""},"mobile":{"background-color":"","background-image":"","background-repeat":"repeat","background-position":"center center","background-size":"auto","background-attachment":"scroll","background-type":"","background-media":"","overlay-type":"","overlay-color":"","overlay-opacity":"","overlay-gradient":""}},"ast-content-background-meta":{"desktop":{"background-color":"var(--ast-global-color-5)","background-image":"","background-repeat":"repeat","background-position":"center center","background-size":"auto","background-attachment":"scroll","background-type":"","background-media":"","overlay-type":"","overlay-color":"","overlay-opacity":"","overlay-gradient":""},"tablet":{"background-color":"var(--ast-global-color-5)","background-image":"","background-repeat":"repeat","background-position":"center center","background-size":"auto","background-attachment":"scroll","background-type":"","background-media":"","overlay-type":"","overlay-color":"","overlay-opacity":"","overlay-gradient":""},"mobile":{"background-color":"var(--ast-global-color-5)","background-image":"","background-repeat":"repeat","background-position":"center center","background-size":"auto","background-attachment":"scroll","background-type":"","background-media":"","overlay-type":"","overlay-color":"","overlay-opacity":"","overlay-gradient":""}}},"product_brand":[],"product_cat":[52,25,179,267,312],"product_tag":[364,362,363,74,361,365],"class_list":{"0":"post-4929","1":"product","2":"type-product","3":"status-publish","4":"has-post-thumbnail","6":"product_cat-20th-century","7":"product_cat-deutsch","8":"product_cat-gemaelde","9":"product_cat-oelgemaelde","10":"product_cat-peter-emil-recher","11":"product_tag-art","12":"product_tag-gemalde","13":"product_tag-kunst","14":"product_tag-painting","15":"product_tag-peintures","16":"product_tag-pittura","17":"desktop-align-center","18":"tablet-align-left","19":"mobile-align-left","21":"first","22":"instock","23":"taxable","24":"shipping-taxable","25":"product-type-simple"},"_links":{"self":[{"href":"https:\/\/collection.galerie-gerdes.com\/sv\/wp-json\/wp\/v2\/product\/4929","targetHints":{"allow":["GET"]}}],"collection":[{"href":"https:\/\/collection.galerie-gerdes.com\/sv\/wp-json\/wp\/v2\/product"}],"about":[{"href":"https:\/\/collection.galerie-gerdes.com\/sv\/wp-json\/wp\/v2\/types\/product"}],"wp:featuredmedia":[{"embeddable":true,"href":"https:\/\/collection.galerie-gerdes.com\/sv\/wp-json\/wp\/v2\/media\/4937"}],"wp:attachment":[{"href":"https:\/\/collection.galerie-gerdes.com\/sv\/wp-json\/wp\/v2\/media?parent=4929"}],"wp:term":[{"taxonomy":"product_brand","embeddable":true,"href":"https:\/\/collection.galerie-gerdes.com\/sv\/wp-json\/wp\/v2\/product_brand?post=4929"},{"taxonomy":"product_cat","embeddable":true,"href":"https:\/\/collection.galerie-gerdes.com\/sv\/wp-json\/wp\/v2\/product_cat?post=4929"},{"taxonomy":"product_tag","embeddable":true,"href":"https:\/\/collection.galerie-gerdes.com\/sv\/wp-json\/wp\/v2\/product_tag?post=4929"}],"curies":[{"name":"wp","href":"https:\/\/api.w.org\/{rel}","templated":true}]}}